{"id":1346,"date":"2023-06-29T21:26:35","date_gmt":"2023-06-29T19:26:35","guid":{"rendered":"https:\/\/www.protexonline.com\/gewebe\/hochfeste-gewebe\/"},"modified":"2026-04-16T13:58:57","modified_gmt":"2026-04-16T11:58:57","slug":"hochfeste-gewebe","status":"publish","type":"page","link":"https:\/\/www.protexonline.com\/de\/gewebe\/hochfeste-gewebe\/","title":{"rendered":"Hochfeste Gewebe"},"content":{"rendered":"\n\t<section class=\"section\" id=\"section_1117329713\">\n\t\t<div class=\"section-bg fill\" >\n\t\t\t\t\t\t\t\t\t\n\t\t\t\n\n\t\t<\/div>\n\n\t\t\n\n\t\t<div class=\"section-content relative\">\n\t\t\t\n<div class=\"row\"  id=\"row-851910601\">\n\n\t<div id=\"col-1899810812\" class=\"col small-12 large-12\"  >\n\t\t\t\t<div class=\"col-inner\"  >\n\t\t\t\n\t\t\t\n\n  <div class=\"banner has-hover\" id=\"banner-2129258079\">\n          <div class=\"banner-inner fill\">\n        <div class=\"banner-bg fill\" >\n            <img loading=\"lazy\" decoding=\"async\" width=\"1920\" height=\"1080\" src=\"https:\/\/www.protexonline.com\/wp-content\/uploads\/2026\/04\/ht_fabrics_by_protex.webp\" class=\"bg attachment-original size-original\" alt=\"ht_fabrics_by_protex\" \/>                                    \n                    <\/div>\n\t\t\n        <div class=\"banner-layers container\">\n            <div class=\"fill banner-link\"><\/div>            \n   <div id=\"text-box-1129871522\" class=\"text-box banner-layer x95 md-x95 lg-x95 y95 md-y90 lg-y90 res-text\">\n                                <div class=\"text-box-content text box-shadow-1\">\n              \n              <div class=\"text-inner text-left\">\n                  \n<h4 class=\"alt-font\">Gewebte Perfektion<\/h4>\n<h2 class=\"uppercase\">HOCHFESTE GEWEBE AUS FEINSTEN GARNEN<\/h2>\n<p><span style=\"font-size: 120%;\">Wir bieten hochwertige Gewebe aus hochfesten Garnen, produziert auf modernsten Maschinen.<\/span><\/p>\n              <\/div>\n           <\/div>\n                            \n<style>\n#text-box-1129871522 .text-box-content {\n  background-color: rgba(255, 255, 255, 0.94);\n  font-size: 100%;\n}\n#text-box-1129871522 .text-inner {\n  padding: 30px 30px 30px 30px;\n}\n#text-box-1129871522 {\n  width: 90%;\n}\n@media (min-width:550px) {\n  #text-box-1129871522 {\n    width: 43%;\n  }\n}\n<\/style>\n    <\/div>\n \n        <\/div>\n      <\/div>\n\n            \n<style>\n#banner-2129258079 {\n  padding-top: 637px;\n}\n#banner-2129258079 .banner-bg img {\n  object-position: 76% 68%;\n}\n<\/style>\n  <\/div>\n\n\n\t<div id=\"gap-629476202\" class=\"gap-element clearfix\" style=\"display:block; height:auto;\">\n\t\t\n<style>\n#gap-629476202 {\n  padding-top: 30px;\n}\n<\/style>\n\t<\/div>\n\t\n\t\t<\/div>\n\t\t\t\t\t<\/div>\n\n\t\n<\/div>\n\t\t<\/div>\n\n\t\t\n<style>\n#section_1117329713 {\n  padding-top: 0px;\n  padding-bottom: 0px;\n}\n<\/style>\n\t<\/section>\n\t\n\n\t<section class=\"section\" id=\"section_1037237275\">\n\t\t<div class=\"section-bg fill\" >\n\t\t\t\t\t\t\t\t\t\n\t\t\t\n\n\t\t<\/div>\n\n\t\t\n\n\t\t<div class=\"section-content relative\">\n\t\t\t\n<div class=\"row\"  id=\"row-1696156680\">\n\n\t<div id=\"col-443258929\" class=\"col small-12 large-12\"  >\n\t\t\t\t<div class=\"col-inner\"  >\n\t\t\t\n\t\t\t\n<div class=\"container section-title-container\" ><h1 class=\"section-title section-title-center\"><b aria-hidden=\"true\"><\/b><span class=\"section-title-main\" >unsere hochfesten Gewebe<\/span><b aria-hidden=\"true\"><\/b><\/h1><\/div>\n<div class=\"row\"  id=\"row-1511360393\">\n\n\t<div id=\"col-722099052\" class=\"col medium-4 small-12 large-4\"  >\n\t\t\t\t<div class=\"col-inner text-center box-shadow-3-hover dark\" style=\"background-color:rgb(183, 157, 114);\" >\n\t\t\t\n\t\t\t\n\t<div class=\"img has-hover x md-x lg-x y md-y lg-y\" id=\"image_50685568\">\n\t\t\t\t\t\t\t\t<div class=\"img-inner image-cover dark\" style=\"padding-top:100%;\">\n\t\t\t<img decoding=\"async\" src=\"https:\/\/www.protexonline.com\/wp-content\/uploads\/2025\/10\/protex-high-tenacity-yarn4.svg\" class=\"attachment-original size-original\" alt=\"\" \/>\t\t\t\t\t\t\n\t\t\t\t\t<\/div>\n\t\t\t\t\t\t\t\t\n<style>\n#image_50685568 {\n  width: 60%;\n}\n<\/style>\n\t<\/div>\n\t\n<div class=\"row\"  id=\"row-765887980\">\n\n\t<div id=\"col-871127642\" class=\"col small-12 large-12\"  >\n\t\t\t\t<div class=\"col-inner\"  >\n\t\t\t\n\t\t\t\n<h2 class=\"fusion-title-heading title-heading-left fusion-responsive-typography-calculated uppercase\" style=\"text-align: left;\"><span style=\"font-size: 130%;\">HOCHFESTES GEWEBE<\/span><\/h2>\n\t\t<\/div>\n\t\t\t\t\t<\/div>\n\n\t\n\n<style>\n#row-765887980 > .col > .col-inner {\n  padding: 0px 20px 0px 20px;\n}\n<\/style>\n<\/div>\n<div class=\"accordion\">\n\t<div id=\"accordion-3987198465\" class=\"accordion-item\">\n\t\t<a id=\"accordion-3987198465-label\" class=\"accordion-title plain\" href=\"#accordion-item-details-anzeigen\" aria-expanded=\"false\" aria-controls=\"accordion-3987198465-content\">\n\t\t\t<button class=\"toggle\" aria-label=\"Umschalten\"><i class=\"icon-angle-down\" aria-hidden=\"true\"><\/i><\/button>\n\t\t\t<span>DETAILS ANZEIGEN<\/span>\n\t\t<\/a>\n\t\t<div id=\"accordion-3987198465-content\" class=\"accordion-inner\" aria-labelledby=\"accordion-3987198465-label\">\n\t\t\t\n\t<div id=\"text-2687588285\" class=\"text\">\n\t\t\n<ul>\n<li class=\"bullet-checkmark\" style=\"text-align: left;\"><span style=\"font-size: 100%; color: #ffffff;\">Dtex: <strong>250 \u2013 9000<\/strong> <\/span><\/li>\n<\/ul>\n\t\t\n<style>\n#text-2687588285 {\n  text-align: left;\n}\n<\/style>\n\t<\/div>\n\t\n<p style=\"text-align: left;\"><span style=\"font-size: 100%;\"><strong>HAUPTANWENDUNGEN<\/strong><\/span><\/p>\n<p style=\"text-align: left;\"><span style=\"font-size: 100%;\">Beschichtungen<\/span><\/p>\n\t\t<\/div>\n\t<\/div>\n\t\n<\/div>\n\t<div id=\"gap-937984732\" class=\"gap-element clearfix\" style=\"display:block; height:auto;\">\n\t\t\n<style>\n#gap-937984732 {\n  padding-top: 30px;\n}\n<\/style>\n\t<\/div>\n\t\n\t\t<\/div>\n\t\t\t\t\n<style>\n#col-722099052 > .col-inner {\n  max-width: 100%;\n}\n<\/style>\n\t<\/div>\n\n\t\n\n\t<div id=\"col-680377113\" class=\"col medium-4 small-12 large-4\"  >\n\t\t\t\t<div class=\"col-inner text-center box-shadow-3-hover dark\" style=\"background-color:rgb(183, 157, 114);\" >\n\t\t\t\n\t<div class=\"is-border\"\n\t\tstyle=\"border-color:rgb(31, 52, 94);border-width:10px 10px 10px 10px;\">\n\t<\/div>\n\t\t\t\n\t<div class=\"img has-hover x md-x lg-x y md-y lg-y\" id=\"image_230384430\">\n\t\t\t\t\t\t\t\t<div class=\"img-inner image-cover dark\" style=\"padding-top:100%;\">\n\t\t\t<img decoding=\"async\" src=\"https:\/\/www.protexonline.com\/wp-content\/uploads\/2025\/10\/protex-high-tenacity-yarn4.svg\" class=\"attachment-original size-original\" alt=\"\" \/>\t\t\t\t\t\t\n\t\t\t\t\t<\/div>\n\t\t\t\t\t\t\t\t\n<style>\n#image_230384430 {\n  width: 60%;\n}\n<\/style>\n\t<\/div>\n\t\n<div class=\"row\"  id=\"row-1743945767\">\n\n\t<div id=\"col-607673235\" class=\"col small-12 large-12\"  >\n\t\t\t\t<div class=\"col-inner\"  >\n\t\t\t\n\t\t\t\n<h1 class=\"fusion-title-heading title-heading-left fusion-responsive-typography-calculated\" style=\"text-align: left;\"><span style=\"font-size: 130%; color: #ffffff;\">HOCHFESTE GEWEBE-CUSTOM<\/span><\/h1>\n<h3 class=\"alt-font\" style=\"text-align: left;\">Ma\u00dfgefertigtes hochfestes Gewebe nach Ihren Spezifikationen<\/h3>\n\t\t<\/div>\n\t\t\t\t\t<\/div>\n\n\t\n\n<style>\n#row-1743945767 > .col > .col-inner {\n  padding: 0px 20px 0px 20px;\n}\n<\/style>\n<\/div>\n<a data-animate=\"flipInX\" class=\"button primary box-shadow-2-hover\" >\n\t\t<span>weitere Informationen<\/span>\n\t<\/a>\n\n\t<div id=\"gap-738090194\" class=\"gap-element clearfix\" style=\"display:block; height:auto;\">\n\t\t\n<style>\n#gap-738090194 {\n  padding-top: 30px;\n}\n<\/style>\n\t<\/div>\n\t\n\t\t<\/div>\n\t\t\t\t\n<style>\n#col-680377113 > .col-inner {\n  max-width: 100%;\n}\n<\/style>\n\t<\/div>\n\n\t\n<\/div>\n\t\t<\/div>\n\t\t\t\t\t<\/div>\n\n\t\n<\/div>\n\t\t<\/div>\n\n\t\t\n<style>\n#section_1037237275 {\n  padding-top: 0px;\n  padding-bottom: 0px;\n}\n<\/style>\n\t<\/section>\n\t\n\n\t<section class=\"section\" id=\"section_524208384\">\n\t\t<div class=\"section-bg fill\" >\n\t\t\t\t\t\t\t\t\t\n\t\t\t\n\n\t\t<\/div>\n\n\t\t\n\n\t\t<div class=\"section-content relative\">\n\t\t\t\n<div class=\"row\"  id=\"row-71456871\">\n\n\t<div id=\"col-1286676003\" class=\"col small-12 large-12\"  >\n\t\t\t\t<div class=\"col-inner\"  >\n\t\t\t\n\t\t\t\n<div class=\"message-box relative dark\" style=\"padding-top:100px;padding-bottom:100px;\"><div class=\"message-box-bg-image bg-fill fill\" ><\/div><div class=\"message-box-bg-overlay bg-fill fill\" style=\"background-color:rgb(31, 52, 94);\"><\/div><div class=\"container relative\"><div class=\"inner last-reset\">\n<div class=\"row align-middle\"  id=\"row-1398970115\">\n\n\t<div id=\"col-1722215244\" class=\"col medium-2 small-12 large-2\"  >\n\t\t\t\t<div class=\"col-inner\"  >\n\t\t\t\n\t\t\t\n\t\t<\/div>\n\t\t\t\t\t<\/div>\n\n\t\n\n\t<div id=\"col-1660890639\" class=\"col medium-8 small-12 large-8\"  >\n\t\t\t\t<div class=\"col-inner\"  >\n\t\t\t\n\t\t\t\n<h2 class=\"uppercase\">Sie brauchen etwas anderes? Wir haben die L\u00f6sung.<\/h2>\n<p>Ben\u00f6tigen Sie ein spezielles Polyestergewebe, das hier nicht aufgef\u00fchrt ist? Kein Problem. Aufgrund unserer eigenen F&amp;E-Abteilung k\u00f6nnen wir ganz sicher auch ungew\u00f6hnliche Anforderungen erf\u00fcllen.<\/p>\n\t<div id=\"gap-1669651215\" class=\"gap-element clearfix\" style=\"display:block; height:auto;\">\n\t\t\n<style>\n#gap-1669651215 {\n  padding-top: 10px;\n}\n<\/style>\n\t<\/div>\n\t\n\t<div id=\"gap-206423528\" class=\"gap-element clearfix\" style=\"display:block; height:auto;\">\n\t\t\n<style>\n#gap-206423528 {\n  padding-top: 15px;\n}\n<\/style>\n\t<\/div>\n\t\n\n<div class=\"wpcf7 no-js\" id=\"wpcf7-f2092-o1\" lang=\"en-US\" dir=\"ltr\" data-wpcf7-id=\"2092\">\n<div class=\"screen-reader-response\"><p role=\"status\" aria-live=\"polite\" aria-atomic=\"true\"><\/p> <ul><\/ul><\/div>\n<form action=\"\/de\/wp-json\/wp\/v2\/pages\/1346#wpcf7-f2092-o1\" method=\"post\" class=\"wpcf7-form init\" aria-label=\"Contact form\" novalidate=\"novalidate\" data-status=\"init\">\n<fieldset class=\"hidden-fields-container\"><input type=\"hidden\" name=\"_wpcf7\" value=\"2092\" \/><input type=\"hidden\" name=\"_wpcf7_version\" value=\"6.1.5\" \/><input type=\"hidden\" name=\"_wpcf7_locale\" value=\"en_US\" \/><input type=\"hidden\" name=\"_wpcf7_unit_tag\" value=\"wpcf7-f2092-o1\" \/><input type=\"hidden\" name=\"_wpcf7_container_post\" value=\"0\" \/><input type=\"hidden\" name=\"_wpcf7_posted_data_hash\" value=\"\" \/>\n<\/fieldset>\n<div class=\"flex-row form-flat medium-flex-wrap\">\n\t<div class=\"flex-col flex-grow\">\n\t\t<p><span class=\"wpcf7-form-control-wrap\" data-name=\"your-email\"><input size=\"40\" maxlength=\"400\" class=\"wpcf7-form-control wpcf7-email wpcf7-validates-as-required wpcf7-text wpcf7-validates-as-email\" aria-required=\"true\" aria-invalid=\"false\" placeholder=\"Your Email\" value=\"\" type=\"email\" name=\"your-email\" \/><\/span>\n\t\t<\/p>\n\t<\/div>\n\t<div class=\"flex-col ml-half\">\n\t\t<p><input class=\"wpcf7-form-control wpcf7-submit has-spinner button\" type=\"submit\" value=\"Send\" \/>\n\t\t<\/p>\n\t<\/div>\n<\/div><div class=\"wpcf7-response-output\" aria-hidden=\"true\"><\/div>\n<\/form>\n<\/div>\n\n\t\t<\/div>\n\t\t\t\t\t<\/div>\n\n\t\n\n\t<div id=\"col-1072487283\" class=\"col medium-2 small-12 large-2\"  >\n\t\t\t\t<div class=\"col-inner\"  >\n\t\t\t\n\t\t\t\n\t\t<\/div>\n\t\t\t\t\t<\/div>\n\n\t\n<\/div>\n<\/div><\/div><\/div>\n\t<div id=\"gap-109088140\" class=\"gap-element clearfix\" style=\"display:block; height:auto;\">\n\t\t\n<style>\n#gap-109088140 {\n  padding-top: 30px;\n}\n<\/style>\n\t<\/div>\n\t\n\t\t<\/div>\n\t\t\t\t\t<\/div>\n\n\t\n<\/div>\n\t\t<\/div>\n\n\t\t\n<style>\n#section_524208384 {\n  padding-top: 0px;\n  padding-bottom: 0px;\n}\n<\/style>\n\t<\/section>\n\t\n\t<div id=\"gap-1803958781\" class=\"gap-element clearfix\" style=\"display:block; height:auto;\">\n\t\t\n<style>\n#gap-1803958781 {\n  padding-top: 50px;\n}\n<\/style>\n\t<\/div>\n\t\n","protected":false},"excerpt":{"rendered":"","protected":false},"author":1,"featured_media":0,"parent":1343,"menu_order":0,"comment_status":"closed","ping_status":"open","template":"page-blank.php","meta":{"_seopress_robots_primary_cat":"","_seopress_titles_title":"","_seopress_titles_desc":"","_seopress_robots_index":"","footnotes":""},"class_list":["post-1346","page","type-page","status-publish","hentry"],"_links":{"self":[{"href":"https:\/\/www.protexonline.com\/de\/wp-json\/wp\/v2\/pages\/1346","targetHints":{"allow":["GET"]}}],"collection":[{"href":"https:\/\/www.protexonline.com\/de\/wp-json\/wp\/v2\/pages"}],"about":[{"href":"https:\/\/www.protexonline.com\/de\/wp-json\/wp\/v2\/types\/page"}],"author":[{"embeddable":true,"href":"https:\/\/www.protexonline.com\/de\/wp-json\/wp\/v2\/users\/1"}],"replies":[{"embeddable":true,"href":"https:\/\/www.protexonline.com\/de\/wp-json\/wp\/v2\/comments?post=1346"}],"version-history":[{"count":5,"href":"https:\/\/www.protexonline.com\/de\/wp-json\/wp\/v2\/pages\/1346\/revisions"}],"predecessor-version":[{"id":3093,"href":"https:\/\/www.protexonline.com\/de\/wp-json\/wp\/v2\/pages\/1346\/revisions\/3093"}],"up":[{"embeddable":true,"href":"https:\/\/www.protexonline.com\/de\/wp-json\/wp\/v2\/pages\/1343"}],"wp:attachment":[{"href":"https:\/\/www.protexonline.com\/de\/wp-json\/wp\/v2\/media?parent=1346"}],"curies":[{"name":"wp","href":"https:\/\/api.w.org\/{rel}","templated":true}]}}