{"id":1358,"date":"2023-06-29T22:34:44","date_gmt":"2023-06-29T20:34:44","guid":{"rendered":"https:\/\/www.protexonline.com\/hochfeste-garne\/para-aramid-garn\/"},"modified":"2026-04-16T12:33:58","modified_gmt":"2026-04-16T10:33:58","slug":"para-aramid-garn","status":"publish","type":"page","link":"https:\/\/www.protexonline.com\/de\/hochfeste-garne\/para-aramid-garn\/","title":{"rendered":"Para-Aramid Garn"},"content":{"rendered":"\n\t<section class=\"section\" id=\"section_1943922535\">\n\t\t<div class=\"section-bg fill\" >\n\t\t\t\t\t\t\t\t\t\n\t\t\t\n\n\t\t<\/div>\n\n\t\t\n\n\t\t<div class=\"section-content relative\">\n\t\t\t\n<div class=\"row\"  id=\"row-1548942983\">\n\n\t<div id=\"col-1281783724\" class=\"col small-12 large-12\"  >\n\t\t\t\t<div class=\"col-inner\"  >\n\t\t\t\n\t\t\t\n\n  <div class=\"banner has-hover\" id=\"banner-726918739\">\n          <div class=\"banner-inner fill\">\n        <div class=\"banner-bg fill\" >\n            <img loading=\"lazy\" decoding=\"async\" width=\"1920\" height=\"1080\" src=\"https:\/\/www.protexonline.com\/wp-content\/uploads\/2026\/01\/gelbe-spulen-kunstwerk2_hp.webp\" class=\"bg attachment-original size-original\" alt=\"gelbe-spulen-kunstwerk\" \/>                                    \n                    <\/div>\n\t\t\n        <div class=\"banner-layers container\">\n            <div class=\"fill banner-link\"><\/div>            \n   <div id=\"text-box-22785654\" class=\"text-box banner-layer x95 md-x95 lg-x95 y95 md-y95 lg-y95 res-text\">\n                                <div class=\"text-box-content text box-shadow-1\">\n              \n              <div class=\"text-inner text-left\">\n                  \n<h4 class=\"alt-font\">Multifilamentgarne<\/h4>\n<h2 class=\"uppercase\">PARA-ARAMID-Garn<\/h2>\n<p><span lang=\"EN-GB\" style=\"font-size: 130%;\">Para-Aramid-Garne zeichnen sich besonders durch extrem hohe Festigkeit, hohe Temperaturbest\u00e4ndigkeit, geringen Schrumpf und geringe Dehnung aus.<\/span><\/p>\n              <\/div>\n           <\/div>\n                            \n<style>\n#text-box-22785654 .text-box-content {\n  background-color: rgba(255, 255, 255, 0.94);\n  font-size: 100%;\n}\n#text-box-22785654 .text-inner {\n  padding: 30px 30px 30px 30px;\n}\n#text-box-22785654 {\n  width: 90%;\n}\n@media (min-width:550px) {\n  #text-box-22785654 {\n    width: 49%;\n  }\n}\n<\/style>\n    <\/div>\n \n        <\/div>\n      <\/div>\n\n            \n<style>\n#banner-726918739 {\n  padding-top: 637px;\n}\n#banner-726918739 .banner-bg img {\n  object-position: 62% 60%;\n}\n<\/style>\n  <\/div>\n\n\n\t<div id=\"gap-435067401\" class=\"gap-element clearfix\" style=\"display:block; height:auto;\">\n\t\t\n<style>\n#gap-435067401 {\n  padding-top: 30px;\n}\n<\/style>\n\t<\/div>\n\t\n\t\t<\/div>\n\t\t\t\t\t<\/div>\n\n\t\n<\/div>\n\t\t<\/div>\n\n\t\t\n<style>\n#section_1943922535 {\n  padding-top: 0px;\n  padding-bottom: 0px;\n}\n<\/style>\n\t<\/section>\n\t\n\n\t<section class=\"section\" id=\"section_1442969579\">\n\t\t<div class=\"section-bg fill\" >\n\t\t\t\t\t\t\t\t\t\n\t\t\t\n\n\t\t<\/div>\n\n\t\t\n\n\t\t<div class=\"section-content relative\">\n\t\t\t\n<div class=\"row\"  id=\"row-1941066675\">\n\n\t<div id=\"col-1982872486\" class=\"col small-12 large-12\"  >\n\t\t\t\t<div class=\"col-inner\"  >\n\t\t\t\n\t\t\t\n<div class=\"container section-title-container\" ><h1 class=\"section-title section-title-center\"><b aria-hidden=\"true\"><\/b><span class=\"section-title-main\" >unsere Para-Aramid-Garne<\/span><b aria-hidden=\"true\"><\/b><\/h1><\/div>\n<div class=\"row\"  id=\"row-2132928069\">\n\n\t<div id=\"col-82915423\" class=\"col medium-4 small-12 large-4\"  >\n\t\t\t\t<div class=\"col-inner text-center box-shadow-3-hover dark\" style=\"background-color:rgb(31, 83, 94);\" >\n\t\t\t\n\t\t\t\n\t<div class=\"img has-hover x md-x lg-x y md-y lg-y\" id=\"image_1409992478\">\n\t\t\t\t\t\t\t\t<div class=\"img-inner image-cover dark\" style=\"padding-top:100%;\">\n\t\t\t<img decoding=\"async\" src=\"https:\/\/www.protexonline.com\/wp-content\/uploads\/2025\/10\/protex-high-tenacity-yarn3.svg\" class=\"attachment-original size-original\" alt=\"\" \/>\t\t\t\t\t\t\n\t\t\t\t\t<\/div>\n\t\t\t\t\t\t\t\t\n<style>\n#image_1409992478 {\n  width: 60%;\n}\n<\/style>\n\t<\/div>\n\t\n<div class=\"row\"  id=\"row-1717152031\">\n\n\t<div id=\"col-1365721030\" class=\"col small-12 large-12\"  >\n\t\t\t\t<div class=\"col-inner\"  >\n\t\t\t\n\t\t\t\n<h1 class=\"fusion-title-heading title-heading-left fusion-responsive-typography-calculated\" style=\"text-align: left;\"><span style=\"font-size: 130%;\">TAPARAN<span style=\"font-size: 75%;\">\u00ae<\/span><\/span><\/h1>\n<h3 class=\"alt-font\" style=\"text-align: left;\">Para-Aramid Garn Typ 529S<\/h3>\n\t\t<\/div>\n\t\t\t\t\t<\/div>\n\n\t\n\n<style>\n#row-1717152031 > .col > .col-inner {\n  padding: 0px 20px 0px 20px;\n}\n<\/style>\n<\/div>\n<div class=\"accordion\">\n\t<div id=\"accordion-1374683466\" class=\"accordion-item\">\n\t\t<a id=\"accordion-1374683466-label\" class=\"accordion-title plain\" href=\"#accordion-item-details-anzeigen\" aria-expanded=\"false\" aria-controls=\"accordion-1374683466-content\">\n\t\t\t<button class=\"toggle\" aria-label=\"Umschalten\"><i class=\"icon-angle-down\" aria-hidden=\"true\"><\/i><\/button>\n\t\t\t<span>DETAILS ANZEIGEN<\/span>\n\t\t<\/a>\n\t\t<div id=\"accordion-1374683466-content\" class=\"accordion-inner\" aria-labelledby=\"accordion-1374683466-label\">\n\t\t\t\n\t<div id=\"text-2991889735\" class=\"text\">\n\t\t\n<ul>\n<li class=\"bullet-checkmark\">Lineardichte (Bereich):<strong> 144 &#8211; 3330 dtex<\/strong><\/li>\n<li class=\"bullet-checkmark\">Anzahl der Filamente:<strong> 87 &#8211; 1333<\/strong><\/li>\n<li class=\"bullet-checkmark\">Bruchdehnung (Bereich):<strong> 3,5% \u00b1 1<\/strong><\/li>\n<li class=\"bullet-checkmark\">Rei\u00dffestigkeit:<strong> \u2265 18,5 cN\/dtex<\/strong><\/li>\n<\/ul>\n\t\t\n<style>\n#text-2991889735 {\n  text-align: left;\n}\n<\/style>\n\t<\/div>\n\t\n<p style=\"text-align: left;\"><span style=\"font-size: 100%;\"><strong>HAUPTANWENDUNGEN<\/strong><\/span><\/p>\n<p style=\"text-align: left;\">Schutzkleidung, Schnittschutz, Luft- und Raumfahrt, Weben, Plane, Schmalgurtband, Schl\u00e4uche<\/p>\n\t\t<\/div>\n\t<\/div>\n\t\n<\/div>\n\t<div id=\"gap-1510874078\" class=\"gap-element clearfix\" style=\"display:block; height:auto;\">\n\t\t\n<style>\n#gap-1510874078 {\n  padding-top: 30px;\n}\n<\/style>\n\t<\/div>\n\t\n\t\t<\/div>\n\t\t\t\t\n<style>\n#col-82915423 > .col-inner {\n  max-width: 100%;\n}\n<\/style>\n\t<\/div>\n\n\t\n\n\t<div id=\"col-727877494\" class=\"col medium-4 small-12 large-4\"  >\n\t\t\t\t<div class=\"col-inner text-center box-shadow-3-hover dark\" style=\"background-color:rgb(31, 83, 94);\" >\n\t\t\t\n\t\t\t\n\t<div class=\"img has-hover x md-x lg-x y md-y lg-y\" id=\"image_1400920189\">\n\t\t\t\t\t\t\t\t<div class=\"img-inner image-cover dark\" style=\"padding-top:100%;\">\n\t\t\t<img decoding=\"async\" src=\"https:\/\/www.protexonline.com\/wp-content\/uploads\/2025\/10\/protex-high-tenacity-yarn3.svg\" class=\"attachment-original size-original\" alt=\"\" \/>\t\t\t\t\t\t\n\t\t\t\t\t<\/div>\n\t\t\t\t\t\t\t\t\n<style>\n#image_1400920189 {\n  width: 60%;\n}\n<\/style>\n\t<\/div>\n\t\n<div class=\"row\"  id=\"row-2022978515\">\n\n\t<div id=\"col-2009000638\" class=\"col small-12 large-12\"  >\n\t\t\t\t<div class=\"col-inner\"  >\n\t\t\t\n\t\t\t\n<h1 class=\"fusion-title-heading title-heading-left fusion-responsive-typography-calculated\" style=\"text-align: left;\"><span style=\"font-size: 130%; color: #ffffff;\">PPTA <strong><span style=\"color: #000000;\">C<\/span><span style=\"color: #ed1c24;\">O<\/span><span style=\"color: #339966;\">L<\/span><span style=\"color: #000080;\">O<\/span><span style=\"color: #ff6600;\">R<\/span><span style=\"color: #000000;\">E<\/span><span style=\"color: #ed1c24;\">D<\/span><\/strong><\/span><\/h1>\n<h3 class=\"alt-font\" style=\"text-align: left;\">Para-Aramid Garn Typ 529S DURCHGEF\u00c4RBT<\/h3>\n\t\t<\/div>\n\t\t\t\t\t<\/div>\n\n\t\n\n<style>\n#row-2022978515 > .col > .col-inner {\n  padding: 0px 20px 0px 20px;\n}\n<\/style>\n<\/div>\n<div class=\"accordion\">\n\t<div id=\"accordion-1799944831\" class=\"accordion-item\">\n\t\t<a id=\"accordion-1799944831-label\" class=\"accordion-title plain\" href=\"#accordion-item-details-anzeigen\" aria-expanded=\"false\" aria-controls=\"accordion-1799944831-content\">\n\t\t\t<button class=\"toggle\" aria-label=\"Umschalten\"><i class=\"icon-angle-down\" aria-hidden=\"true\"><\/i><\/button>\n\t\t\t<span>DETAILS ANZEIGEN<\/span>\n\t\t<\/a>\n\t\t<div id=\"accordion-1799944831-content\" class=\"accordion-inner\" aria-labelledby=\"accordion-1799944831-label\">\n\t\t\t\n\t<div id=\"text-1581213072\" class=\"text\">\n\t\t\n<ul>\n<li class=\"bullet-checkmark\">Lineardichte (Bereich):<strong> 660 &#8211; 1670 dtex<\/strong><\/li>\n<li class=\"bullet-checkmark\">Anzahl der Filamente:<strong> 400 &#8211; 1000<\/strong><\/li>\n<li class=\"bullet-checkmark\">Bruchdehnung (Bereich):<strong> 3,5% \u00b1 1<\/strong><\/li>\n<li class=\"bullet-checkmark\">Rei\u00dffestigkeit:<strong> \u2265 18 cN\/dtex<\/strong><\/li>\n<li class=\"bullet-checkmark\">Verf\u00fcgbare Farben: <strong>Schwarz, Rot, Gr\u00fcn, Marineblau &amp; Orangerot<\/strong><\/li>\n<\/ul>\n\t\t\n<style>\n#text-1581213072 {\n  text-align: left;\n}\n<\/style>\n\t<\/div>\n\t\n<p style=\"text-align: left;\"><span style=\"font-size: 100%;\"><strong>HAUPTANWENDUNGEN<\/strong><\/span><\/p>\n<p style=\"text-align: left;\">Schutzkleidung, Schnittschutz, Luft- und Raumfahrt, Weben, Plane, Schmalgurtband, Schl\u00e4uche<\/p>\n\t\t<\/div>\n\t<\/div>\n\t\n<\/div>\n\t<div id=\"gap-1017720710\" class=\"gap-element clearfix\" style=\"display:block; height:auto;\">\n\t\t\n<style>\n#gap-1017720710 {\n  padding-top: 30px;\n}\n<\/style>\n\t<\/div>\n\t\n\t\t<\/div>\n\t\t\t\t\n<style>\n#col-727877494 > .col-inner {\n  max-width: 100%;\n}\n<\/style>\n\t<\/div>\n\n\t\n\n\t<div id=\"col-543428120\" class=\"col medium-4 small-12 large-4\"  >\n\t\t\t\t<div class=\"col-inner text-center box-shadow-3-hover dark\" style=\"background-color:rgb(31, 83, 94);\" >\n\t\t\t\n\t\t\t\n\t<div class=\"img has-hover x md-x lg-x y md-y lg-y\" id=\"image_788378210\">\n\t\t\t\t\t\t\t\t<div class=\"img-inner image-cover dark\" style=\"padding-top:100%;\">\n\t\t\t<img decoding=\"async\" src=\"https:\/\/www.protexonline.com\/wp-content\/uploads\/2025\/10\/protex-high-tenacity-yarn3.svg\" class=\"attachment-original size-original\" alt=\"\" \/>\t\t\t\t\t\t\n\t\t\t\t\t<\/div>\n\t\t\t\t\t\t\t\t\n<style>\n#image_788378210 {\n  width: 60%;\n}\n<\/style>\n\t<\/div>\n\t\n<div class=\"row\"  id=\"row-977528363\">\n\n\t<div id=\"col-2096909564\" class=\"col small-12 large-12\"  >\n\t\t\t\t<div class=\"col-inner\"  >\n\t\t\t\n\t\t\t\n<h1 class=\"fusion-title-heading title-heading-left fusion-responsive-typography-calculated\" style=\"text-align: left;\"><span style=\"font-size: 130%; color: #ffffff;\">PPTA-RR<\/span><\/h1>\n<h3 class=\"alt-font\" style=\"text-align: left;\">Para-Aramid Garn Typ 529R Kautschukverst\u00e4rkung<\/h3>\n\t\t<\/div>\n\t\t\t\t\t<\/div>\n\n\t\n\n<style>\n#row-977528363 > .col > .col-inner {\n  padding: 0px 20px 0px 20px;\n}\n<\/style>\n<\/div>\n<div class=\"accordion\">\n\t<div id=\"accordion-2075355982\" class=\"accordion-item\">\n\t\t<a id=\"accordion-2075355982-label\" class=\"accordion-title plain\" href=\"#accordion-item-details-anzeigen\" aria-expanded=\"false\" aria-controls=\"accordion-2075355982-content\">\n\t\t\t<button class=\"toggle\" aria-label=\"Umschalten\"><i class=\"icon-angle-down\" aria-hidden=\"true\"><\/i><\/button>\n\t\t\t<span>DETAILS ANZEIGEN<\/span>\n\t\t<\/a>\n\t\t<div id=\"accordion-2075355982-content\" class=\"accordion-inner\" aria-labelledby=\"accordion-2075355982-label\">\n\t\t\t\n\t<div id=\"text-199528439\" class=\"text\">\n\t\t\n<ul>\n<li class=\"bullet-checkmark\">Lineardichte (Bereich):<strong> 940 &#8211; 1670 dtex<\/strong><\/li>\n<li class=\"bullet-checkmark\">Anzahl der Filamente:<strong> 560 &#8211; 1000<\/strong><\/li>\n<li class=\"bullet-checkmark\">Bruchdehnung (Bereich):<strong> \u2264 3,3%<\/strong><\/li>\n<li class=\"bullet-checkmark\">Rei\u00dffestigkeit:<strong> \u2265 20,5 cN\/dtex<\/strong><\/li>\n<\/ul>\n\t\t\n<style>\n#text-199528439 {\n  text-align: left;\n}\n<\/style>\n\t<\/div>\n\t\n<p style=\"text-align: left;\"><span style=\"font-size: 100%;\"><strong>HAUPTANWENDUNGEN<\/strong><\/span><\/p>\n<p style=\"text-align: left;\">Weben, F\u00f6rderband, Reifencord, Schl\u00e4uche<\/p>\n\t\t<\/div>\n\t<\/div>\n\t\n<\/div>\n\t<div id=\"gap-2130518323\" class=\"gap-element clearfix\" style=\"display:block; height:auto;\">\n\t\t\n<style>\n#gap-2130518323 {\n  padding-top: 30px;\n}\n<\/style>\n\t<\/div>\n\t\n\t\t<\/div>\n\t\t\t\t\n<style>\n#col-543428120 > .col-inner {\n  max-width: 100%;\n}\n<\/style>\n\t<\/div>\n\n\t\n\n\t<div id=\"col-1825911541\" class=\"col medium-4 small-12 large-4\"  >\n\t\t\t\t<div class=\"col-inner text-center box-shadow-3-hover dark\" style=\"background-color:rgb(31, 83, 94);\" >\n\t\t\t\n\t\t\t\n\t<div class=\"img has-hover x md-x lg-x y md-y lg-y\" id=\"image_1121933760\">\n\t\t\t\t\t\t\t\t<div class=\"img-inner image-cover dark\" style=\"padding-top:100%;\">\n\t\t\t<img decoding=\"async\" src=\"https:\/\/www.protexonline.com\/wp-content\/uploads\/2025\/10\/protex-high-tenacity-yarn3.svg\" class=\"attachment-original size-original\" alt=\"\" \/>\t\t\t\t\t\t\n\t\t\t\t\t<\/div>\n\t\t\t\t\t\t\t\t\n<style>\n#image_1121933760 {\n  width: 60%;\n}\n<\/style>\n\t<\/div>\n\t\n<div class=\"row\"  id=\"row-1405896150\">\n\n\t<div id=\"col-2026634266\" class=\"col small-12 large-12\"  >\n\t\t\t\t<div class=\"col-inner\"  >\n\t\t\t\n\t\t\t\n<h1 class=\"fusion-title-heading title-heading-left fusion-responsive-typography-calculated\" style=\"text-align: left;\"><span style=\"font-size: 130%; color: #ffffff;\">TAPARAN<span style=\"font-size: 75%;\">\u00ae<\/span> ANTI-BALLISTISCH<\/span><\/h1>\n<h3 class=\"alt-font\" style=\"text-align: left;\"><span style=\"color: #ffffff;\">Para-Aramid Garn Typ 629<\/span><\/h3>\n\t\t<\/div>\n\t\t\t\t\t<\/div>\n\n\t\n\n<style>\n#row-1405896150 > .col > .col-inner {\n  padding: 0px 20px 0px 20px;\n}\n<\/style>\n<\/div>\n<div class=\"accordion\">\n\t<div id=\"accordion-615462068\" class=\"accordion-item\">\n\t\t<a id=\"accordion-615462068-label\" class=\"accordion-title plain\" href=\"#accordion-item-details-anzeigen\" aria-expanded=\"false\" aria-controls=\"accordion-615462068-content\">\n\t\t\t<button class=\"toggle\" aria-label=\"Umschalten\"><i class=\"icon-angle-down\" aria-hidden=\"true\"><\/i><\/button>\n\t\t\t<span>DETAILS ANZEIGEN<\/span>\n\t\t<\/a>\n\t\t<div id=\"accordion-615462068-content\" class=\"accordion-inner\" aria-labelledby=\"accordion-615462068-label\">\n\t\t\t\n\t<div id=\"text-3187254902\" class=\"text\">\n\t\t\n<ul>\n<li class=\"bullet-checkmark\">Lineardichte (Bereich):<strong> 940 &#8211; 3330 dtex<\/strong><\/li>\n<li class=\"bullet-checkmark\">Anzahl der Filamente:<strong> 560 &#8211; 2000<\/strong><\/li>\n<li class=\"bullet-checkmark\">Bruchdehnung (Bereich):<strong> \u2264 3%<\/strong><\/li>\n<li class=\"bullet-checkmark\">Rei\u00dffestigkeit:<strong> \u2265 22,5 cN\/dtex<\/strong><\/li>\n<\/ul>\n\t\t\n<style>\n#text-3187254902 {\n  text-align: left;\n}\n<\/style>\n\t<\/div>\n\t\n<p style=\"text-align: left;\"><span style=\"font-size: 100%;\"><strong>HAUPTANWENDUNGEN<\/strong><\/span><\/p>\n<p style=\"text-align: left;\">Schutzkleidung, Schnittschutz, Weben<\/p>\n\t\t<\/div>\n\t<\/div>\n\t\n<\/div>\n\t<div id=\"gap-1568484285\" class=\"gap-element clearfix\" style=\"display:block; height:auto;\">\n\t\t\n<style>\n#gap-1568484285 {\n  padding-top: 30px;\n}\n<\/style>\n\t<\/div>\n\t\n\t\t<\/div>\n\t\t\t\t\n<style>\n#col-1825911541 > .col-inner {\n  max-width: 100%;\n}\n<\/style>\n\t<\/div>\n\n\t\n\n\t<div id=\"col-617891521\" class=\"col medium-4 small-12 large-4\"  >\n\t\t\t\t<div class=\"col-inner text-center box-shadow-3-hover dark\" style=\"background-color:rgb(31, 83, 94);\" >\n\t\t\t\n\t\t\t\n\t<div class=\"img has-hover x md-x lg-x y md-y lg-y\" id=\"image_1861136993\">\n\t\t\t\t\t\t\t\t<div class=\"img-inner image-cover dark\" style=\"padding-top:100%;\">\n\t\t\t<img decoding=\"async\" src=\"https:\/\/www.protexonline.com\/wp-content\/uploads\/2025\/10\/protex-high-tenacity-yarn3.svg\" class=\"attachment-original size-original\" alt=\"\" \/>\t\t\t\t\t\t\n\t\t\t\t\t<\/div>\n\t\t\t\t\t\t\t\t\n<style>\n#image_1861136993 {\n  width: 60%;\n}\n<\/style>\n\t<\/div>\n\t\n<div class=\"row\"  id=\"row-1244389483\">\n\n\t<div id=\"col-360371865\" class=\"col small-12 large-12\"  >\n\t\t\t\t<div class=\"col-inner\"  >\n\t\t\t\n\t\t\t\n<h1 class=\"fusion-title-heading title-heading-left fusion-responsive-typography-calculated\" style=\"text-align: left;\"><span style=\"font-size: 130%; color: #ffffff;\">PPTA OPTICAL<\/span><\/h1>\n<h3 class=\"alt-font\" style=\"text-align: left;\">Para-Aramid Garn Typ 539 \u2013 wasserblockierende Ausf\u00fchrung erh\u00e4ltlich \/ Geotex<\/h3>\n\t\t<\/div>\n\t\t\t\t\t<\/div>\n\n\t\n\n<style>\n#row-1244389483 > .col > .col-inner {\n  padding: 0px 20px 0px 20px;\n}\n<\/style>\n<\/div>\n<div class=\"accordion\">\n\t<div id=\"accordion-540677430\" class=\"accordion-item\">\n\t\t<a id=\"accordion-540677430-label\" class=\"accordion-title plain\" href=\"#accordion-item-details-anzeigen\" aria-expanded=\"false\" aria-controls=\"accordion-540677430-content\">\n\t\t\t<button class=\"toggle\" aria-label=\"Umschalten\"><i class=\"icon-angle-down\" aria-hidden=\"true\"><\/i><\/button>\n\t\t\t<span>DETAILS ANZEIGEN<\/span>\n\t\t<\/a>\n\t\t<div id=\"accordion-540677430-content\" class=\"accordion-inner\" aria-labelledby=\"accordion-540677430-label\">\n\t\t\t\n\t<div id=\"text-3993940840\" class=\"text\">\n\t\t\n<ul>\n<li class=\"bullet-checkmark\">Lineardichte (Bereich):<strong> 1580 &#8211; 9460 dtex<\/strong><\/li>\n<li class=\"bullet-checkmark\">Anzahl der Filamente:<strong> 1000 &#8211; 6000<\/strong><\/li>\n<li class=\"bullet-checkmark\">Bruchdehnung (Bereich):<strong> \u2264 3%<\/strong><\/li>\n<li class=\"bullet-checkmark\">Rei\u00dffestigkeit:<strong> \u2265 18,5 cN\/dtex<\/strong><\/li>\n<\/ul>\n\t\t\n<style>\n#text-3993940840 {\n  text-align: left;\n}\n<\/style>\n\t<\/div>\n\t\n<p style=\"text-align: left;\"><span style=\"font-size: 100%;\"><strong>HAUPTANWENDUNGEN<\/strong><\/span><\/p>\n<p style=\"text-align: left;\">Kabel, Geotextilien, Geogitter<\/p>\n\t\t<\/div>\n\t<\/div>\n\t\n<\/div>\n\t<div id=\"gap-1429198002\" class=\"gap-element clearfix\" style=\"display:block; height:auto;\">\n\t\t\n<style>\n#gap-1429198002 {\n  padding-top: 30px;\n}\n<\/style>\n\t<\/div>\n\t\n\t\t<\/div>\n\t\t\t\t\n<style>\n#col-617891521 > .col-inner {\n  max-width: 100%;\n}\n<\/style>\n\t<\/div>\n\n\t\n\n\t<div id=\"col-704672375\" class=\"col medium-4 small-12 large-4\"  >\n\t\t\t\t<div class=\"col-inner text-center box-shadow-3-hover dark\" style=\"background-color:rgb(31, 83, 94);\" >\n\t\t\t\n\t<div class=\"is-border\"\n\t\tstyle=\"border-color:rgb(31, 52, 94);border-width:10px 10px 10px 10px;\">\n\t<\/div>\n\t\t\t\n\t<div class=\"img has-hover x md-x lg-x y md-y lg-y\" id=\"image_1670169373\">\n\t\t\t\t\t\t\t\t<div class=\"img-inner image-cover dark\" style=\"padding-top:100%;\">\n\t\t\t<img decoding=\"async\" src=\"https:\/\/www.protexonline.com\/wp-content\/uploads\/2025\/10\/protex-high-tenacity-yarn3.svg\" class=\"attachment-original size-original\" alt=\"\" \/>\t\t\t\t\t\t\n\t\t\t\t\t<\/div>\n\t\t\t\t\t\t\t\t\n<style>\n#image_1670169373 {\n  width: 60%;\n}\n<\/style>\n\t<\/div>\n\t\n<div class=\"row\"  id=\"row-1590457088\">\n\n\t<div id=\"col-932669883\" class=\"col small-12 large-12\"  >\n\t\t\t\t<div class=\"col-inner\"  >\n\t\t\t\n\t\t\t\n<h1 class=\"fusion-title-heading title-heading-left fusion-responsive-typography-calculated\" style=\"text-align: left;\"><span style=\"font-size: 130%;\">PPTA-MA\u00dfGEFERTIGT<\/span><\/h1>\n<h3 class=\"alt-font\" style=\"text-align: left;\">Speziell angefertigtes Para-Aramid-Garn nach Ihren Spezifikationen<\/h3>\n\t\t<\/div>\n\t\t\t\t\t<\/div>\n\n\t\n\n<style>\n#row-1590457088 > .col > .col-inner {\n  padding: 0px 20px 0px 20px;\n}\n<\/style>\n<\/div>\n<a data-animate=\"flipInX\" href=\"\/research-and-development\/\" class=\"button primary box-shadow-2-hover\" >\n\t\t<span>weitere Informationen<\/span>\n\t<\/a>\n\n\t<div id=\"gap-1336216493\" class=\"gap-element clearfix\" style=\"display:block; height:auto;\">\n\t\t\n<style>\n#gap-1336216493 {\n  padding-top: 30px;\n}\n<\/style>\n\t<\/div>\n\t\n\t\t<\/div>\n\t\t\t\t\n<style>\n#col-704672375 > .col-inner {\n  max-width: 100%;\n}\n<\/style>\n\t<\/div>\n\n\t\n<\/div>\n\t\t<\/div>\n\t\t\t\t\t<\/div>\n\n\t\n<\/div>\n\t\t<\/div>\n\n\t\t\n<style>\n#section_1442969579 {\n  padding-top: 0px;\n  padding-bottom: 0px;\n}\n<\/style>\n\t<\/section>\n\t\n\n\t<section class=\"section\" id=\"section_1746451566\">\n\t\t<div class=\"section-bg fill\" >\n\t\t\t\t\t\t\t\t\t\n\t\t\t\n\n\t\t<\/div>\n\n\t\t\n\n\t\t<div class=\"section-content relative\">\n\t\t\t\n<div class=\"row\"  id=\"row-440874882\">\n\n\t<div id=\"col-876200346\" class=\"col small-12 large-12\"  >\n\t\t\t\t<div class=\"col-inner\"  >\n\t\t\t\n\t\t\t\n<div class=\"message-box relative dark\" style=\"padding-top:100px;padding-bottom:100px;\"><div class=\"message-box-bg-image bg-fill fill\" ><\/div><div class=\"message-box-bg-overlay bg-fill fill\" style=\"background-color:rgb(31, 52, 94);\"><\/div><div class=\"container relative\"><div class=\"inner last-reset\">\n<div class=\"row align-middle\"  id=\"row-704615514\">\n\n\t<div id=\"col-1060315552\" class=\"col medium-2 small-12 large-2\"  >\n\t\t\t\t<div class=\"col-inner\"  >\n\t\t\t\n\t\t\t\n\t\t<\/div>\n\t\t\t\t\t<\/div>\n\n\t\n\n\t<div id=\"col-1289785125\" class=\"col medium-8 small-12 large-8\"  >\n\t\t\t\t<div class=\"col-inner\"  >\n\t\t\t\n\t\t\t\n<h2 class=\"uppercase\">Fehlt Ihnen etwas? Wir k\u00f6nnen das regeln.<\/h2>\n<p>Ben\u00f6tigen Sie ein spezielles Para-Aramid-Garn, das hier nicht aufgef\u00fchrt ist? Kein Problem. Dank unserer eigenen Forschung und Entwicklung k\u00f6nnen wir auch sehr spezifische Anforderungen erf\u00fcllen! Hinterlassen Sie uns einfach Ihre Mailadresse.<\/p>\n\t<div id=\"gap-1723681624\" class=\"gap-element clearfix\" style=\"display:block; height:auto;\">\n\t\t\n<style>\n#gap-1723681624 {\n  padding-top: 10px;\n}\n<\/style>\n\t<\/div>\n\t\n\t<div id=\"gap-1785212714\" class=\"gap-element clearfix\" style=\"display:block; height:auto;\">\n\t\t\n<style>\n#gap-1785212714 {\n  padding-top: 15px;\n}\n<\/style>\n\t<\/div>\n\t\n\n<div class=\"wpcf7 no-js\" id=\"wpcf7-f2092-o1\" lang=\"en-US\" dir=\"ltr\" data-wpcf7-id=\"2092\">\n<div class=\"screen-reader-response\"><p role=\"status\" aria-live=\"polite\" aria-atomic=\"true\"><\/p> <ul><\/ul><\/div>\n<form action=\"\/de\/wp-json\/wp\/v2\/pages\/1358#wpcf7-f2092-o1\" method=\"post\" class=\"wpcf7-form init\" aria-label=\"Contact form\" novalidate=\"novalidate\" data-status=\"init\">\n<fieldset class=\"hidden-fields-container\"><input type=\"hidden\" name=\"_wpcf7\" value=\"2092\" \/><input type=\"hidden\" name=\"_wpcf7_version\" value=\"6.1.5\" \/><input type=\"hidden\" name=\"_wpcf7_locale\" value=\"en_US\" \/><input type=\"hidden\" name=\"_wpcf7_unit_tag\" value=\"wpcf7-f2092-o1\" \/><input type=\"hidden\" name=\"_wpcf7_container_post\" value=\"0\" \/><input type=\"hidden\" name=\"_wpcf7_posted_data_hash\" value=\"\" \/>\n<\/fieldset>\n<div class=\"flex-row form-flat medium-flex-wrap\">\n\t<div class=\"flex-col flex-grow\">\n\t\t<p><span class=\"wpcf7-form-control-wrap\" data-name=\"your-email\"><input size=\"40\" maxlength=\"400\" class=\"wpcf7-form-control wpcf7-email wpcf7-validates-as-required wpcf7-text wpcf7-validates-as-email\" aria-required=\"true\" aria-invalid=\"false\" placeholder=\"Your Email\" value=\"\" type=\"email\" name=\"your-email\" \/><\/span>\n\t\t<\/p>\n\t<\/div>\n\t<div class=\"flex-col ml-half\">\n\t\t<p><input class=\"wpcf7-form-control wpcf7-submit has-spinner button\" type=\"submit\" value=\"Send\" \/>\n\t\t<\/p>\n\t<\/div>\n<\/div><div class=\"wpcf7-response-output\" aria-hidden=\"true\"><\/div>\n<\/form>\n<\/div>\n\n\t\t<\/div>\n\t\t\t\t\t<\/div>\n\n\t\n\n\t<div id=\"col-2064189225\" class=\"col medium-2 small-12 large-2\"  >\n\t\t\t\t<div class=\"col-inner\"  >\n\t\t\t\n\t\t\t\n\t\t<\/div>\n\t\t\t\t\t<\/div>\n\n\t\n<\/div>\n<\/div><\/div><\/div>\n\t<div id=\"gap-653753304\" class=\"gap-element clearfix\" style=\"display:block; height:auto;\">\n\t\t\n<style>\n#gap-653753304 {\n  padding-top: 30px;\n}\n<\/style>\n\t<\/div>\n\t\n\t\t<\/div>\n\t\t\t\t\t<\/div>\n\n\t\n<\/div>\n\t\t<\/div>\n\n\t\t\n<style>\n#section_1746451566 {\n  padding-top: 0px;\n  padding-bottom: 0px;\n}\n<\/style>\n\t<\/section>\n\t\n\t<div id=\"gap-1847150278\" class=\"gap-element clearfix\" style=\"display:block; height:auto;\">\n\t\t\n<style>\n#gap-1847150278 {\n  padding-top: 50px;\n}\n<\/style>\n\t<\/div>\n\t\n","protected":false},"excerpt":{"rendered":"","protected":false},"author":1,"featured_media":0,"parent":1352,"menu_order":0,"comment_status":"closed","ping_status":"open","template":"page-blank.php","meta":{"_seopress_robots_primary_cat":"","_seopress_titles_title":"","_seopress_titles_desc":"","_seopress_robots_index":"","footnotes":""},"class_list":["post-1358","page","type-page","status-publish","hentry"],"_links":{"self":[{"href":"https:\/\/www.protexonline.com\/de\/wp-json\/wp\/v2\/pages\/1358","targetHints":{"allow":["GET"]}}],"collection":[{"href":"https:\/\/www.protexonline.com\/de\/wp-json\/wp\/v2\/pages"}],"about":[{"href":"https:\/\/www.protexonline.com\/de\/wp-json\/wp\/v2\/types\/page"}],"author":[{"embeddable":true,"href":"https:\/\/www.protexonline.com\/de\/wp-json\/wp\/v2\/users\/1"}],"replies":[{"embeddable":true,"href":"https:\/\/www.protexonline.com\/de\/wp-json\/wp\/v2\/comments?post=1358"}],"version-history":[{"count":9,"href":"https:\/\/www.protexonline.com\/de\/wp-json\/wp\/v2\/pages\/1358\/revisions"}],"predecessor-version":[{"id":3078,"href":"https:\/\/www.protexonline.com\/de\/wp-json\/wp\/v2\/pages\/1358\/revisions\/3078"}],"up":[{"embeddable":true,"href":"https:\/\/www.protexonline.com\/de\/wp-json\/wp\/v2\/pages\/1352"}],"wp:attachment":[{"href":"https:\/\/www.protexonline.com\/de\/wp-json\/wp\/v2\/media?parent=1358"}],"curies":[{"name":"wp","href":"https:\/\/api.w.org\/{rel}","templated":true}]}}