{"id":1376,"date":"2023-06-29T23:36:55","date_gmt":"2023-06-29T21:36:55","guid":{"rendered":"https:\/\/www.protexonline.com\/hochfeste-garne\/uhmwpe-garn\/"},"modified":"2026-04-16T12:40:34","modified_gmt":"2026-04-16T10:40:34","slug":"uhmwpe-garn-hochmolekuelaer","status":"publish","type":"page","link":"https:\/\/www.protexonline.com\/de\/hochfeste-garne\/uhmwpe-garn-hochmolekuelaer\/","title":{"rendered":"UHMWPE-Garn"},"content":{"rendered":"\n\t<section class=\"section\" id=\"section_673919850\">\n\t\t<div class=\"section-bg fill\" >\n\t\t\t\t\t\t\t\t\t\n\t\t\t\n\n\t\t<\/div>\n\n\t\t\n\n\t\t<div class=\"section-content relative\">\n\t\t\t\n<div class=\"row\"  id=\"row-1405473141\">\n\n\t<div id=\"col-1241699229\" class=\"col small-12 large-12\"  >\n\t\t\t\t<div class=\"col-inner\"  >\n\t\t\t\n\t\t\t\n\n  <div class=\"banner has-hover\" id=\"banner-151253688\">\n          <div class=\"banner-inner fill\">\n        <div class=\"banner-bg fill\" >\n            <img loading=\"lazy\" decoding=\"async\" width=\"1920\" height=\"1920\" src=\"https:\/\/www.protexonline.com\/wp-content\/uploads\/2025\/10\/protexonline_3.webp\" class=\"bg attachment-original size-original\" alt=\"\" \/>                                    \n                    <\/div>\n\t\t\n        <div class=\"banner-layers container\">\n            <div class=\"fill banner-link\"><\/div>            \n   <div id=\"text-box-1089202381\" class=\"text-box banner-layer x90 md-x90 lg-x90 y95 md-y50 lg-y50 res-text\">\n                                <div class=\"text-box-content text box-shadow-1\">\n              \n              <div class=\"text-inner text-left\">\n                  \n<h4 class=\"alt-font\">Multifilamentgarne<\/h4>\n<h2 class=\"uppercase\">UHMWPE-Garn<\/h2>\n<p><span style=\"font-size: 120%;\">Ultrahochmolekulares Polyethylen (UHMWPE) \u2013 ein ideales Garn f\u00fcr anspruchsvollste Anwendungen und Produkte.<\/span><\/p>\n              <\/div>\n           <\/div>\n                            \n<style>\n#text-box-1089202381 .text-box-content {\n  background-color: rgba(255, 255, 255, 0.94);\n  font-size: 100%;\n}\n#text-box-1089202381 .text-inner {\n  padding: 30px 30px 30px 30px;\n}\n#text-box-1089202381 {\n  width: 90%;\n}\n@media (min-width:550px) {\n  #text-box-1089202381 {\n    width: 49%;\n  }\n}\n<\/style>\n    <\/div>\n \n        <\/div>\n      <\/div>\n\n            \n<style>\n#banner-151253688 {\n  padding-top: 637px;\n}\n#banner-151253688 .banner-bg img {\n  object-position: 62% 60%;\n}\n<\/style>\n  <\/div>\n\n\n\t<div id=\"gap-991395231\" class=\"gap-element clearfix\" style=\"display:block; height:auto;\">\n\t\t\n<style>\n#gap-991395231 {\n  padding-top: 30px;\n}\n<\/style>\n\t<\/div>\n\t\n\t\t<\/div>\n\t\t\t\t\t<\/div>\n\n\t\n<\/div>\n\t\t<\/div>\n\n\t\t\n<style>\n#section_673919850 {\n  padding-top: 0px;\n  padding-bottom: 0px;\n}\n<\/style>\n\t<\/section>\n\t\n\n\t<section class=\"section\" id=\"section_1127793099\">\n\t\t<div class=\"section-bg fill\" >\n\t\t\t\t\t\t\t\t\t\n\t\t\t\n\n\t\t<\/div>\n\n\t\t\n\n\t\t<div class=\"section-content relative\">\n\t\t\t\n<div class=\"row\"  id=\"row-1564677328\">\n\n\t<div id=\"col-1819010060\" class=\"col small-12 large-12\"  >\n\t\t\t\t<div class=\"col-inner\"  >\n\t\t\t\n\t\t\t\n<div class=\"container section-title-container\" ><h1 class=\"section-title section-title-center\"><b aria-hidden=\"true\"><\/b><span class=\"section-title-main\" >Unsere UHMWPE-Garne<\/span><b aria-hidden=\"true\"><\/b><\/h1><\/div>\n<div class=\"row\"  id=\"row-609215144\">\n\n\t<div id=\"col-813971565\" class=\"col medium-4 small-12 large-4\"  >\n\t\t\t\t<div class=\"col-inner text-center box-shadow-3-hover dark\" style=\"background-color:rgb(31, 83, 94);\" >\n\t\t\t\n\t\t\t\n\t<div class=\"img has-hover x md-x lg-x y md-y lg-y\" id=\"image_2008603833\">\n\t\t\t\t\t\t\t\t<div class=\"img-inner image-cover dark\" style=\"padding-top:100%;\">\n\t\t\t<img decoding=\"async\" src=\"https:\/\/www.protexonline.com\/wp-content\/uploads\/2025\/10\/protex-high-tenacity-yarn3.svg\" class=\"attachment-original size-original\" alt=\"\" \/>\t\t\t\t\t\t\n\t\t\t\t\t<\/div>\n\t\t\t\t\t\t\t\t\n<style>\n#image_2008603833 {\n  width: 60%;\n}\n<\/style>\n\t<\/div>\n\t\n<div class=\"row\"  id=\"row-1968723722\">\n\n\t<div id=\"col-193748381\" class=\"col small-12 large-12\"  >\n\t\t\t\t<div class=\"col-inner\"  >\n\t\t\t\n\t\t\t\n<h1 class=\"fusion-title-heading title-heading-left fusion-responsive-typography-calculated\" style=\"text-align: left;\"><span style=\"font-size: 130%; color: #ffffff;\">UHMWPE<\/span><\/h1>\n<h3 class=\"alt-font\" style=\"text-align: left;\">Ultrahochmolekulares Polyethylengarn<\/h3>\n\t\t<\/div>\n\t\t\t\t\t<\/div>\n\n\t\n\n<style>\n#row-1968723722 > .col > .col-inner {\n  padding: 0px 20px 0px 20px;\n}\n<\/style>\n<\/div>\n<div class=\"accordion\">\n\t<div id=\"accordion-511516955\" class=\"accordion-item\">\n\t\t<a id=\"accordion-511516955-label\" class=\"accordion-title plain\" href=\"#accordion-item-details-anzeigen\" aria-expanded=\"false\" aria-controls=\"accordion-511516955-content\">\n\t\t\t<button class=\"toggle\" aria-label=\"Umschalten\"><i class=\"icon-angle-down\" aria-hidden=\"true\"><\/i><\/button>\n\t\t\t<span>DETAILS ANZEIGEN<\/span>\n\t\t<\/a>\n\t\t<div id=\"accordion-511516955-content\" class=\"accordion-inner\" aria-labelledby=\"accordion-511516955-label\">\n\t\t\t\n\t<div id=\"text-3360412078\" class=\"text\">\n\t\t\n<ul>\n<li class=\"bullet-checkmark\">Lineardichte (Bereich):<strong> 22 &#8211; 3552 dtex<\/strong><\/li>\n<li class=\"bullet-checkmark\">Bruchdehnung:<strong> \u2264 4%<\/strong><\/li>\n<li class=\"bullet-checkmark\">Festigkeit:<strong> 15,7 &#8211; 42 cN\/dtex<\/strong><\/li>\n<li class=\"bullet-checkmark\">Modul: <strong>\u2265 900 g\/D<\/strong><\/li>\n<\/ul>\n\t\t\n<style>\n#text-3360412078 {\n  text-align: left;\n}\n<\/style>\n\t<\/div>\n\t\n<p style=\"text-align: left;\"><span style=\"font-size: 100%;\"><strong>HAUPTANWENDUNGEN<\/strong><\/span><\/p>\n<div data-test-render-count=\"1\">\n<div class=\"group\">\n<div class=\"contents\" style=\"text-align: left;\">\n<div class=\"group relative relative pb-3\" data-is-streaming=\"false\">\n<div class=\"font-claude-response relative leading-&#091;1.65rem&#093; &#091;&amp;_pre&gt;div&#093;:bg-bg-000\/50 &#091;&amp;_pre&gt;div&#093;:border-0.5 &#091;&amp;_pre&gt;div&#093;:border-border-400 &#091;&amp;_.ignore-pre-bg&gt;div&#093;:bg-transparent &#091;&amp;_.standard-markdown_:is(p,blockquote,h1,h2,h3,h4,h5,h6)&#093;:pl-2 &#091;&amp;_.standard-markdown_:is(p,blockquote,ul,ol,h1,h2,h3,h4,h5,h6)&#093;:pr-8 &#091;&amp;_.progressive-markdown_:is(p,blockquote,h1,h2,h3,h4,h5,h6)&#093;:pl-2 &#091;&amp;_.progressive-markdown_:is(p,blockquote,ul,ol,h1,h2,h3,h4,h5,h6)&#093;:pr-8\">\n<div>\n<div class=\"grid grid-rows-&#091;auto_auto&#093; min-w-0\">\n<div class=\"row-start-2 col-start-1 relative grid isolate min-w-0\">\n<div class=\"row-start-1 col-start-1 relative z-&#091;2&#093; min-w-0\">\n<div>\n<div class=\"standard-markdown grid-cols-1 grid &#091;&amp;_&gt;_*&#093;:min-w-0 gap-3 standard-markdown\">\n<p class=\"font-claude-response-body break-words whitespace-normal leading-&#091;1.7&#093;\">Schutz- &amp; Sicherheitsausr\u00fcstung (Schnitt- und stichfeste Handschuhe und Bekleidung, Ballistische Westen und Helme, Motorrad-Schutzausr\u00fcstung), Seile und Kabel \u2013 Marine &amp; Industrie (Hochleistungsseile f\u00fcr die Schifffahrt, Offshore-Anwendungen z. B. auf \u00d6lplattformen, Kletterausr\u00fcstung und Bergsteigerzubeh\u00f6r), Angelschn\u00fcre (Geflochtene Hochleistungsangel\u00adschn\u00fcre), Medizinische Anwendungen (Chirurgische N\u00e4hte, Orthop\u00e4dische Implantate), Automobil &amp; Luft- und Raumfahrt (Leichtbaukomponenten, Verst\u00e4rkung in Verbundwerkstoffen), Textilien &amp; Outdoor-Produkte (Rei\u00dffeste Rucks\u00e4cke und Zelte, Schnittschutz-Arbeitskleidung), Bau &amp; Ingenieurtechnik (Verst\u00e4rkung in Verbundwerkstoffen, F\u00f6rderb\u00e4nder und technische Gewebe)<\/p>\n<\/div>\n<\/div>\n<\/div>\n<\/div>\n<\/div>\n<\/div>\n<\/div>\n<\/div>\n<\/div>\n<div class=\"flex justify-start\" role=\"group\" aria-label=\"Message actions\">\n<div class=\"text-text-300\">\n<div class=\"text-text-300 flex items-stretch justify-between\">\n<div class=\"w-fit\" style=\"text-align: left;\" data-state=\"closed\">\n<div class=\"relative text-text-500 group-hover\/btn:text-text-100\">\n<div class=\"transition-all opacity-100 scale-100\"> <\/div>\n<div class=\"absolute top-0 left-0 transition-all opacity-0 scale-50\"> <\/div>\n<\/div>\n<\/div>\n<div class=\"w-fit\" style=\"text-align: left;\" data-state=\"closed\">\n<div class=\"text-text-500 group-hover\/btn:text-text-100\"> <\/div>\n<\/div>\n<div class=\"w-fit\" style=\"text-align: left;\" data-state=\"closed\">\n<div class=\"text-text-500 group-hover\/btn:text-text-100\"> <\/div>\n<\/div>\n<div class=\"flex items-center\">\n<div class=\"w-fit\" data-state=\"closed\">\n<div class=\"text-text-500 group-hover\/btn:text-text-100\" style=\"text-align: left;\"> <\/div>\n<\/div>\n<\/div>\n<\/div>\n<\/div>\n<\/div>\n<\/div>\n<\/div>\n\t\t<\/div>\n\t<\/div>\n\t\n<\/div>\n\t<div id=\"gap-756867873\" class=\"gap-element clearfix\" style=\"display:block; height:auto;\">\n\t\t\n<style>\n#gap-756867873 {\n  padding-top: 30px;\n}\n<\/style>\n\t<\/div>\n\t\n\t\t<\/div>\n\t\t\t\t\n<style>\n#col-813971565 > .col-inner {\n  max-width: 100%;\n}\n<\/style>\n\t<\/div>\n\n\t\n\n\t<div id=\"col-1665585153\" class=\"col medium-4 small-12 large-4\"  >\n\t\t\t\t<div class=\"col-inner text-center box-shadow-3-hover dark\" style=\"background-color:rgb(31, 83, 94);\" >\n\t\t\t\n\t\t\t\n\t<div class=\"img has-hover x md-x lg-x y md-y lg-y\" id=\"image_1908953960\">\n\t\t\t\t\t\t\t\t<div class=\"img-inner image-cover dark\" style=\"padding-top:100%;\">\n\t\t\t<img decoding=\"async\" src=\"https:\/\/www.protexonline.com\/wp-content\/uploads\/2025\/10\/protex-high-tenacity-yarn3.svg\" class=\"attachment-original size-original\" alt=\"\" \/>\t\t\t\t\t\t\n\t\t\t\t\t<\/div>\n\t\t\t\t\t\t\t\t\n<style>\n#image_1908953960 {\n  width: 60%;\n}\n<\/style>\n\t<\/div>\n\t\n<div class=\"row\"  id=\"row-598153278\">\n\n\t<div id=\"col-1433177716\" class=\"col small-12 large-12\"  >\n\t\t\t\t<div class=\"col-inner\"  >\n\t\t\t\n\t\t\t\n<h1 class=\"fusion-title-heading title-heading-left fusion-responsive-typography-calculated\" style=\"text-align: left;\"><span style=\"font-size: 130%; color: #ffffff;\">UHMWPE <span style=\"color: #ed1c24;\">C<\/span><span style=\"color: #50b848;\">O<\/span><span style=\"color: #3366ff;\">L<\/span><span style=\"color: #f99b1c;\">O<\/span><span style=\"color: #000000;\">R<\/span><\/span><\/h1>\n<h3 class=\"alt-font\" style=\"text-align: left;\">Ultrahochmolekulares Polyethylengarn (DURCHGE\u00c4RBT)<\/h3>\n\t\t<\/div>\n\t\t\t\t\t<\/div>\n\n\t\n\n<style>\n#row-598153278 > .col > .col-inner {\n  padding: 0px 20px 0px 20px;\n}\n<\/style>\n<\/div>\n<div class=\"accordion\">\n\t<div id=\"accordion-530093039\" class=\"accordion-item\">\n\t\t<a id=\"accordion-530093039-label\" class=\"accordion-title plain\" href=\"#accordion-item-details-anzeigen\" aria-expanded=\"false\" aria-controls=\"accordion-530093039-content\">\n\t\t\t<button class=\"toggle\" aria-label=\"Umschalten\"><i class=\"icon-angle-down\" aria-hidden=\"true\"><\/i><\/button>\n\t\t\t<span>DETAILS ANZEIGEN<\/span>\n\t\t<\/a>\n\t\t<div id=\"accordion-530093039-content\" class=\"accordion-inner\" aria-labelledby=\"accordion-530093039-label\">\n\t\t\t\n\t<div id=\"text-433325761\" class=\"text\">\n\t\t\n<ul>\n<li class=\"bullet-checkmark\">Lineardichte (Bereich):<strong> 22 &#8211; 3552 dtex<\/strong><\/li>\n<li class=\"bullet-checkmark\">Bruchdehnung:<strong> \u2264 4%<\/strong><\/li>\n<li class=\"bullet-checkmark\">Festigkeit:<strong> 15,7 &#8211; 42 cN\/dtex<\/strong><\/li>\n<li class=\"bullet-checkmark\">Modul: <strong>\u2265 900 g\/D<\/strong><\/li>\n<\/ul>\n\t\t\n<style>\n#text-433325761 {\n  text-align: left;\n}\n<\/style>\n\t<\/div>\n\t\n<p style=\"text-align: left;\"><span style=\"font-size: 100%;\"><strong>HAUPTANWENDUNGEN<\/strong><\/span><\/p>\n<div data-test-render-count=\"1\">\n<div class=\"group\">\n<div class=\"contents\" style=\"text-align: left;\">\n<div class=\"group relative relative pb-3\" data-is-streaming=\"false\">\n<div class=\"font-claude-response relative leading-&#091;1.65rem&#093; &#091;&amp;_pre&gt;div&#093;:bg-bg-000\/50 &#091;&amp;_pre&gt;div&#093;:border-0.5 &#091;&amp;_pre&gt;div&#093;:border-border-400 &#091;&amp;_.ignore-pre-bg&gt;div&#093;:bg-transparent &#091;&amp;_.standard-markdown_:is(p,blockquote,h1,h2,h3,h4,h5,h6)&#093;:pl-2 &#091;&amp;_.standard-markdown_:is(p,blockquote,ul,ol,h1,h2,h3,h4,h5,h6)&#093;:pr-8 &#091;&amp;_.progressive-markdown_:is(p,blockquote,h1,h2,h3,h4,h5,h6)&#093;:pl-2 &#091;&amp;_.progressive-markdown_:is(p,blockquote,ul,ol,h1,h2,h3,h4,h5,h6)&#093;:pr-8\">\n<div>\n<div class=\"grid grid-rows-&#091;auto_auto&#093; min-w-0\">\n<div class=\"row-start-2 col-start-1 relative grid isolate min-w-0\">\n<div class=\"row-start-1 col-start-1 relative z-&#091;2&#093; min-w-0\">\n<div>\n<div class=\"standard-markdown grid-cols-1 grid &#091;&amp;_&gt;_*&#093;:min-w-0 gap-3 standard-markdown\">\n<p class=\"font-claude-response-body break-words whitespace-normal leading-&#091;1.7&#093;\">Schutz- &amp; Sicherheitsausr\u00fcstung (Schnitt- und stichfeste Handschuhe und Bekleidung, Ballistische Westen und Helme, Motorrad-Schutzausr\u00fcstung), Seile und Kabel \u2013 Marine &amp; Industrie (Hochleistungsseile f\u00fcr die Schifffahrt, Offshore-Anwendungen z. B. auf \u00d6lplattformen, Kletterausr\u00fcstung und Bergsteigerzubeh\u00f6r), Angelschn\u00fcre (Geflochtene Hochleistungsangel\u00adschn\u00fcre), Medizinische Anwendungen (Chirurgische N\u00e4hte, Orthop\u00e4dische Implantate), Automobil &amp; Luft- und Raumfahrt (Leichtbaukomponenten, Verst\u00e4rkung in Verbundwerkstoffen), Textilien &amp; Outdoor-Produkte (Rei\u00dffeste Rucks\u00e4cke und Zelte, Schnittschutz-Arbeitskleidung), Bau &amp; Ingenieurtechnik (Verst\u00e4rkung in Verbundwerkstoffen, F\u00f6rderb\u00e4nder und technische Gewebe)<\/p>\n<\/div>\n<\/div>\n<\/div>\n<\/div>\n<\/div>\n<\/div>\n<\/div>\n<\/div>\n<\/div>\n<div class=\"flex justify-start\" role=\"group\" aria-label=\"Message actions\">\n<div class=\"text-text-300\">\n<div class=\"text-text-300 flex items-stretch justify-between\">\n<div class=\"w-fit\" style=\"text-align: left;\" data-state=\"closed\">\n<div class=\"relative text-text-500 group-hover\/btn:text-text-100\">\n<div class=\"transition-all opacity-100 scale-100\"> <\/div>\n<div class=\"absolute top-0 left-0 transition-all opacity-0 scale-50\"> <\/div>\n<\/div>\n<\/div>\n<div class=\"w-fit\" style=\"text-align: left;\" data-state=\"closed\">\n<div class=\"text-text-500 group-hover\/btn:text-text-100\"> <\/div>\n<\/div>\n<div class=\"w-fit\" style=\"text-align: left;\" data-state=\"closed\">\n<div class=\"text-text-500 group-hover\/btn:text-text-100\"> <\/div>\n<\/div>\n<div class=\"flex items-center\">\n<div class=\"w-fit\" data-state=\"closed\">\n<div class=\"text-text-500 group-hover\/btn:text-text-100\" style=\"text-align: left;\"> <\/div>\n<\/div>\n<\/div>\n<\/div>\n<\/div>\n<\/div>\n<\/div>\n<\/div>\n\t\t<\/div>\n\t<\/div>\n\t\n<\/div>\n\t<div id=\"gap-639652168\" class=\"gap-element clearfix\" style=\"display:block; height:auto;\">\n\t\t\n<style>\n#gap-639652168 {\n  padding-top: 30px;\n}\n<\/style>\n\t<\/div>\n\t\n\t\t<\/div>\n\t\t\t\t\n<style>\n#col-1665585153 > .col-inner {\n  max-width: 100%;\n}\n<\/style>\n\t<\/div>\n\n\t\n\n\t<div id=\"col-1897896234\" class=\"col medium-4 small-12 large-4\"  >\n\t\t\t\t<div class=\"col-inner text-center box-shadow-3-hover dark\" style=\"background-color:rgb(31, 83, 94);\" >\n\t\t\t\n\t<div class=\"is-border\"\n\t\tstyle=\"border-color:rgb(31, 52, 94);border-width:10px 10px 10px 10px;\">\n\t<\/div>\n\t\t\t\n\t<div class=\"img has-hover x md-x lg-x y md-y lg-y\" id=\"image_1043397334\">\n\t\t\t\t\t\t\t\t<div class=\"img-inner image-cover dark\" style=\"padding-top:100%;\">\n\t\t\t<img decoding=\"async\" src=\"https:\/\/www.protexonline.com\/wp-content\/uploads\/2025\/10\/protex-high-tenacity-yarn3.svg\" class=\"attachment-original size-original\" alt=\"\" \/>\t\t\t\t\t\t\n\t\t\t\t\t<\/div>\n\t\t\t\t\t\t\t\t\n<style>\n#image_1043397334 {\n  width: 60%;\n}\n<\/style>\n\t<\/div>\n\t\n<div class=\"row\"  id=\"row-1918005701\">\n\n\t<div id=\"col-1611712241\" class=\"col small-12 large-12\"  >\n\t\t\t\t<div class=\"col-inner\"  >\n\t\t\t\n\t\t\t\n<h1 class=\"fusion-title-heading title-heading-left fusion-responsive-typography-calculated\" style=\"text-align: left;\"><span style=\"font-size: 130%; color: #ffffff;\">UHMWPE-CUSTOM<\/span><\/h1>\n<h3 class=\"alt-font\" style=\"text-align: left;\">Ma\u00dfgefertigtes UHMWPE-Garn nach Ihren Spezifikationen<\/h3>\n\t\t<\/div>\n\t\t\t\t\t<\/div>\n\n\t\n\n<style>\n#row-1918005701 > .col > .col-inner {\n  padding: 0px 20px 0px 20px;\n}\n<\/style>\n<\/div>\n<a data-animate=\"flipInX\" href=\"\/research-and-development\/\" class=\"button primary box-shadow-2-hover\" >\n\t\t<span>weitere Informationen<\/span>\n\t<\/a>\n\n\t<div id=\"gap-1023290199\" class=\"gap-element clearfix\" style=\"display:block; height:auto;\">\n\t\t\n<style>\n#gap-1023290199 {\n  padding-top: 30px;\n}\n<\/style>\n\t<\/div>\n\t\n\t\t<\/div>\n\t\t\t\t\n<style>\n#col-1897896234 > .col-inner {\n  max-width: 100%;\n}\n<\/style>\n\t<\/div>\n\n\t\n<\/div>\n\t\t<\/div>\n\t\t\t\t\t<\/div>\n\n\t\n<\/div>\n\t\t<\/div>\n\n\t\t\n<style>\n#section_1127793099 {\n  padding-top: 0px;\n  padding-bottom: 0px;\n}\n<\/style>\n\t<\/section>\n\t\n\n\t<section class=\"section\" id=\"section_1537851605\">\n\t\t<div class=\"section-bg fill\" >\n\t\t\t\t\t\t\t\t\t\n\t\t\t\n\n\t\t<\/div>\n\n\t\t\n\n\t\t<div class=\"section-content relative\">\n\t\t\t\n<div class=\"row\"  id=\"row-1152413403\">\n\n\t<div id=\"col-1152736372\" class=\"col small-12 large-12\"  >\n\t\t\t\t<div class=\"col-inner\"  >\n\t\t\t\n\t\t\t\n<div class=\"message-box relative dark\" style=\"padding-top:100px;padding-bottom:100px;\"><div class=\"message-box-bg-image bg-fill fill\" ><\/div><div class=\"message-box-bg-overlay bg-fill fill\" style=\"background-color:rgb(31, 52, 94);\"><\/div><div class=\"container relative\"><div class=\"inner last-reset\">\n<div class=\"row align-middle\"  id=\"row-430755165\">\n\n\t<div id=\"col-1875171349\" class=\"col medium-2 small-12 large-2\"  >\n\t\t\t\t<div class=\"col-inner\"  >\n\t\t\t\n\t\t\t\n\t\t<\/div>\n\t\t\t\t\t<\/div>\n\n\t\n\n\t<div id=\"col-854263093\" class=\"col medium-8 small-12 large-8\"  >\n\t\t\t\t<div class=\"col-inner\"  >\n\t\t\t\n\t\t\t\n<h2 class=\"uppercase\"><span style=\"color: #ffffff;\">Fehlt ein Produkt? Wir haben die L\u00f6sung.<\/span><\/h2>\n<p><span style=\"color: #ffffff;\">Ben\u00f6tigen Sie ein spezielles Polyestergewebe, das hier nicht aufgef\u00fchrt ist? Kein Problem. Dank unserer eigenen Forschung und Entwicklung k\u00f6nnen wir auch sehr spezifische Anforderungen erf\u00fcllen!<\/span><\/p>\n\t<div id=\"gap-430703674\" class=\"gap-element clearfix\" style=\"display:block; height:auto;\">\n\t\t\n<style>\n#gap-430703674 {\n  padding-top: 10px;\n}\n<\/style>\n\t<\/div>\n\t\n\t<div id=\"gap-1517108662\" class=\"gap-element clearfix\" style=\"display:block; height:auto;\">\n\t\t\n<style>\n#gap-1517108662 {\n  padding-top: 15px;\n}\n<\/style>\n\t<\/div>\n\t\n\n<div class=\"wpcf7 no-js\" id=\"wpcf7-f2092-o1\" lang=\"en-US\" dir=\"ltr\" data-wpcf7-id=\"2092\">\n<div class=\"screen-reader-response\"><p role=\"status\" aria-live=\"polite\" aria-atomic=\"true\"><\/p> <ul><\/ul><\/div>\n<form action=\"\/de\/wp-json\/wp\/v2\/pages\/1376#wpcf7-f2092-o1\" method=\"post\" class=\"wpcf7-form init\" aria-label=\"Contact form\" novalidate=\"novalidate\" data-status=\"init\">\n<fieldset class=\"hidden-fields-container\"><input type=\"hidden\" name=\"_wpcf7\" value=\"2092\" \/><input type=\"hidden\" name=\"_wpcf7_version\" value=\"6.1.5\" \/><input type=\"hidden\" name=\"_wpcf7_locale\" value=\"en_US\" \/><input type=\"hidden\" name=\"_wpcf7_unit_tag\" value=\"wpcf7-f2092-o1\" \/><input type=\"hidden\" name=\"_wpcf7_container_post\" value=\"0\" \/><input type=\"hidden\" name=\"_wpcf7_posted_data_hash\" value=\"\" \/>\n<\/fieldset>\n<div class=\"flex-row form-flat medium-flex-wrap\">\n\t<div class=\"flex-col flex-grow\">\n\t\t<p><span class=\"wpcf7-form-control-wrap\" data-name=\"your-email\"><input size=\"40\" maxlength=\"400\" class=\"wpcf7-form-control wpcf7-email wpcf7-validates-as-required wpcf7-text wpcf7-validates-as-email\" aria-required=\"true\" aria-invalid=\"false\" placeholder=\"Your Email\" value=\"\" type=\"email\" name=\"your-email\" \/><\/span>\n\t\t<\/p>\n\t<\/div>\n\t<div class=\"flex-col ml-half\">\n\t\t<p><input class=\"wpcf7-form-control wpcf7-submit has-spinner button\" type=\"submit\" value=\"Send\" \/>\n\t\t<\/p>\n\t<\/div>\n<\/div><div class=\"wpcf7-response-output\" aria-hidden=\"true\"><\/div>\n<\/form>\n<\/div>\n\n\t\t<\/div>\n\t\t\t\t\t<\/div>\n\n\t\n\n\t<div id=\"col-1967801956\" class=\"col medium-2 small-12 large-2\"  >\n\t\t\t\t<div class=\"col-inner\"  >\n\t\t\t\n\t\t\t\n\t\t<\/div>\n\t\t\t\t\t<\/div>\n\n\t\n<\/div>\n<\/div><\/div><\/div>\n\t<div id=\"gap-1419425482\" class=\"gap-element clearfix\" style=\"display:block; height:auto;\">\n\t\t\n<style>\n#gap-1419425482 {\n  padding-top: 30px;\n}\n<\/style>\n\t<\/div>\n\t\n\t\t<\/div>\n\t\t\t\t\t<\/div>\n\n\t\n<\/div>\n\t\t<\/div>\n\n\t\t\n<style>\n#section_1537851605 {\n  padding-top: 0px;\n  padding-bottom: 0px;\n}\n<\/style>\n\t<\/section>\n\t\n\t<div id=\"gap-1130253185\" class=\"gap-element clearfix\" style=\"display:block; height:auto;\">\n\t\t\n<style>\n#gap-1130253185 {\n  padding-top: 50px;\n}\n<\/style>\n\t<\/div>\n\t\n","protected":false},"excerpt":{"rendered":"","protected":false},"author":1,"featured_media":0,"parent":1352,"menu_order":0,"comment_status":"closed","ping_status":"open","template":"page-blank.php","meta":{"_seopress_robots_primary_cat":"","_seopress_titles_title":"","_seopress_titles_desc":"","_seopress_robots_index":"","footnotes":""},"class_list":["post-1376","page","type-page","status-publish","hentry"],"_links":{"self":[{"href":"https:\/\/www.protexonline.com\/de\/wp-json\/wp\/v2\/pages\/1376","targetHints":{"allow":["GET"]}}],"collection":[{"href":"https:\/\/www.protexonline.com\/de\/wp-json\/wp\/v2\/pages"}],"about":[{"href":"https:\/\/www.protexonline.com\/de\/wp-json\/wp\/v2\/types\/page"}],"author":[{"embeddable":true,"href":"https:\/\/www.protexonline.com\/de\/wp-json\/wp\/v2\/users\/1"}],"replies":[{"embeddable":true,"href":"https:\/\/www.protexonline.com\/de\/wp-json\/wp\/v2\/comments?post=1376"}],"version-history":[{"count":10,"href":"https:\/\/www.protexonline.com\/de\/wp-json\/wp\/v2\/pages\/1376\/revisions"}],"predecessor-version":[{"id":3079,"href":"https:\/\/www.protexonline.com\/de\/wp-json\/wp\/v2\/pages\/1376\/revisions\/3079"}],"up":[{"embeddable":true,"href":"https:\/\/www.protexonline.com\/de\/wp-json\/wp\/v2\/pages\/1352"}],"wp:attachment":[{"href":"https:\/\/www.protexonline.com\/de\/wp-json\/wp\/v2\/media?parent=1376"}],"curies":[{"name":"wp","href":"https:\/\/api.w.org\/{rel}","templated":true}]}}