{"id":1382,"date":"2023-06-30T00:03:26","date_gmt":"2023-06-29T22:03:26","guid":{"rendered":"https:\/\/www.protexonline.com\/impressum\/"},"modified":"2026-04-14T22:02:35","modified_gmt":"2026-04-14T20:02:35","slug":"impressum","status":"publish","type":"page","link":"https:\/\/www.protexonline.com\/de\/impressum\/","title":{"rendered":"Impressum"},"content":{"rendered":"\n\t<section class=\"section\" id=\"section_1237932848\">\n\t\t<div class=\"section-bg fill\" >\n\t\t\t\t\t\t\t\t\t\n\t\t\t\n\n\t\t<\/div>\n\n\t\t\n\n\t\t<div class=\"section-content relative\">\n\t\t\t\n\t<div id=\"gap-390161192\" class=\"gap-element clearfix\" style=\"display:block; height:auto;\">\n\t\t\n<style>\n#gap-390161192 {\n  padding-top: 30px;\n}\n<\/style>\n\t<\/div>\n\t\n<div class=\"row\"  id=\"row-1600398378\">\n\n\t<div id=\"col-2033688900\" class=\"col medium-2 small-12 large-2\"  >\n\t\t\t\t<div class=\"col-inner\"  >\n\t\t\t\n\t\t\t\n\t\t<\/div>\n\t\t\t\t\t<\/div>\n\n\t\n\n\t<div id=\"col-1167357028\" class=\"col medium-8 small-12 large-8\"  >\n\t\t\t\t<div class=\"col-inner\"  >\n\t\t\t\n\t\t\t\n<h1>Impressum<\/h1>\n<p>PROTEX new advanced textiles GmbH<br \/>\nGesch\u00e4ftsf\u00fchrer: Jobst Weiss<br \/>\nAm Bahnhof 7<br \/>\n48720 Rosendahl-Darfeld<br \/>\nDeutschland<br \/>\nTel.: +49 2545 93020<br \/>\nFax: +49 2545 7 35<br \/>\nE-Mail: <a href=\"mailto:info@protexonline.de\" target=\"_blank\" rel=\"noopener noreferrer\">info@protexonline.de<\/a><br \/>\nInternet: <a href=\"https:\/\/protex-new.de\" target=\"_blank\" rel=\"noopener noreferrer\">www.protexonline.com<\/a><br \/>\nZust\u00e4ndiges Gericht: Amtsgericht Coesfeld HR B 15122<br \/>\nSteuern: USt-IdNr. DE 295 066 908<\/p>\n<div>\n<section id=\"section_2123406643\">\n<div>\n<div id=\"row-1760435177\">\n<div>\n<div>\n<div>\n<div>\nInhaltlich verantwortlich gem\u00e4\u00df \u00a7 10 Abs. 3 MDStV:<br \/>\nOliver Kranz, brand-neu digital, Halterner Str. 45, 45657 Recklinghausen, Telefon: <a href=\"tel:004923619437111\">+49 2361 9437111<\/a>, <a href=\"https:\/\/www.brand-neu.de\/\" target=\"_blank\" rel=\"noopener noreferrer\">www.brand-neu.de<\/a>\n<\/div>\n<\/div>\n<\/div>\n<\/div>\n<\/div>\n<\/div>\n<\/section>\n<\/div>\n\t\t<\/div>\n\t\t\t\t\t<\/div>\n\n\t\n\n\t<div id=\"col-1418314172\" class=\"col medium-2 small-12 large-2\"  >\n\t\t\t\t<div class=\"col-inner\"  >\n\t\t\t\n\t\t\t\n\t\t<\/div>\n\t\t\t\t\t<\/div>\n\n\t\n<\/div>\n\t\t<\/div>\n\n\t\t\n<style>\n#section_1237932848 {\n  padding-top: 30px;\n  padding-bottom: 30px;\n  background-color: rgb(236, 236, 236);\n}\n<\/style>\n\t<\/section>\n\t\n\n\t<section class=\"section\" id=\"section_904764356\">\n\t\t<div class=\"section-bg fill\" >\n\t\t\t\t\t\t\t\t\t\n\t\t\t\n\n\t\t<\/div>\n\n\t\t\n\n\t\t<div class=\"section-content relative\">\n\t\t\t\n<div class=\"row\"  id=\"row-1646756438\">\n\n\t<div id=\"col-22801107\" class=\"col medium-2 small-12 large-2\"  >\n\t\t\t\t<div class=\"col-inner\"  >\n\t\t\t\n\t\t\t\n\t\t<\/div>\n\t\t\t\t\t<\/div>\n\n\t\n\n\t<div id=\"col-1435730452\" class=\"col medium-8 small-12 large-8\"  >\n\t\t\t\t<div class=\"col-inner\"  >\n\t\t\t\n\t\t\t\n<section id=\"section_2123406643\">\n<div>\n<div id=\"row-1760435177\">\n<div>\n<div>\n<div>\n<div>\n<h3>Haftungsausschluss:<\/h3>\n<\/div>\n<\/div>\n<\/div>\n<\/div>\n<\/div>\n<\/div>\n<\/section>\n<section id=\"section_83683497\">\n<div>\n<div id=\"row-678095682\">\n<div>\n<div>\n<div>\n<div>Diese Website dient der Information der Nutzerinnen und Nutzer sowie der Bereitstellung von Texten, Nachrichten und Inhalten. Ziel ist es, m\u00f6glichst genaue und aktuelle Informationen bereitzustellen. Sollten wir Hinweise auf Fehler erhalten, werden wir diese korrigieren. Die Autoren \u00fcbernehmen jedoch keine Verantwortung f\u00fcr den Inhalt dieser Website.<br \/>Dies umfasst:<\/p>\n<ul>\n<li>nicht notwendigerweise vollst\u00e4ndige, detaillierte, genaue oder aktuelle Informationen.<\/li>\n<li>unter Umst\u00e4nden Links zu externen Websites, auf deren Inhalte die Autoren keinen Einfluss haben und f\u00fcr die sie keine Verantwortung \u00fcbernehmen.<\/li>\n<li>pers\u00f6nliche Meinungen und Kommentare von Besucherinnen und Besuchern, die \u00fcber die Kommentarfunktion der Website gepostet werden.<\/li>\n<li>Informationen und Bilder, die von Nutzern bereitgestellt werden.<\/li>\n<li>s\u00e4mtliche Forenbeitr\u00e4ge sowohl der Betreiber der Website als auch der Forennutzer.<\/li>\n<\/ul>\n<p>Wir bem\u00fchen uns, technische St\u00f6rungen so weit wie m\u00f6glich zu vermeiden. F\u00fcr St\u00f6rungen oder Unterbrechungen, die durch fehlerhafte Daten\u00fcbertragung oder fehlerhaft strukturierte Formate verursacht werden, k\u00f6nnen wir keine Haftung \u00fcbernehmen. Die Autoren \u00fcbernehmen keine Verantwortung f\u00fcr solche St\u00f6rungen bei der Nutzung dieser Website oder bei Links zu externen Websites.<\/p>\n<p><strong>Urheberrechtshinweis:<br \/><\/strong><br \/>Die Texte, Bilder und Grafiken sowie das Layout dieser Seiten unterliegen dem weltweiten Urheberrecht. Die unbefugte Nutzung, Vervielf\u00e4ltigung oder Weitergabe einzelner Inhalte oder vollst\u00e4ndiger Seiten ist untersagt. Dies gilt auch f\u00fcr die unbefugte Einbindung einzelner Inhalte oder vollst\u00e4ndiger Seiten in Internetauftritte anderer Betreiber. Das Setzen von Links zu dieser Website ist jedoch ausdr\u00fccklich gestattet.<\/p>\n<p><strong>Kein Rechtsrat:<\/strong><\/p>\n<p>Auf diesem Webauftritt werden keine Rechtsausk\u00fcnfte erteilt. Die Inhalte und Texte (z. B. zu gerichtlichen Entscheidungen) sind lediglich Berichte und stellen daher keine Rechtsberatung dar und haben somit keinerlei rechtliche Relevanz.<\/p>\n<\/div>\n<\/div>\n<\/div>\n<\/div>\n<\/div>\n<\/div>\n<\/section>\n\t\t<\/div>\n\t\t\t\t\t<\/div>\n\n\t\n\n\t<div id=\"col-1819847068\" class=\"col medium-2 small-12 large-2\"  >\n\t\t\t\t<div class=\"col-inner\"  >\n\t\t\t\n\t\t\t\n\t\t<\/div>\n\t\t\t\t\t<\/div>\n\n\t\n<\/div>\n\t\t<\/div>\n\n\t\t\n<style>\n#section_904764356 {\n  padding-top: 30px;\n  padding-bottom: 30px;\n}\n<\/style>\n\t<\/section>\n\t\n","protected":false},"excerpt":{"rendered":"","protected":false},"author":1,"featured_media":0,"parent":0,"menu_order":0,"comment_status":"closed","ping_status":"open","template":"page-blank.php","meta":{"_seopress_robots_primary_cat":"","_seopress_titles_title":"","_seopress_titles_desc":"","_seopress_robots_index":"","footnotes":""},"class_list":["post-1382","page","type-page","status-publish","hentry"],"_links":{"self":[{"href":"https:\/\/www.protexonline.com\/de\/wp-json\/wp\/v2\/pages\/1382","targetHints":{"allow":["GET"]}}],"collection":[{"href":"https:\/\/www.protexonline.com\/de\/wp-json\/wp\/v2\/pages"}],"about":[{"href":"https:\/\/www.protexonline.com\/de\/wp-json\/wp\/v2\/types\/page"}],"author":[{"embeddable":true,"href":"https:\/\/www.protexonline.com\/de\/wp-json\/wp\/v2\/users\/1"}],"replies":[{"embeddable":true,"href":"https:\/\/www.protexonline.com\/de\/wp-json\/wp\/v2\/comments?post=1382"}],"version-history":[{"count":4,"href":"https:\/\/www.protexonline.com\/de\/wp-json\/wp\/v2\/pages\/1382\/revisions"}],"predecessor-version":[{"id":2995,"href":"https:\/\/www.protexonline.com\/de\/wp-json\/wp\/v2\/pages\/1382\/revisions\/2995"}],"wp:attachment":[{"href":"https:\/\/www.protexonline.com\/de\/wp-json\/wp\/v2\/media?parent=1382"}],"curies":[{"name":"wp","href":"https:\/\/api.w.org\/{rel}","templated":true}]}}