{"id":1384,"date":"2023-06-30T00:25:24","date_gmt":"2023-06-29T22:25:24","guid":{"rendered":"https:\/\/www.protexonline.com\/recycelte-garne-chips\/"},"modified":"2026-04-16T20:38:37","modified_gmt":"2026-04-16T18:38:37","slug":"recycling-und-nachhaltigkeit","status":"publish","type":"page","link":"https:\/\/www.protexonline.com\/de\/recycling-und-nachhaltigkeit\/","title":{"rendered":"Recycling &#038; Nachhaltigkeit"},"content":{"rendered":"\n\t<section class=\"section\" id=\"section_494404581\">\n\t\t<div class=\"section-bg fill\" >\n\t\t\t\t\t\t\t\t\t\n\t\t\t\n\n\t\t<\/div>\n\n\t\t\n\n\t\t<div class=\"section-content relative\">\n\t\t\t\n<div class=\"row\"  id=\"row-808988809\">\n\n\t<div id=\"col-282837539\" class=\"col small-12 large-12\"  >\n\t\t\t\t<div class=\"col-inner\"  >\n\t\t\t\n\t\t\t\n\n  <div class=\"banner has-hover\" id=\"banner-990021280\">\n          <div class=\"banner-inner fill\">\n        <div class=\"banner-bg fill\" >\n            <img loading=\"lazy\" decoding=\"async\" width=\"1920\" height=\"1071\" src=\"https:\/\/www.protexonline.com\/wp-content\/uploads\/2026\/04\/recycling_by_protex.webp\" class=\"bg attachment-original size-original\" alt=\"recycling_by_protex\" \/>                                    \n                    <\/div>\n\t\t\n        <div class=\"banner-layers container\">\n            <div class=\"fill banner-link\"><\/div>            \n   <div id=\"text-box-1809890626\" class=\"text-box banner-layer x5 md-x5 lg-x5 y95 md-y10 lg-y10 res-text\">\n                                <div class=\"text-box-content text box-shadow-1\">\n              \n              <div class=\"text-inner text-left\">\n                  \n<h2 class=\"uppercase\">RECYCLING &amp; NACHHALTIGKEIT<\/h2>\n<p><span style=\"font-size: 130%;\">Umweltbewusstsein und Nachhaltigkeit sind die wichtigsten Gr\u00fcnde, warum wir f\u00fcr unsere Produkte ausschlie\u00dflich reinste Materialien verwenden.<\/span><\/p>\n              <\/div>\n           <\/div>\n                            \n<style>\n#text-box-1809890626 .text-box-content {\n  background-color: rgba(255, 255, 255, 0.94);\n  font-size: 100%;\n}\n#text-box-1809890626 .text-inner {\n  padding: 30px 30px 30px 30px;\n}\n#text-box-1809890626 {\n  width: 90%;\n}\n@media (min-width:550px) {\n  #text-box-1809890626 {\n    width: 41%;\n  }\n}\n<\/style>\n    <\/div>\n \n        <\/div>\n      <\/div>\n\n            \n<style>\n#banner-990021280 {\n  padding-top: 637px;\n}\n#banner-990021280 .banner-bg img {\n  object-position: 64% 15%;\n}\n<\/style>\n  <\/div>\n\n\n\t<div id=\"gap-1126847627\" class=\"gap-element clearfix\" style=\"display:block; height:auto;\">\n\t\t\n<style>\n#gap-1126847627 {\n  padding-top: 30px;\n}\n<\/style>\n\t<\/div>\n\t\n\t\t<\/div>\n\t\t\t\t\t<\/div>\n\n\t\n<\/div>\n\t\t<\/div>\n\n\t\t\n<style>\n#section_494404581 {\n  padding-top: 0px;\n  padding-bottom: 0px;\n}\n<\/style>\n\t<\/section>\n\t\n\n\t<section class=\"section\" id=\"section_2044038551\">\n\t\t<div class=\"section-bg fill\" >\n\t\t\t\t\t\t\t\t\t\n\t\t\t\n\n\t\t<\/div>\n\n\t\t\n\n\t\t<div class=\"section-content relative\">\n\t\t\t\n<div class=\"row\"  id=\"row-640528622\">\n\n\t<div id=\"col-1100739461\" class=\"col small-12 large-12\"  >\n\t\t\t\t<div class=\"col-inner\"  >\n\t\t\t\n\t\t\t\n\t<div id=\"gap-1029859863\" class=\"gap-element clearfix\" style=\"display:block; height:auto;\">\n\t\t\n<style>\n#gap-1029859863 {\n  padding-top: 30px;\n}\n<\/style>\n\t<\/div>\n\t\n<div class=\"container section-title-container\" ><h1 class=\"section-title section-title-center\"><b aria-hidden=\"true\"><\/b><span class=\"section-title-main\" >Verantwortung \u00fcbernehmen. Leistung erhalten.<\/span><b aria-hidden=\"true\"><\/b><\/h1><\/div>\n<div class=\"row\"  id=\"row-1873655455\">\n\n\t<div id=\"col-1900418589\" class=\"col medium-4 small-12 large-4\"  >\n\t\t\t\t<div class=\"col-inner\"  >\n\t\t\t\n\t\t\t\n\t<div class=\"img has-hover x md-x lg-x y md-y lg-y\" id=\"image_428440719\">\n\t\t<a class=\"\" href=\"https:\/\/germany.controlunion.com\/certification-program\/grs-global-recycled-standard\/\" target=\"_blank\" rel=\"noopener\" >\t\t\t\t\t\t<div class=\"img-inner dark\" >\n\t\t\t<img loading=\"lazy\" decoding=\"async\" width=\"1717\" height=\"978\" src=\"https:\/\/www.protexonline.com\/wp-content\/uploads\/2024\/10\/GRS_Color.png\" class=\"attachment-original size-original\" alt=\"Lizenznummer 272212, zertifiziert durch Ecocert Greenlife weitere Informationen unter: https:\/\/textileexchange.org\/recycled-claim-global-recycled-standard\/\" srcset=\"https:\/\/www.protexonline.com\/wp-content\/uploads\/2024\/10\/GRS_Color.png 1717w, https:\/\/www.protexonline.com\/wp-content\/uploads\/2024\/10\/GRS_Color-300x171.png 300w, https:\/\/www.protexonline.com\/wp-content\/uploads\/2024\/10\/GRS_Color-1024x583.png 1024w, https:\/\/www.protexonline.com\/wp-content\/uploads\/2024\/10\/GRS_Color-768x437.png 768w, https:\/\/www.protexonline.com\/wp-content\/uploads\/2024\/10\/GRS_Color-1536x875.png 1536w, https:\/\/www.protexonline.com\/wp-content\/uploads\/2024\/10\/GRS_Color-200x114.png 200w, https:\/\/www.protexonline.com\/wp-content\/uploads\/2024\/10\/GRS_Color-400x228.png 400w, https:\/\/www.protexonline.com\/wp-content\/uploads\/2024\/10\/GRS_Color-600x342.png 600w, https:\/\/www.protexonline.com\/wp-content\/uploads\/2024\/10\/GRS_Color-800x456.png 800w, https:\/\/www.protexonline.com\/wp-content\/uploads\/2024\/10\/GRS_Color-1200x684.png 1200w\" sizes=\"auto, (max-width: 1717px) 100vw, 1717px\" \/>\t\t\t\t\t\t\n\t\t\t\t\t<\/div>\n\t\t\t\t\t\t<\/a>\t\t\n<style>\n#image_428440719 {\n  width: 100%;\n}\n<\/style>\n\t<\/div>\n\t\n<p data-line-height=\"s\"><em>Wir unterst\u00fctzen den \u201eGlobal Recycled Standard&#8220; mit all unseren recycelten Produkten.<\/em><\/p>\n\t\t<\/div>\n\t\t\t\t\t<\/div>\n\n\t\n\n\t<div id=\"col-1173158356\" class=\"col medium-8 small-12 large-8\"  >\n\t\t\t\t<div class=\"col-inner\"  >\n\t\t\t\n\t\t\t\n\t<div id=\"gap-1919423228\" class=\"gap-element clearfix\" style=\"display:block; height:auto;\">\n\t\t\n<style>\n#gap-1919423228 {\n  padding-top: 30px;\n}\n<\/style>\n\t<\/div>\n\t\n<p>Nachhaltigkeit und technische Leistungsf\u00e4higkeit schlie\u00dfen sich nicht aus. Im Gegenteil: Mit recycelten technischen Garnen und Geweben bieten wir innovative Textill\u00f6sungen, die h\u00f6chste funktionale Anforderungen erf\u00fcllen und gleichzeitig einen messbaren Beitrag zur Reduzierung von Umweltauswirkungen leisten.<\/p>\n<p>Unsere Produkte aus recycelten Materialien erm\u00f6glichen es unseren Kunden, Nachhaltigkeitsziele zu erreichen, regulatorische Anforderungen zu erf\u00fcllen und sich klar am Markt zu differenzieren \u2013 ohne Abstriche bei Qualit\u00e4t, Sicherheit oder Leistung.<\/p>\n\t\t<\/div>\n\t\t\t\t\t<\/div>\n\n\t\n<\/div>\n\t\t<\/div>\n\t\t\t\t\t<\/div>\n\n\t\n<\/div>\n\t\t<\/div>\n\n\t\t\n<style>\n#section_2044038551 {\n  padding-top: 0px;\n  padding-bottom: 0px;\n}\n<\/style>\n\t<\/section>\n\t\n\n\t<section class=\"section\" id=\"section_516308952\">\n\t\t<div class=\"section-bg fill\" >\n\t\t\t\t\t\t\t\t\t\n\t\t\t\n\n\t\t<\/div>\n\n\t\t\n\n\t\t<div class=\"section-content relative\">\n\t\t\t\n<div class=\"row\"  id=\"row-2010935779\">\n\n\t<div id=\"col-428530773\" class=\"col small-12 large-12\"  >\n\t\t\t\t<div class=\"col-inner\"  >\n\t\t\t\n\t\t\t\n\t<div id=\"gap-2087919171\" class=\"gap-element clearfix\" style=\"display:block; height:auto;\">\n\t\t\n<style>\n#gap-2087919171 {\n  padding-top: 30px;\n}\n<\/style>\n\t<\/div>\n\t\n<div class=\"row\"  id=\"row-550632646\">\n\n\t<div id=\"col-1233382279\" class=\"col medium-2 small-12 large-2\"  >\n\t\t\t\t<div class=\"col-inner\"  >\n\t\t\t\n\t\t\t\n\t\t<\/div>\n\t\t\t\t\t<\/div>\n\n\t\n\n\t<div id=\"col-324491751\" class=\"col medium-8 small-12 large-8\"  >\n\t\t\t\t<div class=\"col-inner\"  >\n\t\t\t\n\t\t\t\n<h3>Ressourcenschonung und Umweltschutz<\/h3>\n<p>Der Einsatz recycelter Rohstoffe reduziert den Verbrauch fossiler Ressourcen und schont nat\u00fcrliche Materialien.<\/p>\n<ul>\n<li class=\"bullet-checkmark\">Reduzierter Einsatz von Prim\u00e4rrohstoffen<\/li>\n<li class=\"bullet-checkmark\">Verringerung von Abfall- und Deponieaufkommen<\/li>\n<li class=\"bullet-checkmark\">F\u00f6rderung der Kreislaufwirtschaft<\/li>\n<li class=\"bullet-checkmark\">Geringerer Energie- und Wasserverbrauch bei der Produktion<\/li>\n<\/ul>\n<h3>Reduzierter CO\u2082-Fu\u00dfabdruck<\/h3>\n<p>Recycelte Materialien verursachen im Vergleich zu Prim\u00e4rmaterialien in der Regel deutlich geringere CO\u2082-Emissionen.<\/p>\n<ul>\n<li class=\"bullet-checkmark\">Messbare CO\u2082-Einsparungen entlang der Lieferkette<\/li>\n<li class=\"bullet-checkmark\">Unterst\u00fctzung beim Erreichen von Klimazielen<\/li>\n<li class=\"bullet-checkmark\">Verbesserung des gesamten unternehmerischen CO\u2082-Fu\u00dfabdrucks<\/li>\n<\/ul>\n\t\t<\/div>\n\t\t\t\t\t<\/div>\n\n\t\n\n\t<div id=\"col-851978194\" class=\"col medium-2 small-12 large-2\"  >\n\t\t\t\t<div class=\"col-inner\"  >\n\t\t\t\n\t\t\t\n\t\t<\/div>\n\t\t\t\t\t<\/div>\n\n\t\n<\/div>\n\t\t<\/div>\n\t\t\t\t\t<\/div>\n\n\t\n<\/div>\n\t\t<\/div>\n\n\t\t\n<style>\n#section_516308952 {\n  padding-top: 0px;\n  padding-bottom: 0px;\n}\n<\/style>\n\t<\/section>\n\t\n\n\t<section class=\"section\" id=\"section_18913945\">\n\t\t<div class=\"section-bg fill\" >\n\t\t\t\t\t\t\t\t\t\n\t\t\t\n\n\t\t<\/div>\n\n\t\t\n\n\t\t<div class=\"section-content relative\">\n\t\t\t\n<div class=\"row\"  id=\"row-354919673\">\n\n\t<div id=\"col-966653721\" class=\"col small-12 large-12\"  >\n\t\t\t\t<div class=\"col-inner\"  >\n\t\t\t\n\t\t\t\n\n  <div class=\"banner has-hover\" id=\"banner-388134924\">\n          <div class=\"banner-inner fill\">\n        <div class=\"banner-bg fill\" >\n            <img loading=\"lazy\" decoding=\"async\" width=\"1920\" height=\"1080\" src=\"https:\/\/www.protexonline.com\/wp-content\/uploads\/2026\/01\/recycling_by_PROTEX_hd.webp\" class=\"bg attachment-original size-original\" alt=\"Recycling by PROTEX\" \/>                                    \n                    <\/div>\n\t\t\n        <div class=\"banner-layers container\">\n            <div class=\"fill banner-link\"><\/div>            \n   <div id=\"text-box-41732236\" class=\"text-box banner-layer x10 md-x10 lg-x10 y95 md-y50 lg-y50 res-text\">\n                                <div class=\"text-box-content text \">\n              \n              <div class=\"text-inner text-left\">\n                  \n<h2 class=\"uppercase\" style=\"text-align: left;\"><span style=\"color: #ffffff; font-size: 130%;\">Besser recycelt als verschwendet<\/span><\/h2>\n              <\/div>\n           <\/div>\n                            \n<style>\n#text-box-41732236 {\n  width: 90%;\n}\n#text-box-41732236 .text-box-content {\n  font-size: 100%;\n}\n@media (min-width:550px) {\n  #text-box-41732236 {\n    width: 34%;\n  }\n}\n<\/style>\n    <\/div>\n \n        <\/div>\n      <\/div>\n\n            \n<style>\n#banner-388134924 {\n  padding-top: 501px;\n}\n#banner-388134924 .banner-bg img {\n  object-position: 62% 60%;\n}\n<\/style>\n  <\/div>\n\n\n\t<div id=\"gap-1527362449\" class=\"gap-element clearfix\" style=\"display:block; height:auto;\">\n\t\t\n<style>\n#gap-1527362449 {\n  padding-top: 30px;\n}\n<\/style>\n\t<\/div>\n\t\n\t\t<\/div>\n\t\t\t\t\t<\/div>\n\n\t\n<\/div>\n\t\t<\/div>\n\n\t\t\n<style>\n#section_18913945 {\n  padding-top: 0px;\n  padding-bottom: 0px;\n}\n<\/style>\n\t<\/section>\n\t\n\n\t<section class=\"section\" id=\"section_1874538103\">\n\t\t<div class=\"section-bg fill\" >\n\t\t\t\t\t\t\t\t\t\n\t\t\t\n\n\t\t<\/div>\n\n\t\t\n\n\t\t<div class=\"section-content relative\">\n\t\t\t\n<div class=\"row\"  id=\"row-595533892\">\n\n\t<div id=\"col-929438195\" class=\"col small-12 large-12\"  >\n\t\t\t\t<div class=\"col-inner\"  >\n\t\t\t\n\t\t\t\n<div class=\"row\"  id=\"row-1715011736\">\n\n\t<div id=\"col-271623279\" class=\"col medium-2 small-12 large-2\"  >\n\t\t\t\t<div class=\"col-inner\"  >\n\t\t\t\n\t\t\t\n\t\t<\/div>\n\t\t\t\t\t<\/div>\n\n\t\n\n\t<div id=\"col-646346700\" class=\"col medium-8 small-12 large-8\"  >\n\t\t\t\t<div class=\"col-inner\"  >\n\t\t\t\n\t\t\t\n<h3>Technische Leistung: neu = recycelt<\/h3>\n<p>Unsere recycelten Garne und Gewebe erf\u00fcllen dieselben hohen technischen Standards wie konventionelle Produkte.<\/p>\n<ul>\n<li class=\"bullet-checkmark\"><strong>Hohe Festigkeit und Langlebigkeit<\/strong><\/li>\n<li class=\"bullet-checkmark\"><strong>Zuverl\u00e4ssige Leistung in anspruchsvollen Anwendungen<\/strong><\/li>\n<li class=\"bullet-checkmark\"><strong>Gleichbleibende Qualit\u00e4t und Prozesssicherheit<\/strong><\/li>\n<li class=\"bullet-checkmark\"><strong>Geeignet f\u00fcr ein breites Spektrum technischer und industrieller Anwendungen<\/strong><\/li>\n<\/ul>\n\t\t<\/div>\n\t\t\t\t\t<\/div>\n\n\t\n\n\t<div id=\"col-115238539\" class=\"col medium-2 small-12 large-2\"  >\n\t\t\t\t<div class=\"col-inner\"  >\n\t\t\t\n\t\t\t\n\t\t<\/div>\n\t\t\t\t\t<\/div>\n\n\t\n<\/div>\n\t\t<\/div>\n\t\t\t\t\t<\/div>\n\n\t\n<\/div>\n\t\t<\/div>\n\n\t\t\n<style>\n#section_1874538103 {\n  padding-top: 0px;\n  padding-bottom: 0px;\n}\n<\/style>\n\t<\/section>\n\t\n\n\t<section class=\"section\" id=\"section_865397019\">\n\t\t<div class=\"section-bg fill\" >\n\t\t\t\t\t\t\t\t\t\n\t\t\t\n\n\t\t<\/div>\n\n\t\t\n\n\t\t<div class=\"section-content relative\">\n\t\t\t\n<div class=\"row\"  id=\"row-708056015\">\n\n\t<div id=\"col-1997820141\" class=\"col small-12 large-12\"  >\n\t\t\t\t<div class=\"col-inner\"  >\n\t\t\t\n\t\t\t\n<div class=\"message-box relative dark\" style=\"padding-top:100px;padding-bottom:100px;\"><div class=\"message-box-bg-image bg-fill fill\" ><\/div><div class=\"message-box-bg-overlay bg-fill fill\" style=\"background-color:rgb(31, 52, 94);\"><\/div><div class=\"container relative\"><div class=\"inner last-reset\">\n<div class=\"row align-middle\"  id=\"row-981936971\">\n\n\t<div id=\"col-1843678912\" class=\"col medium-2 small-12 large-2\"  >\n\t\t\t\t<div class=\"col-inner\"  >\n\t\t\t\n\t\t\t\n\t\t<\/div>\n\t\t\t\t\t<\/div>\n\n\t\n\n\t<div id=\"col-1716726782\" class=\"col medium-8 small-12 large-8\"  >\n\t\t\t\t<div class=\"col-inner\"  >\n\t\t\t\n\t\t\t\n<h2 class=\"uppercase\">Interesse geweckt?<\/h2>\n<p>Sie k\u00f6nnen uns jederzeit kontaktieren, um mehr dar\u00fcber zu erfahren, wie wir Sie bei der Herstellung nachhaltiger und zugleich hochwertiger Produkte unterst\u00fctzen k\u00f6nnen.<\/p>\n\t<div id=\"gap-720554964\" class=\"gap-element clearfix\" style=\"display:block; height:auto;\">\n\t\t\n<style>\n#gap-720554964 {\n  padding-top: 10px;\n}\n<\/style>\n\t<\/div>\n\t\n\t<div id=\"gap-2124608233\" class=\"gap-element clearfix\" style=\"display:block; height:auto;\">\n\t\t\n<style>\n#gap-2124608233 {\n  padding-top: 15px;\n}\n<\/style>\n\t<\/div>\n\t\n\n<div class=\"wpcf7 no-js\" id=\"wpcf7-f2092-o1\" lang=\"en-US\" dir=\"ltr\" data-wpcf7-id=\"2092\">\n<div class=\"screen-reader-response\"><p role=\"status\" aria-live=\"polite\" aria-atomic=\"true\"><\/p> <ul><\/ul><\/div>\n<form action=\"\/de\/wp-json\/wp\/v2\/pages\/1384#wpcf7-f2092-o1\" method=\"post\" class=\"wpcf7-form init\" aria-label=\"Contact form\" novalidate=\"novalidate\" data-status=\"init\">\n<fieldset class=\"hidden-fields-container\"><input type=\"hidden\" name=\"_wpcf7\" value=\"2092\" \/><input type=\"hidden\" name=\"_wpcf7_version\" value=\"6.1.5\" \/><input type=\"hidden\" name=\"_wpcf7_locale\" value=\"en_US\" \/><input type=\"hidden\" name=\"_wpcf7_unit_tag\" value=\"wpcf7-f2092-o1\" \/><input type=\"hidden\" name=\"_wpcf7_container_post\" value=\"0\" \/><input type=\"hidden\" name=\"_wpcf7_posted_data_hash\" value=\"\" \/>\n<\/fieldset>\n<div class=\"flex-row form-flat medium-flex-wrap\">\n\t<div class=\"flex-col flex-grow\">\n\t\t<p><span class=\"wpcf7-form-control-wrap\" data-name=\"your-email\"><input size=\"40\" maxlength=\"400\" class=\"wpcf7-form-control wpcf7-email wpcf7-validates-as-required wpcf7-text wpcf7-validates-as-email\" aria-required=\"true\" aria-invalid=\"false\" placeholder=\"Your Email\" value=\"\" type=\"email\" name=\"your-email\" \/><\/span>\n\t\t<\/p>\n\t<\/div>\n\t<div class=\"flex-col ml-half\">\n\t\t<p><input class=\"wpcf7-form-control wpcf7-submit has-spinner button\" type=\"submit\" value=\"Send\" \/>\n\t\t<\/p>\n\t<\/div>\n<\/div><div class=\"wpcf7-response-output\" aria-hidden=\"true\"><\/div>\n<\/form>\n<\/div>\n\n\t\t<\/div>\n\t\t\t\t\t<\/div>\n\n\t\n\n\t<div id=\"col-1480127785\" class=\"col medium-2 small-12 large-2\"  >\n\t\t\t\t<div class=\"col-inner\"  >\n\t\t\t\n\t\t\t\n\t\t<\/div>\n\t\t\t\t\t<\/div>\n\n\t\n<\/div>\n<\/div><\/div><\/div>\n\t<div id=\"gap-1030876253\" class=\"gap-element clearfix\" style=\"display:block; height:auto;\">\n\t\t\n<style>\n#gap-1030876253 {\n  padding-top: 30px;\n}\n<\/style>\n\t<\/div>\n\t\n\t<div id=\"gap-952024506\" class=\"gap-element clearfix\" style=\"display:block; height:auto;\">\n\t\t\n<style>\n#gap-952024506 {\n  padding-top: 50px;\n}\n<\/style>\n\t<\/div>\n\t\n<div class=\"container section-title-container\" ><h1 class=\"section-title section-title-center\"><b aria-hidden=\"true\"><\/b><span class=\"section-title-main\" >Ihre Vorteile als Kunde<\/span><b aria-hidden=\"true\"><\/b><\/h1><\/div>\n\t\t<\/div>\n\t\t\t\t\t<\/div>\n\n\t\n<\/div>\n\t\t<\/div>\n\n\t\t\n<style>\n#section_865397019 {\n  padding-top: 0px;\n  padding-bottom: 0px;\n}\n<\/style>\n\t<\/section>\n\t\n\n\t<section class=\"section\" id=\"section_99331363\">\n\t\t<div class=\"section-bg fill\" >\n\t\t\t\t\t\t\t\t\t\n\t\t\t\n\n\t\t<\/div>\n\n\t\t\n\n\t\t<div class=\"section-content relative\">\n\t\t\t\n<div class=\"row\"  id=\"row-1859240889\">\n\n\t<div id=\"col-1303718001\" class=\"col small-12 large-12\"  >\n\t\t\t\t<div class=\"col-inner\"  >\n\t\t\t\n\t\t\t\n<div class=\"row\"  id=\"row-1064838878\">\n\n\t<div id=\"col-901573617\" class=\"col medium-2 small-12 large-2\"  >\n\t\t\t\t<div class=\"col-inner\"  >\n\t\t\t\n\t\t\t\n\t\t<\/div>\n\t\t\t\t\t<\/div>\n\n\t\n\n\t<div id=\"col-1932001207\" class=\"col medium-8 small-12 large-8\"  >\n\t\t\t\t<div class=\"col-inner\"  >\n\t\t\t\n\t\t\t\n<h3>Wettbewerbsvorteile durch Nachhaltigkeit<\/h3>\n<p>Nachhaltige Produkte werden zunehmend zu einem entscheidenden Kaufkriterium.<\/p>\n<ul data-spread=\"false\">\n<li class=\"bullet-checkmark\">St\u00e4rkung Ihrer Marktposition<\/li>\n<li class=\"bullet-checkmark\">Positive Wahrnehmung bei Kunden und Partnern<\/li>\n<li class=\"bullet-checkmark\">Differenzierung vom Wettbewerb<\/li>\n<li class=\"bullet-checkmark\">Unterst\u00fctzung Ihrer ESG- und CSR-Strategien<\/li>\n<\/ul>\n<h2 class=\"uppercase\"><span style=\"background-color: #1f345e; color: #ffffff;\"><br \/>\u00a0Nachhaltigkeit zahlt sich aus\u00a0<\/span><\/h2>\n<p>Der Einsatz recycelter technischer Textilien ist nicht nur \u00f6kologisch verantwortungsvoll, sondern auch wirtschaftlich attraktiv.<\/p>\n<ul data-spread=\"false\">\n<li class=\"bullet-checkmark\"><strong>Langfristige Rohstoffversorgungssicherheit<\/strong><\/li>\n<li class=\"bullet-checkmark\"><strong>Stabilere Lieferketten<\/strong><\/li>\n<li class=\"bullet-checkmark\"><strong>Mehrwert f\u00fcr Ihre Produkte<\/strong><\/li>\n<li class=\"bullet-checkmark\"><strong>Beitrag zu einer nachhaltigen Unternehmensstrategie<\/strong><\/li>\n<\/ul>\n<p>Wir unterst\u00fctzen Sie von der Produktauswahl bis zur Anwendung und helfen Ihnen, nachhaltige Textill\u00f6sungen optimal in Ihre Prozesse und Produkte zu integrieren. Entscheiden Sie sich f\u00fcr technische Textilien mit Verantwortung.<\/p>\n\t\t<\/div>\n\t\t\t\t\t<\/div>\n\n\t\n\n\t<div id=\"col-1876481631\" class=\"col medium-2 small-12 large-2\"  >\n\t\t\t\t<div class=\"col-inner\"  >\n\t\t\t\n\t\t\t\n\t\t<\/div>\n\t\t\t\t\t<\/div>\n\n\t\n<\/div>\n\t\t<\/div>\n\t\t\t\t\t<\/div>\n\n\t\n<\/div>\n\t\t<\/div>\n\n\t\t\n<style>\n#section_99331363 {\n  padding-top: 0px;\n  padding-bottom: 0px;\n}\n<\/style>\n\t<\/section>\n\t\n\t<div id=\"gap-1072834349\" class=\"gap-element clearfix\" style=\"display:block; height:auto;\">\n\t\t\n<style>\n#gap-1072834349 {\n  padding-top: 50px;\n}\n<\/style>\n\t<\/div>\n\t\n","protected":false},"excerpt":{"rendered":"","protected":false},"author":1,"featured_media":0,"parent":0,"menu_order":0,"comment_status":"closed","ping_status":"open","template":"page-blank.php","meta":{"_seopress_robots_primary_cat":"","_seopress_titles_title":"","_seopress_titles_desc":"","_seopress_robots_index":"","footnotes":""},"class_list":["post-1384","page","type-page","status-publish","hentry"],"_links":{"self":[{"href":"https:\/\/www.protexonline.com\/de\/wp-json\/wp\/v2\/pages\/1384","targetHints":{"allow":["GET"]}}],"collection":[{"href":"https:\/\/www.protexonline.com\/de\/wp-json\/wp\/v2\/pages"}],"about":[{"href":"https:\/\/www.protexonline.com\/de\/wp-json\/wp\/v2\/types\/page"}],"author":[{"embeddable":true,"href":"https:\/\/www.protexonline.com\/de\/wp-json\/wp\/v2\/users\/1"}],"replies":[{"embeddable":true,"href":"https:\/\/www.protexonline.com\/de\/wp-json\/wp\/v2\/comments?post=1384"}],"version-history":[{"count":6,"href":"https:\/\/www.protexonline.com\/de\/wp-json\/wp\/v2\/pages\/1384\/revisions"}],"predecessor-version":[{"id":3097,"href":"https:\/\/www.protexonline.com\/de\/wp-json\/wp\/v2\/pages\/1384\/revisions\/3097"}],"wp:attachment":[{"href":"https:\/\/www.protexonline.com\/de\/wp-json\/wp\/v2\/media?parent=1384"}],"curies":[{"name":"wp","href":"https:\/\/api.w.org\/{rel}","templated":true}]}}