{"id":2957,"date":"2026-04-14T13:32:27","date_gmt":"2026-04-14T11:32:27","guid":{"rendered":"http:\/\/www.protex-new.de\/?page_id=2957"},"modified":"2026-04-16T20:54:21","modified_gmt":"2026-04-16T18:54:21","slug":"dokumente-downloads","status":"publish","type":"page","link":"https:\/\/www.protexonline.com\/de\/dokumente-downloads\/","title":{"rendered":"Dokumente &#038; Downloads"},"content":{"rendered":"\n\t<section class=\"section\" id=\"section_258980794\">\n\t\t<div class=\"section-bg fill\" >\n\t\t\t\t\t\t\t\t\t\n\t\t\t\n\n\t\t<\/div>\n\n\t\t\n\n\t\t<div class=\"section-content relative\">\n\t\t\t\n<div class=\"row\"  id=\"row-658618339\">\n\n\t<div id=\"col-908671123\" class=\"col small-12 large-12\"  >\n\t\t\t\t<div class=\"col-inner\"  >\n\t\t\t\n\t\t\t\n\n  <div class=\"banner has-hover\" id=\"banner-1226108960\">\n          <div class=\"banner-inner fill\">\n        <div class=\"banner-bg fill\" >\n            <img loading=\"lazy\" decoding=\"async\" width=\"1920\" height=\"1080\" src=\"https:\/\/www.protexonline.com\/wp-content\/uploads\/2026\/02\/documents-from-protex.webp\" class=\"bg attachment-original size-original\" alt=\"documents by PROTEX\" \/>                                    \n                    <\/div>\n\t\t\n        <div class=\"banner-layers container\">\n            <div class=\"fill banner-link\"><\/div>            \n   <div id=\"text-box-1883157827\" class=\"text-box banner-layer x10 md-x10 lg-x10 y95 md-y20 lg-y20 res-text\">\n                                <div class=\"text-box-content text box-shadow-1\">\n              \n              <div class=\"text-inner text-left\">\n                  \n<h1>DOKUMENTE &amp; DOWNLOADS<\/h1>\n              <\/div>\n           <\/div>\n                            \n<style>\n#text-box-1883157827 .text-box-content {\n  background-color: rgba(255, 255, 255, 0.94);\n  font-size: 100%;\n}\n#text-box-1883157827 .text-inner {\n  padding: 30px 30px 30px 30px;\n}\n#text-box-1883157827 {\n  width: 90%;\n}\n@media (min-width:550px) {\n  #text-box-1883157827 {\n    width: 37%;\n  }\n}\n<\/style>\n    <\/div>\n \n        <\/div>\n      <\/div>\n\n            \n<style>\n#banner-1226108960 {\n  padding-top: 550px;\n}\n#banner-1226108960 .banner-bg img {\n  object-position: 44% 70%;\n}\n<\/style>\n  <\/div>\n\n\n\t\t<\/div>\n\t\t\t\t\t<\/div>\n\n\t\n<\/div>\n\t\t<\/div>\n\n\t\t\n<style>\n#section_258980794 {\n  padding-top: 0px;\n  padding-bottom: 0px;\n}\n<\/style>\n\t<\/section>\n\t\n\n\t<section class=\"section\" id=\"section_415839711\">\n\t\t<div class=\"section-bg fill\" >\n\t\t\t\t\t\t\t\t\t\n\t\t\t\n\n\t\t<\/div>\n\n\t\t\n\n\t\t<div class=\"section-content relative\">\n\t\t\t\n<div class=\"row\"  id=\"row-1583527969\">\n\n\t<div id=\"col-925417236\" class=\"col small-12 large-12\"  >\n\t\t\t\t<div class=\"col-inner\"  >\n\t\t\t\n\t\t\t\n\t<div id=\"gap-944962523\" class=\"gap-element clearfix\" style=\"display:block; height:auto;\">\n\t\t\n<style>\n#gap-944962523 {\n  padding-top: 75px;\n}\n<\/style>\n\t<\/div>\n\t\n<div class=\"row\"  id=\"row-1842502724\">\n\n\t<div id=\"col-498545162\" class=\"col medium-2 small-12 large-2\"  >\n\t\t\t\t<div class=\"col-inner\"  >\n\t\t\t\n\t\t\t\n\t\t<\/div>\n\t\t\t\t\t<\/div>\n\n\t\n\n\t<div id=\"col-724025796\" class=\"col medium-8 small-12 large-8\"  >\n\t\t\t\t<div class=\"col-inner\"  >\n\t\t\t\n\t\t\t\n<h2>Dokumente zum Herunterladen<\/h2>\n<p>Auf dieser Seite finden Sie wichtige Dokumente und Downloads. Wir bieten au\u00dferdem Studien und Erkenntnisse zu relevanten Entwicklungen zum Download an. Wenn Sie nicht finden, was Sie suchen, nehmen Sie gerne jederzeit Kontakt mit uns auf.<\/p>\n\t\t<\/div>\n\t\t\t\t\t<\/div>\n\n\t\n\n\t<div id=\"col-343970365\" class=\"col medium-2 small-12 large-2\"  >\n\t\t\t\t<div class=\"col-inner\"  >\n\t\t\t\n\t\t\t\n\t\t<\/div>\n\t\t\t\t\t<\/div>\n\n\t\n<\/div>\n\t\t<\/div>\n\t\t\t\t\t<\/div>\n\n\t\n<\/div>\n\t\t<\/div>\n\n\t\t\n<style>\n#section_415839711 {\n  padding-top: 0px;\n  padding-bottom: 0px;\n}\n<\/style>\n\t<\/section>\n\t\n\n\t<section class=\"section\" id=\"section_882189389\">\n\t\t<div class=\"section-bg fill\" >\n\t\t\t\t\t\t\t\t\t\n\t\t\t\n\n\t\t<\/div>\n\n\t\t\n\n\t\t<div class=\"section-content relative\">\n\t\t\t\n<div class=\"row\"  id=\"row-48648287\">\n\n\t<div id=\"col-1389145144\" class=\"col small-12 large-12\"  >\n\t\t\t\t<div class=\"col-inner\"  >\n\t\t\t\n\t\t\t\n\t<div id=\"gap-21256462\" class=\"gap-element clearfix\" style=\"display:block; height:auto;\">\n\t\t\n<style>\n#gap-21256462 {\n  padding-top: 75px;\n}\n<\/style>\n\t<\/div>\n\t\n<div class=\"container section-title-container\" ><h2 class=\"section-title section-title-center\"><b aria-hidden=\"true\"><\/b><span class=\"section-title-main\" >Unsere Zertifikate<\/span><b aria-hidden=\"true\"><\/b><\/h2><\/div>\n<div class=\"row\"  id=\"row-421585708\">\n\n\t<div id=\"col-648034837\" class=\"col medium-9 small-12 large-9\"  >\n\t\t\t\t<div class=\"col-inner\"  >\n\t\t\t\n\t\t\t\n<h3>ISO 9001-Zertifikat<\/h3>\n<p>Als Lieferant von Industriegarnen sind Qualit\u00e4t, Zuverl\u00e4ssigkeit und Transparenz grundlegend f\u00fcr unser Gesch\u00e4ft. Unsere ISO 9001-Zertifizierung best\u00e4tigt, dass unser Qualit\u00e4tsmanagementsystem international anerkannten Standards entspricht und dass unsere Prozesse kontinuierlich \u00fcberwacht und verbessert werden.<br \/>Wir stellen unser ISO 9001-Zertifikat als herunterladbares Dokument bereit, um unseren Kunden einen direkten und unkomplizierten Zugang zum verifizierten Nachweis unserer Qualit\u00e4tsstandards zu erm\u00f6glichen. \u2192<\/p>\n\t\t<\/div>\n\t\t\t\t\t<\/div>\n\n\t\n\n\t<div id=\"col-239335802\" class=\"col medium-3 small-12 large-3\"  >\n\t\t\t\t<div class=\"col-inner\"  >\n\t\t\t\n\t\t\t\n\t<div class=\"img has-hover x md-x lg-x y md-y lg-y\" id=\"image_127503846\">\n\t\t<a class=\"image-lightbox lightbox-gallery\" title=\"\" href=\"https:\/\/www.protexonline.com\/wp-content\/uploads\/2024\/10\/protex_iso9001_zertifikat2025.jpg\">\t\t\t\t\t\t<div class=\"img-inner dark\" >\n\t\t\t<img loading=\"lazy\" decoding=\"async\" width=\"1241\" height=\"1754\" src=\"https:\/\/www.protexonline.com\/wp-content\/uploads\/2024\/10\/protex_iso9001_zertifikat2025.jpg\" class=\"attachment-original size-original\" alt=\"\" srcset=\"https:\/\/www.protexonline.com\/wp-content\/uploads\/2024\/10\/protex_iso9001_zertifikat2025.jpg 1241w, https:\/\/www.protexonline.com\/wp-content\/uploads\/2024\/10\/protex_iso9001_zertifikat2025-212x300.jpg 212w, https:\/\/www.protexonline.com\/wp-content\/uploads\/2024\/10\/protex_iso9001_zertifikat2025-725x1024.jpg 725w, https:\/\/www.protexonline.com\/wp-content\/uploads\/2024\/10\/protex_iso9001_zertifikat2025-768x1085.jpg 768w, https:\/\/www.protexonline.com\/wp-content\/uploads\/2024\/10\/protex_iso9001_zertifikat2025-1087x1536.jpg 1087w, https:\/\/www.protexonline.com\/wp-content\/uploads\/2024\/10\/protex_iso9001_zertifikat2025-200x283.jpg 200w, https:\/\/www.protexonline.com\/wp-content\/uploads\/2024\/10\/protex_iso9001_zertifikat2025-400x565.jpg 400w, https:\/\/www.protexonline.com\/wp-content\/uploads\/2024\/10\/protex_iso9001_zertifikat2025-600x848.jpg 600w, https:\/\/www.protexonline.com\/wp-content\/uploads\/2024\/10\/protex_iso9001_zertifikat2025-800x1131.jpg 800w, https:\/\/www.protexonline.com\/wp-content\/uploads\/2024\/10\/protex_iso9001_zertifikat2025-1200x1696.jpg 1200w\" sizes=\"auto, (max-width: 1241px) 100vw, 1241px\" \/>\t\t\t\t\t\t\n\t\t\t\t\t<\/div>\n\t\t\t\t\t\t<\/a>\t\t\n<style>\n#image_127503846 {\n  width: 100%;\n}\n<\/style>\n\t<\/div>\n\t\n\t\t<\/div>\n\t\t\t\t\t<\/div>\n\n\t\n<\/div>\n<div class=\"row\"  id=\"row-970735918\">\n\n\t<div id=\"col-973959876\" class=\"col medium-9 small-12 large-9\"  >\n\t\t\t\t<div class=\"col-inner\"  >\n\t\t\t\n\t\t\t\n<h3>ECOCERT SCOPE-Zertifikat<\/h3>\n<p>Das EUROCERT Scope-Zertifikat best\u00e4tigt, dass unsere zertifizierten Produkte die relevanten Standards erf\u00fcllen und dass unsere Prozesse die geforderten Kriterien entlang der Lieferkette einhalten.<br \/>Wir stellen dieses Zertifikat zum Download bereit, um vollst\u00e4ndige Transparenz und einfachen Zugang zur offiziellen Dokumentation zu gew\u00e4hrleisten. \u2192<\/p>\n\t\t<\/div>\n\t\t\t\t\t<\/div>\n\n\t\n\n\t<div id=\"col-1983407478\" class=\"col medium-3 small-12 large-3\"  >\n\t\t\t\t<div class=\"col-inner\"  >\n\t\t\t\n\t\t\t\n\t<div class=\"img has-hover x md-x lg-x y md-y lg-y\" id=\"image_845329063\">\n\t\t<a class=\"image-lightbox lightbox-gallery\" title=\"\" href=\"https:\/\/www.protexonline.com\/wp-content\/uploads\/2024\/10\/protex-ecocert2025-scaled.jpg\">\t\t\t\t\t\t<div class=\"img-inner dark\" >\n\t\t\t<img loading=\"lazy\" decoding=\"async\" width=\"1810\" height=\"2560\" src=\"https:\/\/www.protexonline.com\/wp-content\/uploads\/2024\/10\/protex-ecocert2025-scaled.jpg\" class=\"attachment-original size-original\" alt=\"\" srcset=\"https:\/\/www.protexonline.com\/wp-content\/uploads\/2024\/10\/protex-ecocert2025-scaled.jpg 1810w, https:\/\/www.protexonline.com\/wp-content\/uploads\/2024\/10\/protex-ecocert2025-212x300.jpg 212w, https:\/\/www.protexonline.com\/wp-content\/uploads\/2024\/10\/protex-ecocert2025-724x1024.jpg 724w, https:\/\/www.protexonline.com\/wp-content\/uploads\/2024\/10\/protex-ecocert2025-768x1086.jpg 768w, https:\/\/www.protexonline.com\/wp-content\/uploads\/2024\/10\/protex-ecocert2025-1086x1536.jpg 1086w, https:\/\/www.protexonline.com\/wp-content\/uploads\/2024\/10\/protex-ecocert2025-1448x2048.jpg 1448w, https:\/\/www.protexonline.com\/wp-content\/uploads\/2024\/10\/protex-ecocert2025-200x283.jpg 200w, https:\/\/www.protexonline.com\/wp-content\/uploads\/2024\/10\/protex-ecocert2025-400x566.jpg 400w, https:\/\/www.protexonline.com\/wp-content\/uploads\/2024\/10\/protex-ecocert2025-600x849.jpg 600w, https:\/\/www.protexonline.com\/wp-content\/uploads\/2024\/10\/protex-ecocert2025-800x1131.jpg 800w, https:\/\/www.protexonline.com\/wp-content\/uploads\/2024\/10\/protex-ecocert2025-1200x1697.jpg 1200w\" sizes=\"auto, (max-width: 1810px) 100vw, 1810px\" \/>\t\t\t\t\t\t\n\t\t\t\t\t<\/div>\n\t\t\t\t\t\t<\/a>\t\t\n<style>\n#image_845329063 {\n  width: 100%;\n}\n<\/style>\n\t<\/div>\n\t\n\t\t<\/div>\n\t\t\t\t\t<\/div>\n\n\t\n<\/div>\n\t\t<\/div>\n\t\t\t\t\t<\/div>\n\n\t\n<\/div>\n\t\t<\/div>\n\n\t\t\n<style>\n#section_882189389 {\n  padding-top: 0px;\n  padding-bottom: 0px;\n  background-color: rgba(31, 52, 94, 0.064);\n}\n<\/style>\n\t<\/section>\n\t\n\t<div id=\"gap-1172625383\" class=\"gap-element clearfix\" style=\"display:block; height:auto;\">\n\t\t\n<style>\n#gap-1172625383 {\n  padding-top: 75px;\n}\n<\/style>\n\t<\/div>\n\t\n\n\t<section class=\"section\" id=\"section_76808341\">\n\t\t<div class=\"section-bg fill\" >\n\t\t\t\t\t\t\t\t\t\n\t\t\t\n\n\t\t<\/div>\n\n\t\t\n\n\t\t<div class=\"section-content relative\">\n\t\t\t\n<div class=\"row\"  id=\"row-273513171\">\n\n\t<div id=\"col-938548321\" class=\"col small-12 large-12\"  >\n\t\t\t\t<div class=\"col-inner\"  >\n\t\t\t\n\t\t\t\n<div class=\"message-box relative\" style=\"padding-top:100px;padding-bottom:100px;\"><div class=\"message-box-bg-image bg-fill fill\" ><\/div><div class=\"message-box-bg-overlay bg-fill fill\" style=\"background-color:rgb(226, 226, 226);\"><\/div><div class=\"container relative\"><div class=\"inner last-reset\">\n<div class=\"row align-middle\"  id=\"row-1587459532\">\n\n\t<div id=\"col-1088311941\" class=\"col medium-2 small-12 large-2\"  >\n\t\t\t\t<div class=\"col-inner\"  >\n\t\t\t\n\t\t\t\n\t\t<\/div>\n\t\t\t\t\t<\/div>\n\n\t\n\n\t<div id=\"col-1796523326\" class=\"col medium-8 small-12 large-8\"  >\n\t\t\t\t<div class=\"col-inner\"  >\n\t\t\t\n\t\t\t\n<h2><span style=\"font-size: 120%;\">ETWAS FEHLT?<\/span><\/h2>\n<p>Sie k\u00f6nnen uns jederzeit kontaktieren, um mehr dar\u00fcber zu erfahren, wie wir Sie dabei unterst\u00fctzen, nachhaltige und zugleich hochwertige Produkte herzustellen.<\/p>\n\t<div id=\"gap-579827763\" class=\"gap-element clearfix\" style=\"display:block; height:auto;\">\n\t\t\n<style>\n#gap-579827763 {\n  padding-top: 10px;\n}\n<\/style>\n\t<\/div>\n\t\n\t<div id=\"gap-1479615358\" class=\"gap-element clearfix\" style=\"display:block; height:auto;\">\n\t\t\n<style>\n#gap-1479615358 {\n  padding-top: 15px;\n}\n<\/style>\n\t<\/div>\n\t\n\n<div class=\"wpcf7 no-js\" id=\"wpcf7-f2092-o1\" lang=\"en-US\" dir=\"ltr\" data-wpcf7-id=\"2092\">\n<div class=\"screen-reader-response\"><p role=\"status\" aria-live=\"polite\" aria-atomic=\"true\"><\/p> <ul><\/ul><\/div>\n<form action=\"\/de\/wp-json\/wp\/v2\/pages\/2957#wpcf7-f2092-o1\" method=\"post\" class=\"wpcf7-form init\" aria-label=\"Contact form\" novalidate=\"novalidate\" data-status=\"init\">\n<fieldset class=\"hidden-fields-container\"><input type=\"hidden\" name=\"_wpcf7\" value=\"2092\" \/><input type=\"hidden\" name=\"_wpcf7_version\" value=\"6.1.5\" \/><input type=\"hidden\" name=\"_wpcf7_locale\" value=\"en_US\" \/><input type=\"hidden\" name=\"_wpcf7_unit_tag\" value=\"wpcf7-f2092-o1\" \/><input type=\"hidden\" name=\"_wpcf7_container_post\" value=\"0\" \/><input type=\"hidden\" name=\"_wpcf7_posted_data_hash\" value=\"\" \/>\n<\/fieldset>\n<div class=\"flex-row form-flat medium-flex-wrap\">\n\t<div class=\"flex-col flex-grow\">\n\t\t<p><span class=\"wpcf7-form-control-wrap\" data-name=\"your-email\"><input size=\"40\" maxlength=\"400\" class=\"wpcf7-form-control wpcf7-email wpcf7-validates-as-required wpcf7-text wpcf7-validates-as-email\" aria-required=\"true\" aria-invalid=\"false\" placeholder=\"Your Email\" value=\"\" type=\"email\" name=\"your-email\" \/><\/span>\n\t\t<\/p>\n\t<\/div>\n\t<div class=\"flex-col ml-half\">\n\t\t<p><input class=\"wpcf7-form-control wpcf7-submit has-spinner button\" type=\"submit\" value=\"Send\" \/>\n\t\t<\/p>\n\t<\/div>\n<\/div><div class=\"wpcf7-response-output\" aria-hidden=\"true\"><\/div>\n<\/form>\n<\/div>\n\n\t\t<\/div>\n\t\t\t\t\t<\/div>\n\n\t\n\n\t<div id=\"col-922256005\" class=\"col medium-2 small-12 large-2\"  >\n\t\t\t\t<div class=\"col-inner\"  >\n\t\t\t\n\t\t\t\n\t\t<\/div>\n\t\t\t\t\t<\/div>\n\n\t\n<\/div>\n<\/div><\/div><\/div>\n\t<div id=\"gap-975294664\" class=\"gap-element clearfix\" style=\"display:block; height:auto;\">\n\t\t\n<style>\n#gap-975294664 {\n  padding-top: 30px;\n}\n<\/style>\n\t<\/div>\n\t\n\t\t<\/div>\n\t\t\t\t\t<\/div>\n\n\t\n<\/div>\n\t\t<\/div>\n\n\t\t\n<style>\n#section_76808341 {\n  padding-top: 0px;\n  padding-bottom: 0px;\n}\n<\/style>\n\t<\/section>\n\t\n\t<div id=\"gap-1001098654\" class=\"gap-element clearfix\" style=\"display:block; height:auto;\">\n\t\t\n<style>\n#gap-1001098654 {\n  padding-top: 50px;\n}\n<\/style>\n\t<\/div>\n\t\n","protected":false},"excerpt":{"rendered":"","protected":false},"author":1,"featured_media":0,"parent":0,"menu_order":0,"comment_status":"closed","ping_status":"closed","template":"page-blank.php","meta":{"_seopress_robots_primary_cat":"","_seopress_titles_title":"","_seopress_titles_desc":"","_seopress_robots_index":"","footnotes":""},"class_list":["post-2957","page","type-page","status-publish","hentry"],"_links":{"self":[{"href":"https:\/\/www.protexonline.com\/de\/wp-json\/wp\/v2\/pages\/2957","targetHints":{"allow":["GET"]}}],"collection":[{"href":"https:\/\/www.protexonline.com\/de\/wp-json\/wp\/v2\/pages"}],"about":[{"href":"https:\/\/www.protexonline.com\/de\/wp-json\/wp\/v2\/types\/page"}],"author":[{"embeddable":true,"href":"https:\/\/www.protexonline.com\/de\/wp-json\/wp\/v2\/users\/1"}],"replies":[{"embeddable":true,"href":"https:\/\/www.protexonline.com\/de\/wp-json\/wp\/v2\/comments?post=2957"}],"version-history":[{"count":10,"href":"https:\/\/www.protexonline.com\/de\/wp-json\/wp\/v2\/pages\/2957\/revisions"}],"predecessor-version":[{"id":3106,"href":"https:\/\/www.protexonline.com\/de\/wp-json\/wp\/v2\/pages\/2957\/revisions\/3106"}],"wp:attachment":[{"href":"https:\/\/www.protexonline.com\/de\/wp-json\/wp\/v2\/media?parent=2957"}],"curies":[{"name":"wp","href":"https:\/\/api.w.org\/{rel}","templated":true}]}}