{"id":2996,"date":"2026-04-14T22:12:28","date_gmt":"2026-04-14T20:12:28","guid":{"rendered":"http:\/\/www.protex-new.de\/?page_id=2996"},"modified":"2026-04-16T20:49:58","modified_gmt":"2026-04-16T18:49:58","slug":"logistik-und-lagerhaltung","status":"publish","type":"page","link":"https:\/\/www.protexonline.com\/de\/logistik-und-lagerhaltung\/","title":{"rendered":"Logistik &#038; Lagerhaltung"},"content":{"rendered":"\n\t<section class=\"section\" id=\"section_1447971837\">\n\t\t<div class=\"section-bg fill\" >\n\t\t\t\t\t\t\t\t\t\n\t\t\t\n\n\t\t<\/div>\n\n\t\t\n\n\t\t<div class=\"section-content relative\">\n\t\t\t\n<div class=\"row\"  id=\"row-1336749585\">\n\n\t<div id=\"col-622706351\" class=\"col small-12 large-12\"  >\n\t\t\t\t<div class=\"col-inner\"  >\n\t\t\t\n\t\t\t\n\n  <div class=\"banner has-hover\" id=\"banner-1437566413\">\n          <div class=\"banner-inner fill\">\n        <div class=\"banner-bg fill\" >\n            <img loading=\"lazy\" decoding=\"async\" width=\"1920\" height=\"1071\" src=\"https:\/\/www.protexonline.com\/wp-content\/uploads\/2026\/04\/protex-lkw.webp\" class=\"bg attachment-original size-original\" alt=\"Unser PROTEX-LKW on tour\" \/>                                    \n                    <\/div>\n\t\t\n        <div class=\"banner-layers container\">\n            <div class=\"fill banner-link\"><\/div>            \n   <div id=\"text-box-783163290\" class=\"text-box banner-layer x5 md-x5 lg-x5 y95 md-y10 lg-y10 res-text\">\n                                <div class=\"text-box-content text box-shadow-1\">\n              \n              <div class=\"text-inner text-left\">\n                  \n<h2 class=\"uppercase\">LOGISTIK &amp; LAGERHALTUNG<\/h2>\n<p><span style=\"font-size: 130%;\">Zuverl\u00e4ssige Versorgung Ihrer Produktion, auf die Sie sich jederzeit verlassen k\u00f6nnen.<\/span><\/p>\n              <\/div>\n           <\/div>\n                            \n<style>\n#text-box-783163290 .text-box-content {\n  background-color: rgba(255, 255, 255, 0.94);\n  font-size: 100%;\n}\n#text-box-783163290 .text-inner {\n  padding: 30px 30px 30px 30px;\n}\n#text-box-783163290 {\n  width: 90%;\n}\n@media (min-width:550px) {\n  #text-box-783163290 {\n    width: 37%;\n  }\n}\n<\/style>\n    <\/div>\n \n        <\/div>\n      <\/div>\n\n            \n<style>\n#banner-1437566413 {\n  padding-top: 650px;\n}\n#banner-1437566413 .banner-bg img {\n  object-position: 69% 26%;\n}\n<\/style>\n  <\/div>\n\n\n\t\t<\/div>\n\t\t\t\t\t<\/div>\n\n\t\n<\/div>\n\t\t<\/div>\n\n\t\t\n<style>\n#section_1447971837 {\n  padding-top: 0px;\n  padding-bottom: 0px;\n}\n<\/style>\n\t<\/section>\n\t\n\n\t<section class=\"section\" id=\"section_476305917\">\n\t\t<div class=\"section-bg fill\" >\n\t\t\t\t\t\t\t\t\t\n\t\t\t\n\n\t\t<\/div>\n\n\t\t\n\n\t\t<div class=\"section-content relative\">\n\t\t\t\n<div class=\"row\"  id=\"row-1904753860\">\n\n\t<div id=\"col-702669940\" class=\"col small-12 large-12\"  >\n\t\t\t\t<div class=\"col-inner\"  >\n\t\t\t\n\t\t\t\n\t<div id=\"gap-1913047382\" class=\"gap-element clearfix\" style=\"display:block; height:auto;\">\n\t\t\n<style>\n#gap-1913047382 {\n  padding-top: 50px;\n}\n<\/style>\n\t<\/div>\n\t\n<div class=\"container section-title-container\" ><h2 class=\"section-title section-title-center\"><b aria-hidden=\"true\"><\/b><span class=\"section-title-main\" >Schnelle Verf\u00fcgbarkeit, zuverl\u00e4ssige Lieferung<\/span><b aria-hidden=\"true\"><\/b><\/h2><\/div>\n<div class=\"row\"  id=\"row-1874612420\">\n\n\t<div id=\"col-828102317\" class=\"col medium-2 small-12 large-2\"  >\n\t\t\t\t<div class=\"col-inner\"  >\n\t\t\t\n\t\t\t\n\t\t<\/div>\n\t\t\t\t\t<\/div>\n\n\t\n\n\t<div id=\"col-977802928\" class=\"col medium-8 small-12 large-8\"  >\n\t\t\t\t<div class=\"col-inner\"  >\n\t\t\t\n\t\t\t\n<p>In vielen Anwendungsbereichen sind Verf\u00fcgbarkeit, Lieferzuverl\u00e4ssigkeit und Reaktionsf\u00e4higkeit entscheidend f\u00fcr den Projekterfolg. Genau deshalb setzen wir bewusst auf <strong>unser eigenes Lager in Deutschland<\/strong> und die <strong>enge Zusammenarbeit mit spezialisierten Logistikpartnern in ganz Europa.<\/strong><\/p>\n<p>Dieser Ansatz erm\u00f6glicht es uns, unseren Kunden technische Garne, Gewebe, Fasern und PET-Chips schnell, zuverl\u00e4ssig und mit maximaler Versorgungssicherheit bereitzustellen \u2013 auch bei kurzfristigem Bedarf oder komplexen Lieferanforderungen.<\/p>\n<p>\u00a0<\/p>\n<h3>Sofortige Verf\u00fcgbarkeit der wichtigsten Produkte<\/h3>\n<p>Die wichtigsten technischen Garne, Gewebe, Fasern und PET-Chips halten wir in unserem eigenen Lager vor.<\/p>\n<ul>\n<li class=\"bullet-checkmark\"><strong>Kurze Lieferzeiten durch Direktversand aus Deutschland<\/strong><\/li>\n<li class=\"bullet-checkmark\"><strong>Schnelle Lieferung ohne lange Vorlaufplanung<\/strong><\/li>\n<li class=\"bullet-checkmark\"><strong>Hohe Verf\u00fcgbarkeit auch bei kurzfristigem Bedarf<\/strong><\/li>\n<li class=\"bullet-checkmark\"><strong>Geringeres Risiko von Produktionsausf\u00e4llen und Projektverz\u00f6gerungen<\/strong><\/li>\n<\/ul>\n\t\t<\/div>\n\t\t\t\t\t<\/div>\n\n\t\n\n\t<div id=\"col-794700945\" class=\"col medium-2 small-12 large-2\"  >\n\t\t\t\t<div class=\"col-inner\"  >\n\t\t\t\n\t\t\t\n\t\t<\/div>\n\t\t\t\t\t<\/div>\n\n\t\n<\/div>\n\t\t<\/div>\n\t\t\t\t\t<\/div>\n\n\t\n<\/div>\n\t\t<\/div>\n\n\t\t\n<style>\n#section_476305917 {\n  padding-top: 0px;\n  padding-bottom: 0px;\n}\n<\/style>\n\t<\/section>\n\t\n\n\t<section class=\"section\" id=\"section_185921977\">\n\t\t<div class=\"section-bg fill\" >\n\t\t\t\t\t\t\t\t\t\n\t\t\t\n\n\t\t<\/div>\n\n\t\t\n\n\t\t<div class=\"section-content relative\">\n\t\t\t\n<div class=\"row\"  id=\"row-1406819513\">\n\n\t<div id=\"col-365885493\" class=\"col small-12 large-12\"  >\n\t\t\t\t<div class=\"col-inner\"  >\n\t\t\t\n\t\t\t\n\t<div id=\"gap-1153174540\" class=\"gap-element clearfix\" style=\"display:block; height:auto;\">\n\t\t\n<style>\n#gap-1153174540 {\n  padding-top: 30px;\n}\n<\/style>\n\t<\/div>\n\t\n\t<div id=\"gap-146122381\" class=\"gap-element clearfix\" style=\"display:block; height:auto;\">\n\t\t\n<style>\n#gap-146122381 {\n  padding-top: 50px;\n}\n<\/style>\n\t<\/div>\n\t\n<div class=\"container section-title-container\" ><h1 class=\"section-title section-title-center\"><b aria-hidden=\"true\"><\/b><span class=\"section-title-main\" >Ihre Vorteile auf einen Blick<\/span><b aria-hidden=\"true\"><\/b><\/h1><\/div>\n<div class=\"row\"  id=\"row-1644291887\">\n\n\t<div id=\"col-876849544\" class=\"col medium-5 small-12 large-5\"  >\n\t\t\t\t<div class=\"col-inner\"  >\n\t\t\t\n\t\t\t\n\t<div id=\"gap-2134983175\" class=\"gap-element clearfix\" style=\"display:block; height:auto;\">\n\t\t\n<style>\n#gap-2134983175 {\n  padding-top: 10px;\n}\n<\/style>\n\t<\/div>\n\t\n\t<div class=\"img has-hover x md-x lg-x y md-y lg-y\" id=\"image_1198715870\">\n\t\t<a class=\"\" href=\"https:\/\/germany.controlunion.com\/certification-program\/grs-global-recycled-standard\/\" target=\"_blank\" rel=\"noopener\" >\t\t\t\t\t\t<div class=\"img-inner dark\" >\n\t\t\t<img loading=\"lazy\" decoding=\"async\" width=\"1920\" height=\"1080\" src=\"https:\/\/www.protexonline.com\/wp-content\/uploads\/2026\/01\/fast_delivery_by_PROTEX.webp\" class=\"attachment-original size-original\" alt=\"\" srcset=\"https:\/\/www.protexonline.com\/wp-content\/uploads\/2026\/01\/fast_delivery_by_PROTEX.webp 1920w, https:\/\/www.protexonline.com\/wp-content\/uploads\/2026\/01\/fast_delivery_by_PROTEX-300x169.webp 300w, https:\/\/www.protexonline.com\/wp-content\/uploads\/2026\/01\/fast_delivery_by_PROTEX-1024x576.webp 1024w, https:\/\/www.protexonline.com\/wp-content\/uploads\/2026\/01\/fast_delivery_by_PROTEX-768x432.webp 768w, https:\/\/www.protexonline.com\/wp-content\/uploads\/2026\/01\/fast_delivery_by_PROTEX-1536x864.webp 1536w\" sizes=\"auto, (max-width: 1920px) 100vw, 1920px\" \/>\t\t\t\t\t\t\n\t\t\t\t\t<\/div>\n\t\t\t\t\t\t<\/a>\t\t\n<style>\n#image_1198715870 {\n  width: 100%;\n}\n<\/style>\n\t<\/div>\n\t\n\t\t<\/div>\n\t\t\t\t\t<\/div>\n\n\t\n\n\t<div id=\"col-760234026\" class=\"col medium-7 small-12 large-7\"  >\n\t\t\t\t<div class=\"col-inner\"  >\n\t\t\t\n\t\t\t\n<ul>\n<li class=\"bullet-checkmark\">Reduzierte Lieferkettenrisiken<\/li>\n<li class=\"bullet-checkmark\">Schnelle Lieferung dank Lagerhaltung in Deutschland<\/li>\n<li class=\"bullet-checkmark\">Hohe Versorgungssicherheit, auch bei kurzfristigem Bedarf<\/li>\n<li class=\"bullet-checkmark\">Planungssicherheit f\u00fcr Produktion und Projekte<\/li>\n<li class=\"bullet-checkmark\">Zuverl\u00e4ssige Liefertermine durch spezialisierte Logistikpartner<\/li>\n<li class=\"bullet-checkmark\">Ein zentraler Ansprechpartner f\u00fcr Produkte und Logistik<\/li>\n<\/ul>\n\t\t<\/div>\n\t\t\t\t\t<\/div>\n\n\t\n<\/div>\n\t\t<\/div>\n\t\t\t\t\t<\/div>\n\n\t\n<\/div>\n\t\t<\/div>\n\n\t\t\n<style>\n#section_185921977 {\n  padding-top: 0px;\n  padding-bottom: 0px;\n  background-color: rgb(245, 245, 245);\n}\n<\/style>\n\t<\/section>\n\t\n\n\t<section class=\"section\" id=\"section_2057687125\">\n\t\t<div class=\"section-bg fill\" >\n\t\t\t\t\t\t\t\t\t\n\t\t\t\n\n\t\t<\/div>\n\n\t\t\n\n\t\t<div class=\"section-content relative\">\n\t\t\t\n<div class=\"row\"  id=\"row-369173384\">\n\n\t<div id=\"col-391012811\" class=\"col small-12 large-12\"  >\n\t\t\t\t<div class=\"col-inner\"  >\n\t\t\t\n\t\t\t\n\t<div id=\"gap-977285491\" class=\"gap-element clearfix\" style=\"display:block; height:auto;\">\n\t\t\n<style>\n#gap-977285491 {\n  padding-top: 75px;\n}\n<\/style>\n\t<\/div>\n\t\n<div class=\"row\"  id=\"row-626001290\">\n\n\t<div id=\"col-73042923\" class=\"col medium-2 small-12 large-2\"  >\n\t\t\t\t<div class=\"col-inner\"  >\n\t\t\t\n\t\t\t\n\t\t<\/div>\n\t\t\t\t\t<\/div>\n\n\t\n\n\t<div id=\"col-825261337\" class=\"col medium-8 small-12 large-8\"  >\n\t\t\t\t<div class=\"col-inner\"  >\n\t\t\t\n\t\t\t\n<h3>Versorgungssicherheit und Planungszuverl\u00e4ssigkeit<\/h3>\n<p>Durch die Pflege eigener Best\u00e4nde behalten wir die volle Kontrolle \u00fcber Verf\u00fcgbarkeit und Lieferf\u00e4higkeit.<\/p>\n<ul>\n<li class=\"bullet-checkmark\">Geringere Abh\u00e4ngigkeit von volatilen globalen Lieferketten<\/li>\n<li class=\"bullet-checkmark\">Schutz vor Engp\u00e4ssen und Verz\u00f6gerungen<\/li>\n<li class=\"bullet-checkmark\">Zuverl\u00e4ssige Planung f\u00fcr Ihre Produktionsprozesse<\/li>\n<li class=\"bullet-checkmark\">Gr\u00f6\u00dfere Flexibilit\u00e4t bei schwankendem Bedarf<\/li>\n<\/ul>\n<h3>\u00a0<\/h3>\n<h3>Ma\u00dfgeschneiderte Logistikl\u00f6sungen<\/h3>\n<p>F\u00fcr den Transport unserer technischen Textilien arbeiten wir eng mit erfahrenen, spezialisierten Logistikdienstleistern zusammen.<\/p>\n<ul>\n<li>Optimierte Transportprozesse f\u00fcr technische Produkte<\/li>\n<li>Sichere und professionelle Handhabung empfindlicher Materialien<\/li>\n<li>Nationale und internationale Lieferl\u00f6sungen<\/li>\n<li>Flexible Versandoptionen, zugeschnitten auf Ihre Anforderungen<\/li>\n<\/ul>\n\t\t<\/div>\n\t\t\t\t\t<\/div>\n\n\t\n\n\t<div id=\"col-210630819\" class=\"col medium-2 small-12 large-2\"  >\n\t\t\t\t<div class=\"col-inner\"  >\n\t\t\t\n\t\t\t\n\t\t<\/div>\n\t\t\t\t\t<\/div>\n\n\t\n<\/div>\n\t\t<\/div>\n\t\t\t\t\t<\/div>\n\n\t\n<\/div>\n\t\t<\/div>\n\n\t\t\n<style>\n#section_2057687125 {\n  padding-top: 0px;\n  padding-bottom: 0px;\n}\n<\/style>\n\t<\/section>\n\t\n\n\t<section class=\"section\" id=\"section_509273666\">\n\t\t<div class=\"section-bg fill\" >\n\t\t\t\t\t\t\t\t\t\n\t\t\t\n\n\t\t<\/div>\n\n\t\t\n\n\t\t<div class=\"section-content relative\">\n\t\t\t\n<div class=\"row\"  id=\"row-913653762\">\n\n\t<div id=\"col-2052720913\" class=\"col small-12 large-12\"  >\n\t\t\t\t<div class=\"col-inner\"  >\n\t\t\t\n\t\t\t\n\n  <div class=\"banner has-hover\" id=\"banner-176084276\">\n          <div class=\"banner-inner fill\">\n        <div class=\"banner-bg fill\" >\n            <img loading=\"lazy\" decoding=\"async\" width=\"1920\" height=\"1080\" src=\"https:\/\/www.protexonline.com\/wp-content\/uploads\/2025\/10\/logistics-by-protex.jpg\" class=\"bg attachment-original size-original\" alt=\"Logistics done right by PROTEX\" \/>                                    \n                    <\/div>\n\t\t\n        <div class=\"banner-layers container\">\n            <div class=\"fill banner-link\"><\/div>            \n   <div id=\"text-box-438452091\" class=\"text-box banner-layer x5 md-x5 lg-x5 y95 md-y15 lg-y15 res-text\">\n                                <div class=\"text-box-content text \">\n              \n              <div class=\"text-inner text-left\">\n                  \n<h2 class=\"uppercase\" style=\"text-align: left;\"><span style=\"color: #ffffff; font-size: 130%;\">Zusammenarbeit mit spezialisierten Logistikpartnern<\/span><\/h2>\n              <\/div>\n           <\/div>\n                            \n<style>\n#text-box-438452091 {\n  width: 90%;\n}\n#text-box-438452091 .text-box-content {\n  font-size: 100%;\n}\n@media (min-width:550px) {\n  #text-box-438452091 {\n    width: 56%;\n  }\n}\n<\/style>\n    <\/div>\n \n        <\/div>\n      <\/div>\n\n            \n<style>\n#banner-176084276 {\n  padding-top: 501px;\n}\n#banner-176084276 .banner-bg img {\n  object-position: 74% 45%;\n}\n<\/style>\n  <\/div>\n\n\n\t<div id=\"gap-1892181160\" class=\"gap-element clearfix\" style=\"display:block; height:auto;\">\n\t\t\n<style>\n#gap-1892181160 {\n  padding-top: 30px;\n}\n<\/style>\n\t<\/div>\n\t\n\t\t<\/div>\n\t\t\t\t\t<\/div>\n\n\t\n<\/div>\n\t\t<\/div>\n\n\t\t\n<style>\n#section_509273666 {\n  padding-top: 0px;\n  padding-bottom: 0px;\n}\n<\/style>\n\t<\/section>\n\t\n\t<div id=\"gap-1609447963\" class=\"gap-element clearfix\" style=\"display:block; height:auto;\">\n\t\t\n<style>\n#gap-1609447963 {\n  padding-top: 30px;\n}\n<\/style>\n\t<\/div>\n\t\n\n\t<section class=\"section\" id=\"section_2077570137\">\n\t\t<div class=\"section-bg fill\" >\n\t\t\t\t\t\t\t\t\t\n\t\t\t\n\n\t\t<\/div>\n\n\t\t\n\n\t\t<div class=\"section-content relative\">\n\t\t\t\n<div class=\"row\"  id=\"row-1227633488\">\n\n\t<div id=\"col-1894922135\" class=\"col small-12 large-12\"  >\n\t\t\t\t<div class=\"col-inner\"  >\n\t\t\t\n\t\t\t\n<div class=\"row\"  id=\"row-715401496\">\n\n\t<div id=\"col-1454067038\" class=\"col medium-2 small-12 large-2\"  >\n\t\t\t\t<div class=\"col-inner\"  >\n\t\t\t\n\t\t\t\n\t\t<\/div>\n\t\t\t\t\t<\/div>\n\n\t\n\n\t<div id=\"col-1101497193\" class=\"col medium-8 small-12 large-8\"  >\n\t\t\t\t<div class=\"col-inner\"  >\n\t\t\t\n\t\t\t\n<h3>Maximale Lieferzuverl\u00e4ssigkeit und Termintreue<\/h3>\n<p>Unsere Logistikprozesse sind darauf ausgelegt, Liefertermine konsequent und zuverl\u00e4ssig einzuhalten.<\/p>\n<ul>\n<li class=\"bullet-checkmark\">Hohe Termintreue bei der Lieferung<\/li>\n<li class=\"bullet-checkmark\">Transparente Logistikprozesse<\/li>\n<li class=\"bullet-checkmark\">Verl\u00e4ssliche Zusagen statt unverbindlicher Liefertermine<\/li>\n<li class=\"bullet-checkmark\">Planungssicherheit f\u00fcr Ihre internen Abl\u00e4ufe<\/li>\n<\/ul>\n<h2>\u00a0<\/h2>\n<h2><span style=\"background-color: #1f345e; color: #ffffff;\">\u00a0Mehr als ein Lieferant \u2013 Ihr zuverl\u00e4ssiger Partner\u00a0<\/span><\/h2>\n<p>Wir verstehen uns nicht nur als Lieferant technischer Textilien, sondern als Partner, der Ihre Lieferkette aktiv st\u00e4rkt. Durch eigene Lagerhaltung, effiziente Prozesse und zuverl\u00e4ssige Logistik schaffen wir echten Mehrwert f\u00fcr Ihr Unternehmen.<\/p>\n<p><strong>Verlassen Sie sich auf Verf\u00fcgbarkeit und Termintreue \u2013 damit Sie sich auf Ihr Kerngesch\u00e4ft konzentrieren k\u00f6nnen.<\/strong><\/p>\n\t\t<\/div>\n\t\t\t\t\t<\/div>\n\n\t\n\n\t<div id=\"col-1010365309\" class=\"col medium-2 small-12 large-2\"  >\n\t\t\t\t<div class=\"col-inner\"  >\n\t\t\t\n\t\t\t\n\t\t<\/div>\n\t\t\t\t\t<\/div>\n\n\t\n<\/div>\n\t\t<\/div>\n\t\t\t\t\t<\/div>\n\n\t\n<\/div>\n\t\t<\/div>\n\n\t\t\n<style>\n#section_2077570137 {\n  padding-top: 0px;\n  padding-bottom: 0px;\n}\n<\/style>\n\t<\/section>\n\t\n\n\t<section class=\"section\" id=\"section_2143337580\">\n\t\t<div class=\"section-bg fill\" >\n\t\t\t\t\t\t\t\t\t\n\t\t\t\n\n\t\t<\/div>\n\n\t\t\n\n\t\t<div class=\"section-content relative\">\n\t\t\t\n<div class=\"row\"  id=\"row-468557361\">\n\n\t<div id=\"col-902412240\" class=\"col small-12 large-12\"  >\n\t\t\t\t<div class=\"col-inner\"  >\n\t\t\t\n\t\t\t\n<div class=\"message-box relative dark\" style=\"padding-top:100px;padding-bottom:100px;\"><div class=\"message-box-bg-image bg-fill fill\" ><\/div><div class=\"message-box-bg-overlay bg-fill fill\" style=\"background-color:rgb(31, 52, 94);\"><\/div><div class=\"container relative\"><div class=\"inner last-reset\">\n<div class=\"row align-middle\"  id=\"row-822720597\">\n\n\t<div id=\"col-505890942\" class=\"col medium-2 small-12 large-2\"  >\n\t\t\t\t<div class=\"col-inner\"  >\n\t\t\t\n\t\t\t\n\t\t<\/div>\n\t\t\t\t\t<\/div>\n\n\t\n\n\t<div id=\"col-1174703772\" class=\"col medium-8 small-12 large-8\"  >\n\t\t\t\t<div class=\"col-inner\"  >\n\t\t\t\n\t\t\t\n<h2 class=\"uppercase\"><span style=\"color: #ffffff;\">KONTAKT AUFNEHMEN<\/span><\/h2>\n<p><span style=\"color: #ffffff;\">Sie k\u00f6nnen uns jederzeit kontaktieren, um mehr dar\u00fcber zu erfahren, wie wir Sie bei der Herstellung nachhaltiger und zugleich hochwertiger Produkte unterst\u00fctzen k\u00f6nnen.<\/span><\/p>\n\t<div id=\"gap-368454632\" class=\"gap-element clearfix\" style=\"display:block; height:auto;\">\n\t\t\n<style>\n#gap-368454632 {\n  padding-top: 10px;\n}\n<\/style>\n\t<\/div>\n\t\n\t<div id=\"gap-476363334\" class=\"gap-element clearfix\" style=\"display:block; height:auto;\">\n\t\t\n<style>\n#gap-476363334 {\n  padding-top: 15px;\n}\n<\/style>\n\t<\/div>\n\t\n\n<div class=\"wpcf7 no-js\" id=\"wpcf7-f2092-o1\" lang=\"en-US\" dir=\"ltr\" data-wpcf7-id=\"2092\">\n<div class=\"screen-reader-response\"><p role=\"status\" aria-live=\"polite\" aria-atomic=\"true\"><\/p> <ul><\/ul><\/div>\n<form action=\"\/de\/wp-json\/wp\/v2\/pages\/2996#wpcf7-f2092-o1\" method=\"post\" class=\"wpcf7-form init\" aria-label=\"Contact form\" novalidate=\"novalidate\" data-status=\"init\">\n<fieldset class=\"hidden-fields-container\"><input type=\"hidden\" name=\"_wpcf7\" value=\"2092\" \/><input type=\"hidden\" name=\"_wpcf7_version\" value=\"6.1.5\" \/><input type=\"hidden\" name=\"_wpcf7_locale\" value=\"en_US\" \/><input type=\"hidden\" name=\"_wpcf7_unit_tag\" value=\"wpcf7-f2092-o1\" \/><input type=\"hidden\" name=\"_wpcf7_container_post\" value=\"0\" \/><input type=\"hidden\" name=\"_wpcf7_posted_data_hash\" value=\"\" \/>\n<\/fieldset>\n<div class=\"flex-row form-flat medium-flex-wrap\">\n\t<div class=\"flex-col flex-grow\">\n\t\t<p><span class=\"wpcf7-form-control-wrap\" data-name=\"your-email\"><input size=\"40\" maxlength=\"400\" class=\"wpcf7-form-control wpcf7-email wpcf7-validates-as-required wpcf7-text wpcf7-validates-as-email\" aria-required=\"true\" aria-invalid=\"false\" placeholder=\"Your Email\" value=\"\" type=\"email\" name=\"your-email\" \/><\/span>\n\t\t<\/p>\n\t<\/div>\n\t<div class=\"flex-col ml-half\">\n\t\t<p><input class=\"wpcf7-form-control wpcf7-submit has-spinner button\" type=\"submit\" value=\"Send\" \/>\n\t\t<\/p>\n\t<\/div>\n<\/div><div class=\"wpcf7-response-output\" aria-hidden=\"true\"><\/div>\n<\/form>\n<\/div>\n\n\t\t<\/div>\n\t\t\t\t\t<\/div>\n\n\t\n\n\t<div id=\"col-458968708\" class=\"col medium-2 small-12 large-2\"  >\n\t\t\t\t<div class=\"col-inner\"  >\n\t\t\t\n\t\t\t\n\t\t<\/div>\n\t\t\t\t\t<\/div>\n\n\t\n<\/div>\n<\/div><\/div><\/div>\n\t<div id=\"gap-1595559252\" class=\"gap-element clearfix\" style=\"display:block; height:auto;\">\n\t\t\n<style>\n#gap-1595559252 {\n  padding-top: 30px;\n}\n<\/style>\n\t<\/div>\n\t\n\t\t<\/div>\n\t\t\t\t\t<\/div>\n\n\t\n<\/div>\n\t\t<\/div>\n\n\t\t\n<style>\n#section_2143337580 {\n  padding-top: 0px;\n  padding-bottom: 0px;\n}\n<\/style>\n\t<\/section>\n\t\n\t<div id=\"gap-1767165561\" class=\"gap-element clearfix\" style=\"display:block; height:auto;\">\n\t\t\n<style>\n#gap-1767165561 {\n  padding-top: 50px;\n}\n<\/style>\n\t<\/div>\n\t\n","protected":false},"excerpt":{"rendered":"","protected":false},"author":1,"featured_media":0,"parent":0,"menu_order":0,"comment_status":"closed","ping_status":"open","template":"page-blank.php","meta":{"_seopress_robots_primary_cat":"","_seopress_titles_title":"","_seopress_titles_desc":"","_seopress_robots_index":"","footnotes":""},"class_list":["post-2996","page","type-page","status-publish","hentry"],"_links":{"self":[{"href":"https:\/\/www.protexonline.com\/de\/wp-json\/wp\/v2\/pages\/2996","targetHints":{"allow":["GET"]}}],"collection":[{"href":"https:\/\/www.protexonline.com\/de\/wp-json\/wp\/v2\/pages"}],"about":[{"href":"https:\/\/www.protexonline.com\/de\/wp-json\/wp\/v2\/types\/page"}],"author":[{"embeddable":true,"href":"https:\/\/www.protexonline.com\/de\/wp-json\/wp\/v2\/users\/1"}],"replies":[{"embeddable":true,"href":"https:\/\/www.protexonline.com\/de\/wp-json\/wp\/v2\/comments?post=2996"}],"version-history":[{"count":4,"href":"https:\/\/www.protexonline.com\/de\/wp-json\/wp\/v2\/pages\/2996\/revisions"}],"predecessor-version":[{"id":3101,"href":"https:\/\/www.protexonline.com\/de\/wp-json\/wp\/v2\/pages\/2996\/revisions\/3101"}],"wp:attachment":[{"href":"https:\/\/www.protexonline.com\/de\/wp-json\/wp\/v2\/media?parent=2996"}],"curies":[{"name":"wp","href":"https:\/\/api.w.org\/{rel}","templated":true}]}}