{"id":2999,"date":"2026-04-14T22:16:13","date_gmt":"2026-04-14T20:16:13","guid":{"rendered":"http:\/\/www.protex-new.de\/?page_id=2999"},"modified":"2026-04-14T22:18:35","modified_gmt":"2026-04-14T20:18:35","slug":"unsere-marken","status":"publish","type":"page","link":"https:\/\/www.protexonline.com\/de\/unsere-marken\/","title":{"rendered":"Unsere Marken"},"content":{"rendered":"\n\t<section class=\"section\" id=\"section_455787752\">\n\t\t<div class=\"section-bg fill\" >\n\t\t\t\t\t\t\t\t\t\n\t\t\t\n\n\t\t<\/div>\n\n\t\t\n\n\t\t<div class=\"section-content relative\">\n\t\t\t\n<div class=\"row\"  id=\"row-1239277559\">\n\n\t<div id=\"col-1138238212\" class=\"col small-12 large-12\"  >\n\t\t\t\t<div class=\"col-inner\"  >\n\t\t\t\n\t\t\t\n\n  <div class=\"banner has-hover\" id=\"banner-1456210390\">\n          <div class=\"banner-inner fill\">\n        <div class=\"banner-bg fill\" >\n            <img loading=\"lazy\" decoding=\"async\" width=\"1920\" height=\"1072\" src=\"https:\/\/www.protexonline.com\/wp-content\/uploads\/2026\/03\/webseite-marken-brands.webp\" class=\"bg attachment-original size-original\" alt=\"\" \/>                                    \n                    <\/div>\n\t\t\n        <div class=\"banner-layers container\">\n            <div class=\"fill banner-link\"><\/div>            \n   <div id=\"text-box-241947473\" class=\"text-box banner-layer x95 md-x95 lg-x95 y95 md-y90 lg-y90 res-text\">\n                                <div class=\"text-box-content text box-shadow-1\">\n              \n              <div class=\"text-inner text-left\">\n                  \n<h2 class=\"uppercase\">Brands 4U<\/h2>\n<p><span style=\"font-size: 130%;\">Unsere Marken sind sorgf\u00e4ltig ausgew\u00e4hlt und stehen f\u00fcr gleichbleibende Qualit\u00e4t, langfristige Zuverl\u00e4ssigkeit und ununterbrochene Verf\u00fcgbarkeit f\u00fcr Ihren Produktionsprozess.<\/span><\/p>\n              <\/div>\n           <\/div>\n                            \n<style>\n#text-box-241947473 .text-box-content {\n  background-color: rgba(255, 255, 255, 0.94);\n  font-size: 100%;\n}\n#text-box-241947473 .text-inner {\n  padding: 30px 30px 30px 30px;\n}\n#text-box-241947473 {\n  width: 90%;\n}\n@media (min-width:550px) {\n  #text-box-241947473 {\n    width: 41%;\n  }\n}\n<\/style>\n    <\/div>\n \n        <\/div>\n      <\/div>\n\n            \n<style>\n#banner-1456210390 {\n  padding-top: 637px;\n}\n#banner-1456210390 .banner-bg img {\n  object-position: 44% 70%;\n}\n<\/style>\n  <\/div>\n\n\n\t<div id=\"gap-1568129354\" class=\"gap-element clearfix\" style=\"display:block; height:auto;\">\n\t\t\n<style>\n#gap-1568129354 {\n  padding-top: 30px;\n}\n<\/style>\n\t<\/div>\n\t\n\t\t<\/div>\n\t\t\t\t\t<\/div>\n\n\t\n<\/div>\n\t\t<\/div>\n\n\t\t\n<style>\n#section_455787752 {\n  padding-top: 0px;\n  padding-bottom: 0px;\n}\n<\/style>\n\t<\/section>\n\t\n\n\t<section class=\"section\" id=\"section_1882475148\">\n\t\t<div class=\"section-bg fill\" >\n\t\t\t\t\t\t\t\t\t\n\t\t\t\n\n\t\t<\/div>\n\n\t\t\n\n\t\t<div class=\"section-content relative\">\n\t\t\t\n<div class=\"row\"  id=\"row-527685851\">\n\n\t<div id=\"col-1170966999\" class=\"col small-12 large-12\"  >\n\t\t\t\t<div class=\"col-inner\"  >\n\t\t\t\n\t\t\t\n\t<div id=\"gap-1669574098\" class=\"gap-element clearfix\" style=\"display:block; height:auto;\">\n\t\t\n<style>\n#gap-1669574098 {\n  padding-top: 50px;\n}\n<\/style>\n\t<\/div>\n\t\n<div class=\"container section-title-container\" ><h1 class=\"section-title section-title-center\"><b aria-hidden=\"true\"><\/b><span class=\"section-title-main\" >Qualit\u00e4tsmarken f\u00fcr textile Exzellenz<\/span><b aria-hidden=\"true\"><\/b><\/h1><\/div>\n\t<div id=\"gap-713519575\" class=\"gap-element clearfix\" style=\"display:block; height:auto;\">\n\t\t\n<style>\n#gap-713519575 {\n  padding-top: 50px;\n}\n<\/style>\n\t<\/div>\n\t\n<div class=\"row align-middle\"  id=\"row-459553673\">\n\n\t<div id=\"col-1735707336\" class=\"col medium-4 small-12 large-4\"  >\n\t\t\t\t<div class=\"col-inner\"  >\n\t\t\t\n\t\t\t\n\t<div class=\"img has-hover x md-x lg-x y md-y lg-y\" id=\"image_102678856\">\n\t\t<a class=\"\" href=\"\/high-tenacity-yarns\/high-tenacity-polyester-yarn\/\" >\t\t\t\t<div data-animate=\"fadeInRight\">\t\t<div class=\"img-inner dark\" >\n\t\t\t<img loading=\"lazy\" decoding=\"async\" width=\"1920\" height=\"534\" src=\"https:\/\/www.protexonline.com\/wp-content\/uploads\/2026\/03\/GUALON-Logo2026_hd.png\" class=\"attachment-original size-original\" alt=\"GUALON - unsere textile Marke f\u00fcr high-performance Produkte\" srcset=\"https:\/\/www.protexonline.com\/wp-content\/uploads\/2026\/03\/GUALON-Logo2026_hd.png 1920w, https:\/\/www.protexonline.com\/wp-content\/uploads\/2026\/03\/GUALON-Logo2026_hd-300x83.png 300w, https:\/\/www.protexonline.com\/wp-content\/uploads\/2026\/03\/GUALON-Logo2026_hd-1024x285.png 1024w, https:\/\/www.protexonline.com\/wp-content\/uploads\/2026\/03\/GUALON-Logo2026_hd-768x214.png 768w, https:\/\/www.protexonline.com\/wp-content\/uploads\/2026\/03\/GUALON-Logo2026_hd-1536x427.png 1536w\" sizes=\"auto, (max-width: 1920px) 100vw, 1920px\" \/>\t\t\t\t\t\t\n\t\t\t\t\t<\/div>\n\t\t<\/div>\t\t\t\t<\/a>\t\t\n<style>\n#image_102678856 {\n  width: 100%;\n}\n<\/style>\n\t<\/div>\n\t\n\t\t<\/div>\n\t\t\t\t\t<\/div>\n\n\t\n\n\t<div id=\"col-583241532\" class=\"col medium-8 small-12 large-8\"  >\n\t\t\t\t<div class=\"col-inner\"  >\n\t\t\t\n\t\t\t\n<h3 class=\"font-claude-response-body break-words whitespace-normal leading-&#091;1.7&#093;\"><strong>GUALON \u2013 Hochfeste Polyestergarne f\u00fcr anspruchsvolle Anwendungen<\/strong><\/h3>\n<p class=\"font-claude-response-body break-words whitespace-normal leading-&#091;1.7&#093;\">GUALON ist die exklusive Hochfest-Polyestergarn-Marke der PROTEX New Advanced Textiles GmbH, speziell entwickelt f\u00fcr Anwendungen, bei denen Festigkeit und Zuverl\u00e4ssigkeit unverzichtbar sind. GUALON-Garne werden in der Herstellung von F\u00f6rderb\u00e4ndern, Seilen, technischen Geweben und anderen leistungskritischen Textilien eingesetzt und bieten au\u00dfergew\u00f6hnliche Zugfestigkeit, Formstabilit\u00e4t und langfristige Haltbarkeit. Jedes Produkt ist durch die Expertise und Qualit\u00e4tsstandards von PROTEX abgesichert, was eine gleichbleibende Leistung auf jeder Spule gew\u00e4hrleistet. F\u00fcr Hersteller, die auf \u00fcberlegene Rohstoffe angewiesen sind, ist GUALON die vertrauensw\u00fcrdige Wahl \u2013 industrielle Leistungsst\u00e4rke kombiniert mit der Verl\u00e4sslichkeit einer dedizierten Spezialmarke.<\/p>\n<a href=\"\/high-tenacity-yarns\/high-tenacity-polyester-yarn\/\" class=\"button primary reveal-icon\" >\n\t\t<span>Zu den Produkten<\/span>\n\t<i class=\"icon-angle-right\" aria-hidden=\"true\"><\/i><\/a>\n\n\t\t<\/div>\n\t\t\t\t\t<\/div>\n\n\t\n<\/div>\n\t\t<\/div>\n\t\t\t\t\t<\/div>\n\n\t\n<\/div>\n\t\t<\/div>\n\n\t\t\n<style>\n#section_1882475148 {\n  padding-top: 0px;\n  padding-bottom: 0px;\n}\n<\/style>\n\t<\/section>\n\t\n\n\t<section class=\"section\" id=\"section_269317281\">\n\t\t<div class=\"section-bg fill\" >\n\t\t\t\t\t\t\t\t\t\n\t\t\t\n\n\t\t<\/div>\n\n\t\t\n\n\t\t<div class=\"section-content relative\">\n\t\t\t\n<div class=\"row\"  id=\"row-1814428893\">\n\n\t<div id=\"col-788061385\" class=\"col small-12 large-12\"  >\n\t\t\t\t<div class=\"col-inner\"  >\n\t\t\t\n\t\t\t\n\t<div id=\"gap-945645483\" class=\"gap-element clearfix\" style=\"display:block; height:auto;\">\n\t\t\n<style>\n#gap-945645483 {\n  padding-top: 50px;\n}\n<\/style>\n\t<\/div>\n\t\n<div class=\"row align-middle\"  id=\"row-373999946\">\n\n\t<div id=\"col-1858802264\" class=\"col medium-4 small-12 large-4\"  >\n\t\t\t\t<div class=\"col-inner\"  >\n\t\t\t\n\t\t\t\n\t<div class=\"img has-hover x md-x lg-x y md-y lg-y\" id=\"image_54322013\">\n\t\t<a class=\"\" href=\"\/high-tenacity-yarns\/high-tenacity-polyester-yarn\/\" >\t\t\t\t<div data-animate=\"fadeInRight\">\t\t<div class=\"img-inner dark\" >\n\t\t\t<img loading=\"lazy\" decoding=\"async\" width=\"1920\" height=\"678\" src=\"https:\/\/www.protexonline.com\/wp-content\/uploads\/2026\/03\/kingsway-logo_hd.webp\" class=\"attachment-original size-original\" alt=\"\" srcset=\"https:\/\/www.protexonline.com\/wp-content\/uploads\/2026\/03\/kingsway-logo_hd.webp 1920w, https:\/\/www.protexonline.com\/wp-content\/uploads\/2026\/03\/kingsway-logo_hd-300x106.webp 300w, https:\/\/www.protexonline.com\/wp-content\/uploads\/2026\/03\/kingsway-logo_hd-1024x362.webp 1024w, https:\/\/www.protexonline.com\/wp-content\/uploads\/2026\/03\/kingsway-logo_hd-768x271.webp 768w, https:\/\/www.protexonline.com\/wp-content\/uploads\/2026\/03\/kingsway-logo_hd-1536x542.webp 1536w\" sizes=\"auto, (max-width: 1920px) 100vw, 1920px\" \/>\t\t\t\t\t\t\n\t\t\t\t\t<\/div>\n\t\t<\/div>\t\t\t\t<\/a>\t\t\n<style>\n#image_54322013 {\n  width: 100%;\n}\n<\/style>\n\t<\/div>\n\t\n\t\t<\/div>\n\t\t\t\t\t<\/div>\n\n\t\n\n\t<div id=\"col-2027592502\" class=\"col medium-8 small-12 large-8\"  >\n\t\t\t\t<div class=\"col-inner\"  >\n\t\t\t\n\t\t\t\n<h3 class=\"font-claude-response-body break-words whitespace-normal leading-&#091;1.7&#093;\"><strong>Kingsway \u2013 Hochleistungsgarne direkt vom Hersteller<\/strong><\/h3>\n<p class=\"font-claude-response-body break-words whitespace-normal leading-&#091;1.7&#093;\">Mit Kingsway setzen wir auf einen der f\u00fchrenden Spezialisten f\u00fcr industrielle Hochfestgarne. Kingsway High-Tech Fiber produziert ein breites Sortiment an Polyester- und Nylon-6-Garnen \u2013 von hochfesten Varianten mit Niedrigschrumpf \u00fcber flammhemmende bis hin zu recycelten Ausf\u00fchrungen (GRS-zertifiziert). Die Produkte kommen in anspruchsvollen Anwendungen wie F\u00f6rderb\u00e4ndern, Geotextilien, Seilen, Schl\u00e4uchen und technischen Geweben zum Einsatz. Als autorisierter Vertriebspartner bieten wir Ihnen direkten Zugang zu dieser Produktqualit\u00e4t \u2013 zuverl\u00e4ssig, kompetent und mit kurzen Lieferzeiten.<\/p>\n<a href=\"\/high-tenacity-yarns\/high-tenacity-polyester-yarn\/\" class=\"button primary reveal-icon\" >\n\t\t<span>Zu den Produkten<\/span>\n\t<i class=\"icon-angle-right\" aria-hidden=\"true\"><\/i><\/a>\n\n\t\t<\/div>\n\t\t\t\t\t<\/div>\n\n\t\n<\/div>\n\t\t<\/div>\n\t\t\t\t\t<\/div>\n\n\t\n<\/div>\n\t\t<\/div>\n\n\t\t\n<style>\n#section_269317281 {\n  padding-top: 0px;\n  padding-bottom: 0px;\n}\n<\/style>\n\t<\/section>\n\t\n\n\t<section class=\"section\" id=\"section_976321238\">\n\t\t<div class=\"section-bg fill\" >\n\t\t\t\t\t\t\t\t\t\n\t\t\t\n\n\t\t<\/div>\n\n\t\t\n\n\t\t<div class=\"section-content relative\">\n\t\t\t\n<div class=\"row\"  id=\"row-537389796\">\n\n\t<div id=\"col-657235695\" class=\"col small-12 large-12\"  >\n\t\t\t\t<div class=\"col-inner\"  >\n\t\t\t\n\t\t\t\n\n  <div class=\"banner has-hover\" id=\"banner-558772081\">\n          <div class=\"banner-inner fill\">\n        <div class=\"banner-bg fill\" >\n            <img loading=\"lazy\" decoding=\"async\" width=\"1920\" height=\"1080\" src=\"https:\/\/www.protexonline.com\/wp-content\/uploads\/2026\/03\/gualon-block.webp\" class=\"bg attachment-original size-original\" alt=\"GUALON, die textile Marke\" \/>                                    \n                    <\/div>\n\t\t\n        <div class=\"banner-layers container\">\n            <div class=\"fill banner-link\"><\/div>            \n   <div id=\"text-box-2028502696\" class=\"text-box banner-layer x10 md-x10 lg-x10 y95 md-y85 lg-y85 res-text\">\n                                <div class=\"text-box-content text \">\n              \n              <div class=\"text-inner text-left\">\n                  \n<h2 class=\"uppercase\" style=\"text-align: left;\"><span style=\"color: #ffffff; font-size: 130%;\">Gleichbleibend hohe Qualit\u00e4t und Zuverl\u00e4ssigkeit<\/span><\/h2>\n              <\/div>\n           <\/div>\n                            \n<style>\n#text-box-2028502696 {\n  width: 90%;\n}\n#text-box-2028502696 .text-box-content {\n  font-size: 100%;\n}\n@media (min-width:550px) {\n  #text-box-2028502696 {\n    width: 62%;\n  }\n}\n<\/style>\n    <\/div>\n \n        <\/div>\n      <\/div>\n\n            \n<style>\n#banner-558772081 {\n  padding-top: 501px;\n}\n#banner-558772081 .banner-bg img {\n  object-position: 42% 24%;\n}\n<\/style>\n  <\/div>\n\n\n\t<div id=\"gap-1606820640\" class=\"gap-element clearfix\" style=\"display:block; height:auto;\">\n\t\t\n<style>\n#gap-1606820640 {\n  padding-top: 30px;\n}\n<\/style>\n\t<\/div>\n\t\n\t\t<\/div>\n\t\t\t\t\t<\/div>\n\n\t\n<\/div>\n\t\t<\/div>\n\n\t\t\n<style>\n#section_976321238 {\n  padding-top: 0px;\n  padding-bottom: 0px;\n}\n<\/style>\n\t<\/section>\n\t\n\n\t<section class=\"section\" id=\"section_1937020435\">\n\t\t<div class=\"section-bg fill\" >\n\t\t\t\t\t\t\t\t\t\n\t\t\t\n\n\t\t<\/div>\n\n\t\t\n\n\t\t<div class=\"section-content relative\">\n\t\t\t\n<div class=\"row\"  id=\"row-1868399586\">\n\n\t<div id=\"col-769270547\" class=\"col small-12 large-12\"  >\n\t\t\t\t<div class=\"col-inner\"  >\n\t\t\t\n\t\t\t\n\t<div id=\"gap-1892184598\" class=\"gap-element clearfix\" style=\"display:block; height:auto;\">\n\t\t\n<style>\n#gap-1892184598 {\n  padding-top: 50px;\n}\n<\/style>\n\t<\/div>\n\t\n<div class=\"row align-middle\"  id=\"row-880275729\">\n\n\t<div id=\"col-816191863\" class=\"col medium-4 small-12 large-4\"  >\n\t\t\t\t<div class=\"col-inner\"  >\n\t\t\t\n\t\t\t\n\t<div class=\"img has-hover x md-x lg-x y md-y lg-y\" id=\"image_729900810\">\n\t\t<a class=\"\" href=\"\/high-tenacity-yarns\/para-aramid-yarn\/\" >\t\t\t\t<div data-animate=\"fadeInRight\">\t\t<div class=\"img-inner dark\" >\n\t\t\t<img loading=\"lazy\" decoding=\"async\" width=\"2560\" height=\"715\" src=\"https:\/\/www.protexonline.com\/wp-content\/uploads\/2026\/03\/taparan-logo2026-scaled.png\" class=\"attachment-original size-original\" alt=\"\" srcset=\"https:\/\/www.protexonline.com\/wp-content\/uploads\/2026\/03\/taparan-logo2026-scaled.png 2560w, https:\/\/www.protexonline.com\/wp-content\/uploads\/2026\/03\/taparan-logo2026-300x84.png 300w, https:\/\/www.protexonline.com\/wp-content\/uploads\/2026\/03\/taparan-logo2026-1024x286.png 1024w, https:\/\/www.protexonline.com\/wp-content\/uploads\/2026\/03\/taparan-logo2026-768x215.png 768w, https:\/\/www.protexonline.com\/wp-content\/uploads\/2026\/03\/taparan-logo2026-1536x429.png 1536w, https:\/\/www.protexonline.com\/wp-content\/uploads\/2026\/03\/taparan-logo2026-2048x572.png 2048w\" sizes=\"auto, (max-width: 2560px) 100vw, 2560px\" \/>\t\t\t\t\t\t\n\t\t\t\t\t<\/div>\n\t\t<\/div>\t\t\t\t<\/a>\t\t\n<style>\n#image_729900810 {\n  width: 100%;\n}\n<\/style>\n\t<\/div>\n\t\n\t\t<\/div>\n\t\t\t\t\t<\/div>\n\n\t\n\n\t<div id=\"col-503459776\" class=\"col medium-8 small-12 large-8\"  >\n\t\t\t\t<div class=\"col-inner\"  >\n\t\t\t\n\t\t\t\n<h3 class=\"font-claude-response-body break-words whitespace-normal leading-&#091;1.7&#093;\"><strong>Taparan \u2013 Hochleistungs-Aramidprodukte<\/strong><\/h3>\n<p class=\"font-claude-response-body break-words whitespace-normal leading-&#091;1.7&#093;\">Mit Taparan bieten wir Ihnen Zugang zum f\u00fchrenden chinesischen Spezialisten YANTAI TAYHO f\u00fcr Aramidprodukte. Das umfangreiche Sortiment umfasst gezwirnte Aramidgarne, Stapelfasern, Kurzschnittfasern, Zellstoff und N\u00e4hf\u00e4den, entwickelt f\u00fcr anspruchsvollste industrielle Anwendungen. Alle Produkte erf\u00fcllen strenge Qualit\u00e4tsstandards und sind nach ISO 9001 und IATF 16949 zertifiziert. Ob f\u00fcr Schutztextilien, Automobilkomponenten oder technische Anwendungen \u2013 Taparan liefert herausragende Festigkeit, Hitzebest\u00e4ndigkeit und Langlebigkeit. Als Ihr autorisierter Vertriebspartner in Deutschland gew\u00e4hrleisten wir eine zuverl\u00e4ssige Versorgung, kompetente Beratung und schnelle Lieferung direkt an Ihre Produktionslinie.<\/p>\n<a href=\"\/high-tenacity-yarns\/para-aramid-yarn\/\" class=\"button primary reveal-icon\" >\n\t\t<span>Zu den Produkten<\/span>\n\t<i class=\"icon-angle-right\" aria-hidden=\"true\"><\/i><\/a>\n\n\t\t<\/div>\n\t\t\t\t\t<\/div>\n\n\t\n<\/div>\n\t\t<\/div>\n\t\t\t\t\t<\/div>\n\n\t\n<\/div>\n\t\t<\/div>\n\n\t\t\n<style>\n#section_1937020435 {\n  padding-top: 0px;\n  padding-bottom: 0px;\n}\n<\/style>\n\t<\/section>\n\t\n\n\t<section class=\"section\" id=\"section_1886102831\">\n\t\t<div class=\"section-bg fill\" >\n\t\t\t\t\t\t\t\t\t\n\t\t\t\n\n\t\t<\/div>\n\n\t\t\n\n\t\t<div class=\"section-content relative\">\n\t\t\t\n<div class=\"row\"  id=\"row-754758345\">\n\n\t<div id=\"col-663200070\" class=\"col small-12 large-12\"  >\n\t\t\t\t<div class=\"col-inner\"  >\n\t\t\t\n\t\t\t\n<div class=\"message-box relative dark\" style=\"padding-top:100px;padding-bottom:100px;\"><div class=\"message-box-bg-image bg-fill fill\" ><\/div><div class=\"message-box-bg-overlay bg-fill fill\" style=\"background-color:rgb(31, 52, 94);\"><\/div><div class=\"container relative\"><div class=\"inner last-reset\">\n<div class=\"row align-middle\"  id=\"row-625750229\">\n\n\t<div id=\"col-1065311863\" class=\"col medium-2 small-12 large-2\"  >\n\t\t\t\t<div class=\"col-inner\"  >\n\t\t\t\n\t\t\t\n\t\t<\/div>\n\t\t\t\t\t<\/div>\n\n\t\n\n\t<div id=\"col-298003856\" class=\"col medium-8 small-12 large-8\"  >\n\t\t\t\t<div class=\"col-inner\"  >\n\t\t\t\n\t\t\t\n<h2 class=\"uppercase\"><span style=\"color: #ffffff;\">KONTAKT AUFNEHMEN<\/span><\/h2>\n<p><span style=\"color: #ffffff;\">Sie k\u00f6nnen uns jederzeit kontaktieren, um mehr dar\u00fcber zu erfahren, wie wir Sie bei der Herstellung nachhaltiger und zugleich hochwertiger Produkte unterst\u00fctzen k\u00f6nnen.<\/span><\/p>\n\t<div id=\"gap-507766509\" class=\"gap-element clearfix\" style=\"display:block; height:auto;\">\n\t\t\n<style>\n#gap-507766509 {\n  padding-top: 10px;\n}\n<\/style>\n\t<\/div>\n\t\n\t<div id=\"gap-995395884\" class=\"gap-element clearfix\" style=\"display:block; height:auto;\">\n\t\t\n<style>\n#gap-995395884 {\n  padding-top: 15px;\n}\n<\/style>\n\t<\/div>\n\t\n\n<div class=\"wpcf7 no-js\" id=\"wpcf7-f2092-o1\" lang=\"en-US\" dir=\"ltr\" data-wpcf7-id=\"2092\">\n<div class=\"screen-reader-response\"><p role=\"status\" aria-live=\"polite\" aria-atomic=\"true\"><\/p> <ul><\/ul><\/div>\n<form action=\"\/de\/wp-json\/wp\/v2\/pages\/2999#wpcf7-f2092-o1\" method=\"post\" class=\"wpcf7-form init\" aria-label=\"Contact form\" novalidate=\"novalidate\" data-status=\"init\">\n<fieldset class=\"hidden-fields-container\"><input type=\"hidden\" name=\"_wpcf7\" value=\"2092\" \/><input type=\"hidden\" name=\"_wpcf7_version\" value=\"6.1.5\" \/><input type=\"hidden\" name=\"_wpcf7_locale\" value=\"en_US\" \/><input type=\"hidden\" name=\"_wpcf7_unit_tag\" value=\"wpcf7-f2092-o1\" \/><input type=\"hidden\" name=\"_wpcf7_container_post\" value=\"0\" \/><input type=\"hidden\" name=\"_wpcf7_posted_data_hash\" value=\"\" \/>\n<\/fieldset>\n<div class=\"flex-row form-flat medium-flex-wrap\">\n\t<div class=\"flex-col flex-grow\">\n\t\t<p><span class=\"wpcf7-form-control-wrap\" data-name=\"your-email\"><input size=\"40\" maxlength=\"400\" class=\"wpcf7-form-control wpcf7-email wpcf7-validates-as-required wpcf7-text wpcf7-validates-as-email\" aria-required=\"true\" aria-invalid=\"false\" placeholder=\"Your Email\" value=\"\" type=\"email\" name=\"your-email\" \/><\/span>\n\t\t<\/p>\n\t<\/div>\n\t<div class=\"flex-col ml-half\">\n\t\t<p><input class=\"wpcf7-form-control wpcf7-submit has-spinner button\" type=\"submit\" value=\"Send\" \/>\n\t\t<\/p>\n\t<\/div>\n<\/div><div class=\"wpcf7-response-output\" aria-hidden=\"true\"><\/div>\n<\/form>\n<\/div>\n\n\t\t<\/div>\n\t\t\t\t\t<\/div>\n\n\t\n\n\t<div id=\"col-2047703069\" class=\"col medium-2 small-12 large-2\"  >\n\t\t\t\t<div class=\"col-inner\"  >\n\t\t\t\n\t\t\t\n\t\t<\/div>\n\t\t\t\t\t<\/div>\n\n\t\n<\/div>\n<\/div><\/div><\/div>\n\t<div id=\"gap-1087220786\" class=\"gap-element clearfix\" style=\"display:block; height:auto;\">\n\t\t\n<style>\n#gap-1087220786 {\n  padding-top: 30px;\n}\n<\/style>\n\t<\/div>\n\t\n\t\t<\/div>\n\t\t\t\t\t<\/div>\n\n\t\n<\/div>\n\t\t<\/div>\n\n\t\t\n<style>\n#section_1886102831 {\n  padding-top: 0px;\n  padding-bottom: 0px;\n}\n<\/style>\n\t<\/section>\n\t\n\t<div id=\"gap-1987429941\" class=\"gap-element clearfix\" style=\"display:block; height:auto;\">\n\t\t\n<style>\n#gap-1987429941 {\n  padding-top: 50px;\n}\n<\/style>\n\t<\/div>\n\t\n","protected":false},"excerpt":{"rendered":"","protected":false},"author":1,"featured_media":0,"parent":0,"menu_order":0,"comment_status":"closed","ping_status":"closed","template":"page-blank.php","meta":{"_seopress_robots_primary_cat":"","_seopress_titles_title":"","_seopress_titles_desc":"","_seopress_robots_index":"","footnotes":""},"class_list":["post-2999","page","type-page","status-publish","hentry"],"_links":{"self":[{"href":"https:\/\/www.protexonline.com\/de\/wp-json\/wp\/v2\/pages\/2999","targetHints":{"allow":["GET"]}}],"collection":[{"href":"https:\/\/www.protexonline.com\/de\/wp-json\/wp\/v2\/pages"}],"about":[{"href":"https:\/\/www.protexonline.com\/de\/wp-json\/wp\/v2\/types\/page"}],"author":[{"embeddable":true,"href":"https:\/\/www.protexonline.com\/de\/wp-json\/wp\/v2\/users\/1"}],"replies":[{"embeddable":true,"href":"https:\/\/www.protexonline.com\/de\/wp-json\/wp\/v2\/comments?post=2999"}],"version-history":[{"count":3,"href":"https:\/\/www.protexonline.com\/de\/wp-json\/wp\/v2\/pages\/2999\/revisions"}],"predecessor-version":[{"id":3003,"href":"https:\/\/www.protexonline.com\/de\/wp-json\/wp\/v2\/pages\/2999\/revisions\/3003"}],"wp:attachment":[{"href":"https:\/\/www.protexonline.com\/de\/wp-json\/wp\/v2\/media?parent=2999"}],"curies":[{"name":"wp","href":"https:\/\/api.w.org\/{rel}","templated":true}]}}