{"id":3007,"date":"2026-04-14T22:33:10","date_gmt":"2026-04-14T20:33:10","guid":{"rendered":"http:\/\/www.protex-new.de\/?page_id=3007"},"modified":"2026-04-16T13:52:52","modified_gmt":"2026-04-16T11:52:52","slug":"recycelte-pet-chips","status":"publish","type":"page","link":"https:\/\/www.protexonline.com\/de\/recycelte-pet-chips\/","title":{"rendered":"Recycelte PET-Chips"},"content":{"rendered":"\n\t<section class=\"section\" id=\"section_253075292\">\n\t\t<div class=\"section-bg fill\" >\n\t\t\t\t\t\t\t\t\t\n\t\t\t\n\n\t\t<\/div>\n\n\t\t\n\n\t\t<div class=\"section-content relative\">\n\t\t\t\n<div class=\"row\"  id=\"row-1314722172\">\n\n\t<div id=\"col-314607299\" class=\"col small-12 large-12\"  >\n\t\t\t\t<div class=\"col-inner\"  >\n\t\t\t\n\t\t\t\n\n  <div class=\"banner has-hover\" id=\"banner-853423870\">\n          <div class=\"banner-inner fill\">\n        <div class=\"banner-bg fill\" >\n            <img loading=\"lazy\" decoding=\"async\" width=\"1920\" height=\"1071\" src=\"https:\/\/www.protexonline.com\/wp-content\/uploads\/2026\/03\/pet-chips_recycling.jpg\" class=\"bg attachment-original size-original\" alt=\"\" \/>                                    \n                    <\/div>\n\t\t\n        <div class=\"banner-layers container\">\n            <div class=\"fill banner-link\"><\/div>            \n   <div id=\"text-box-1824905335\" class=\"text-box banner-layer x5 md-x5 lg-x5 y95 md-y10 lg-y10 res-text\">\n                                <div class=\"text-box-content text box-shadow-1\">\n              \n              <div class=\"text-inner text-left\">\n                  \n<h2 class=\"uppercase\"><span style=\"color: #99cc00;\">RECYCELTE<\/span> PET-CHIPS<\/h2>\n<p><span style=\"font-size: 130%;\">Polyethylenterephthalat (PET) besitzt nahezu ideale thermische Eigenschaften und ist nahezu unbegrenzt recycelbar.<\/span><\/p>\n              <\/div>\n           <\/div>\n                            \n<style>\n#text-box-1824905335 .text-box-content {\n  background-color: rgba(255, 255, 255, 0.94);\n  font-size: 100%;\n}\n#text-box-1824905335 .text-inner {\n  padding: 30px 30px 30px 30px;\n}\n#text-box-1824905335 {\n  width: 90%;\n}\n@media (min-width:550px) {\n  #text-box-1824905335 {\n    width: 36%;\n  }\n}\n<\/style>\n    <\/div>\n \n        <\/div>\n      <\/div>\n\n            \n<style>\n#banner-853423870 {\n  padding-top: 637px;\n}\n#banner-853423870 .banner-bg img {\n  object-position: 62% 60%;\n}\n<\/style>\n  <\/div>\n\n\n\t<div id=\"gap-736881907\" class=\"gap-element clearfix\" style=\"display:block; height:auto;\">\n\t\t\n<style>\n#gap-736881907 {\n  padding-top: 30px;\n}\n<\/style>\n\t<\/div>\n\t\n\t\t<\/div>\n\t\t\t\t\t<\/div>\n\n\t\n<\/div>\n\t\t<\/div>\n\n\t\t\n<style>\n#section_253075292 {\n  padding-top: 0px;\n  padding-bottom: 0px;\n}\n<\/style>\n\t<\/section>\n\t\n\n\t<section class=\"section\" id=\"section_1964988729\">\n\t\t<div class=\"section-bg fill\" >\n\t\t\t\t\t\t\t\t\t\n\t\t\t\n\n\t\t<\/div>\n\n\t\t\n\n\t\t<div class=\"section-content relative\">\n\t\t\t\n<div class=\"row\"  id=\"row-1495789522\">\n\n\t<div id=\"col-1492829756\" class=\"col small-12 large-12\"  >\n\t\t\t\t<div class=\"col-inner\"  >\n\t\t\t\n\t\t\t\n<div class=\"container section-title-container\" ><h1 class=\"section-title section-title-center\"><b aria-hidden=\"true\"><\/b><span class=\"section-title-main\" >PET-Chips<\/span><b aria-hidden=\"true\"><\/b><\/h1><\/div>\n<div class=\"row\"  id=\"row-1487091631\">\n\n\t<div id=\"col-727459642\" class=\"col medium-2 small-12 large-2\"  >\n\t\t\t\t<div class=\"col-inner\"  >\n\t\t\t\n\t\t\t\n\t\t<\/div>\n\t\t\t\t\t<\/div>\n\n\t\n\n\t<div id=\"col-1916708265\" class=\"col medium-8 small-12 large-8\"  >\n\t\t\t\t<div class=\"col-inner\"  >\n\t\t\t\n\t\t\t\n<p>PET-Chips bilden die Grundlage f\u00fcr vielf\u00e4ltige technische Anwendungen. Das Material wurde urspr\u00fcnglich f\u00fcr die Garnherstellung entwickelt \u2013 findet dank seiner hohen Transparenz heute aber ebenso breiten Einsatz in der Verpackungsindustrie, etwa bei der Produktion von Folien und Umreifungsb\u00e4ndern.<\/p>\n\t\t<\/div>\n\t\t\t\t\t<\/div>\n\n\t\n\n\t<div id=\"col-2005670837\" class=\"col medium-2 small-12 large-2\"  >\n\t\t\t\t<div class=\"col-inner\"  >\n\t\t\t\n\t\t\t\n\t\t<\/div>\n\t\t\t\t\t<\/div>\n\n\t\n<\/div>\n<div class=\"row\"  id=\"row-1788416375\">\n\n\t<div id=\"col-498119782\" class=\"col medium-4 small-12 large-4\"  >\n\t\t\t\t<div class=\"col-inner text-center box-shadow-3-hover dark\" style=\"background-color:rgb(31, 52, 94);\" >\n\t\t\t\n\t\t\t\n\t<div class=\"img has-hover x md-x lg-x y md-y lg-y\" id=\"image_665005534\">\n\t\t\t\t\t\t\t\t<div class=\"img-inner image-cover dark\" style=\"padding-top:100%;\">\n\t\t\t<img decoding=\"async\" src=\"https:\/\/www.protexonline.com\/wp-content\/uploads\/2025\/10\/protex-high-tenacity-yarn5.svg\" class=\"attachment-original size-original\" alt=\"PET chips\" \/>\t\t\t\t\t\t\n\t\t\t\t\t<\/div>\n\t\t\t\t\t\t\t\t\n<style>\n#image_665005534 {\n  width: 60%;\n}\n<\/style>\n\t<\/div>\n\t\n<div class=\"row\"  id=\"row-41562147\">\n\n\t<div id=\"col-1455297105\" class=\"col small-12 large-12\"  >\n\t\t\t\t<div class=\"col-inner\"  >\n\t\t\t\n\t\t\t\n<h2 class=\"fusion-title-heading title-heading-left fusion-responsive-typography-calculated\" style=\"text-align: left;\"><span style=\"color: #99cc00;\">RECYCELTE <\/span>PET-CHIPS HALBMATT<\/h2>\n<h3 class=\"alt-font\" style=\"text-align: left;\">Recycelte Polyethylenterephthalat-Chips (HLRSD001)<\/h3>\n\t\t<\/div>\n\t\t\t\t\t<\/div>\n\n\t\n\n<style>\n#row-41562147 > .col > .col-inner {\n  padding: 0px 20px 0px 20px;\n}\n<\/style>\n<\/div>\n<div class=\"accordion\">\n\t<div id=\"accordion-1381747108\" class=\"accordion-item\">\n\t\t<a id=\"accordion-1381747108-label\" class=\"accordion-title plain\" href=\"#accordion-item-details-anzeigen\" aria-expanded=\"false\" aria-controls=\"accordion-1381747108-content\">\n\t\t\t<button class=\"toggle\" aria-label=\"Umschalten\"><i class=\"icon-angle-down\" aria-hidden=\"true\"><\/i><\/button>\n\t\t\t<span>DETAILS ANZEIGEN<\/span>\n\t\t<\/a>\n\t\t<div id=\"accordion-1381747108-content\" class=\"accordion-inner\" aria-labelledby=\"accordion-1381747108-label\">\n\t\t\t\n\t<div id=\"text-3396945936\" class=\"text\">\n\t\t\n<ul>\n<li class=\"bullet-checkmark\">IV: 0,73 \u00b1 0,02 dI\/g<\/li>\n<li class=\"bullet-checkmark\">Schmelzpunkt: 255 \u00b1 2\u00b0C<\/li>\n<li class=\"bullet-checkmark\">Farbe L: \u2265 55<\/li>\n<li class=\"bullet-checkmark\">Farbe B: \u2264 10<\/li>\n<li class=\"bullet-checkmark\">Feuchtigkeitsgehalt: \u2264 0,4%<\/li>\n<li class=\"bullet-checkmark\">TiO2-Gehalt 0,32 \u00b1 0,03%<\/li>\n<li class=\"bullet-checkmark\">Aschegehalt: \u2264 0,05%<\/li>\n<li class=\"bullet-checkmark\">Hundert-Korn-Gewicht: 2,6 \u00b1 0,2g<\/li>\n<\/ul>\n\t\t\n<style>\n#text-3396945936 {\n  text-align: left;\n}\n<\/style>\n\t<\/div>\n\t\n<p style=\"text-align: left;\"><span style=\"font-size: 100%;\"><strong>HAUPTANWENDUNGEN<\/strong><\/span><\/p>\n<p style=\"text-align: left;\">Garne, Fasern und Vliesstoffe, auch Sonderqualit\u00e4ten nach Ihren Anforderungen<\/p>\n\t\t<\/div>\n\t<\/div>\n\t\n<\/div>\n\t<div id=\"gap-88165300\" class=\"gap-element clearfix\" style=\"display:block; height:auto;\">\n\t\t\n<style>\n#gap-88165300 {\n  padding-top: 30px;\n}\n<\/style>\n\t<\/div>\n\t\n\t\t<\/div>\n\t\t\t\t\n<style>\n#col-498119782 > .col-inner {\n  max-width: 100%;\n}\n<\/style>\n\t<\/div>\n\n\t\n\n\t<div id=\"col-1787784270\" class=\"col medium-4 small-12 large-4\"  >\n\t\t\t\t<div class=\"col-inner text-center box-shadow-3-hover dark\" style=\"background-color:rgb(31, 52, 94);\" >\n\t\t\t\n\t\t\t\n\t<div class=\"img has-hover x md-x lg-x y md-y lg-y\" id=\"image_911975790\">\n\t\t\t\t\t\t\t\t<div class=\"img-inner image-cover dark\" style=\"padding-top:100%;\">\n\t\t\t<img decoding=\"async\" src=\"https:\/\/www.protexonline.com\/wp-content\/uploads\/2025\/10\/protex-high-tenacity-yarn5.svg\" class=\"attachment-original size-original\" alt=\"PET chips\" \/>\t\t\t\t\t\t\n\t\t\t\t\t<\/div>\n\t\t\t\t\t\t\t\t\n<style>\n#image_911975790 {\n  width: 60%;\n}\n<\/style>\n\t<\/div>\n\t\n<div class=\"row\"  id=\"row-144588042\">\n\n\t<div id=\"col-919042281\" class=\"col small-12 large-12\"  >\n\t\t\t\t<div class=\"col-inner\"  >\n\t\t\t\n\t\t\t\n<h2 class=\"fusion-title-heading title-heading-left fusion-responsive-typography-calculated\" style=\"text-align: left;\"><span style=\"color: #65cc02;\"><span style=\"color: #99cc00;\">RECYCELTE <\/span><\/span><span style=\"color: #65cc02;\"><span style=\"color: #ffffff;\">PET-CHIPS HELL<\/span><\/span><\/h2>\n<h3 class=\"alt-font\" style=\"text-align: left;\">Recycelte Polyethylenterephthalat-Chips (HLBRBR002)<\/h3>\n\t\t<\/div>\n\t\t\t\t\t<\/div>\n\n\t\n\n<style>\n#row-144588042 > .col > .col-inner {\n  padding: 0px 20px 0px 20px;\n}\n<\/style>\n<\/div>\n<div class=\"accordion\">\n\t<div id=\"accordion-2903750028\" class=\"accordion-item\">\n\t\t<a id=\"accordion-2903750028-label\" class=\"accordion-title plain\" href=\"#accordion-item-details-anzeigen\" aria-expanded=\"false\" aria-controls=\"accordion-2903750028-content\">\n\t\t\t<button class=\"toggle\" aria-label=\"Umschalten\"><i class=\"icon-angle-down\" aria-hidden=\"true\"><\/i><\/button>\n\t\t\t<span>DETAILS ANZEIGEN<\/span>\n\t\t<\/a>\n\t\t<div id=\"accordion-2903750028-content\" class=\"accordion-inner\" aria-labelledby=\"accordion-2903750028-label\">\n\t\t\t\n\t<div id=\"text-3805864087\" class=\"text\">\n\t\t\n<ul>\n<li class=\"bullet-checkmark\">IV: 0,73 \u00b1 0,02 dI\/g<\/li>\n<li class=\"bullet-checkmark\">Schmelzpunkt: 255 \u00b1 2\u00b0C<\/li>\n<li class=\"bullet-checkmark\">Farbe L: \u2265 55<\/li>\n<li class=\"bullet-checkmark\">Farbe B: \u2264 10<\/li>\n<li class=\"bullet-checkmark\">Feuchtigkeitsgehalt: \u2264 0,4%<\/li>\n<li class=\"bullet-checkmark\">TiO2-Gehalt 0%<\/li>\n<li class=\"bullet-checkmark\">Aschegehalt: \u2264 0,05%<\/li>\n<li class=\"bullet-checkmark\">Hundert-Korn-Gewicht: 2,6 \u00b1 0,2g<\/li>\n<\/ul>\n\t\t\n<style>\n#text-3805864087 {\n  text-align: left;\n}\n<\/style>\n\t<\/div>\n\t\n<p style=\"text-align: left;\"><span style=\"font-size: 100%;\"><strong>HAUPTANWENDUNGEN<\/strong><\/span><\/p>\n<p style=\"text-align: left;\">Garne, Fasern und Vliesstoffe, auch Sonderqualit\u00e4ten nach Ihren Anforderungen<\/p>\n\t\t<\/div>\n\t<\/div>\n\t\n<\/div>\n\t<div id=\"gap-1745045697\" class=\"gap-element clearfix\" style=\"display:block; height:auto;\">\n\t\t\n<style>\n#gap-1745045697 {\n  padding-top: 30px;\n}\n<\/style>\n\t<\/div>\n\t\n\t\t<\/div>\n\t\t\t\t\n<style>\n#col-1787784270 > .col-inner {\n  max-width: 100%;\n}\n<\/style>\n\t<\/div>\n\n\t\n\n\t<div id=\"col-710099511\" class=\"col medium-4 small-12 large-4\"  >\n\t\t\t\t<div class=\"col-inner text-center box-shadow-3-hover dark\" style=\"background-color:rgb(31, 52, 94);\" >\n\t\t\t\n\t\t\t\n\t<div class=\"img has-hover x md-x lg-x y md-y lg-y\" id=\"image_1191363868\">\n\t\t\t\t\t\t\t\t<div class=\"img-inner image-cover dark\" style=\"padding-top:100%;\">\n\t\t\t<img decoding=\"async\" src=\"https:\/\/www.protexonline.com\/wp-content\/uploads\/2025\/10\/protex-high-tenacity-yarn5.svg\" class=\"attachment-original size-original\" alt=\"PET chips\" \/>\t\t\t\t\t\t\n\t\t\t\t\t<\/div>\n\t\t\t\t\t\t\t\t\n<style>\n#image_1191363868 {\n  width: 60%;\n}\n<\/style>\n\t<\/div>\n\t\n<div class=\"row\"  id=\"row-571357067\">\n\n\t<div id=\"col-1191036237\" class=\"col small-12 large-12\"  >\n\t\t\t\t<div class=\"col-inner\"  >\n\t\t\t\n\t\t\t\n<h2 class=\"fusion-title-heading title-heading-left fusion-responsive-typography-calculated\" style=\"text-align: left;\"><span style=\"color: #65cc02;\"><span style=\"color: #99cc00;\">RECYCELTE <\/span><\/span><span style=\"color: #65cc02;\"><span style=\"color: #ffffff;\">PET-CHIPS HELL<\/span><\/span><\/h2>\n<h3 class=\"alt-font\" style=\"text-align: left;\">Recycelte Polyethylenterephthalat-Chips (HLBRBR003)<\/h3>\n\t\t<\/div>\n\t\t\t\t\t<\/div>\n\n\t\n\n<style>\n#row-571357067 > .col > .col-inner {\n  padding: 0px 20px 0px 20px;\n}\n<\/style>\n<\/div>\n<div class=\"accordion\">\n\t<div id=\"accordion-1987536026\" class=\"accordion-item\">\n\t\t<a id=\"accordion-1987536026-label\" class=\"accordion-title plain\" href=\"#accordion-item-details-anzeigen\" aria-expanded=\"false\" aria-controls=\"accordion-1987536026-content\">\n\t\t\t<button class=\"toggle\" aria-label=\"Umschalten\"><i class=\"icon-angle-down\" aria-hidden=\"true\"><\/i><\/button>\n\t\t\t<span>DETAILS ANZEIGEN<\/span>\n\t\t<\/a>\n\t\t<div id=\"accordion-1987536026-content\" class=\"accordion-inner\" aria-labelledby=\"accordion-1987536026-label\">\n\t\t\t\n\t<div id=\"text-489913124\" class=\"text\">\n\t\t\n<ul>\n<li class=\"bullet-checkmark\">IV: 0,8 \u00b1 0,02 dI\/g<\/li>\n<li class=\"bullet-checkmark\">Schmelzpunkt: 260 \u00b1 2\u00b0C<\/li>\n<li class=\"bullet-checkmark\">Farbe L: \u2265 55<\/li>\n<li class=\"bullet-checkmark\">Farbe B: \u2264 5<\/li>\n<li class=\"bullet-checkmark\">Feuchtigkeitsgehalt: \u2264 0,4%<\/li>\n<li class=\"bullet-checkmark\">TiO2-Gehalt 0%<\/li>\n<li class=\"bullet-checkmark\">Aschegehalt: \u2264 0,05%<\/li>\n<li class=\"bullet-checkmark\">Hundert-Korn-Gewicht: 2,6 \u00b1 0,2g<\/li>\n<\/ul>\n\t\t\n<style>\n#text-489913124 {\n  text-align: left;\n}\n<\/style>\n\t<\/div>\n\t\n<p style=\"text-align: left;\"><span style=\"font-size: 100%;\"><strong>HAUPTANWENDUNGEN<\/strong><\/span><\/p>\n<p style=\"text-align: left;\">Garne, Fasern und Vliesstoffe, auch Sonderqualit\u00e4ten nach Ihren Anforderungen<\/p>\n\t\t<\/div>\n\t<\/div>\n\t\n<\/div>\n\t<div id=\"gap-1048395610\" class=\"gap-element clearfix\" style=\"display:block; height:auto;\">\n\t\t\n<style>\n#gap-1048395610 {\n  padding-top: 30px;\n}\n<\/style>\n\t<\/div>\n\t\n\t\t<\/div>\n\t\t\t\t\n<style>\n#col-710099511 > .col-inner {\n  max-width: 100%;\n}\n<\/style>\n\t<\/div>\n\n\t\n<\/div>\n\t\t<\/div>\n\t\t\t\t\t<\/div>\n\n\t\n<\/div>\n\t\t<\/div>\n\n\t\t\n<style>\n#section_1964988729 {\n  padding-top: 0px;\n  padding-bottom: 0px;\n}\n<\/style>\n\t<\/section>\n\t\n\n\t<section class=\"section\" id=\"section_780079509\">\n\t\t<div class=\"section-bg fill\" >\n\t\t\t\t\t\t\t\t\t\n\t\t\t\n\n\t\t<\/div>\n\n\t\t\n\n\t\t<div class=\"section-content relative\">\n\t\t\t\n<div class=\"row\"  id=\"row-253090138\">\n\n\t<div id=\"col-65471997\" class=\"col small-12 large-12\"  >\n\t\t\t\t<div class=\"col-inner\"  >\n\t\t\t\n\t\t\t\n\n  <div class=\"banner has-hover\" id=\"banner-146900967\">\n          <div class=\"banner-inner fill\">\n        <div class=\"banner-bg fill\" >\n            <img loading=\"lazy\" decoding=\"async\" width=\"1920\" height=\"1281\" src=\"https:\/\/www.protexonline.com\/wp-content\/uploads\/2023\/03\/nature-and-recycling_hd1920.jpg\" class=\"bg attachment-original size-original\" alt=\"Nature and Recycling\" \/>                                    \n                    <\/div>\n\t\t\n        <div class=\"banner-layers container\">\n            <div class=\"fill banner-link\"><\/div>            \n   <div id=\"text-box-2135939090\" class=\"text-box banner-layer x95 md-x95 lg-x95 y15 md-y15 lg-y15 res-text\">\n                                <div class=\"text-box-content text dark\">\n              \n              <div class=\"text-inner text-center\">\n                  \n\t<div id=\"text-336344404\" class=\"text\">\n\t\t\n<h2 class=\"uppercase\" style=\"text-align: left;\"><span style=\"font-size: 130%;\"><b>Die Natur sagt: Danke<\/b><\/span><\/h2>\n\t\t\n<style>\n#text-336344404 {\n  text-align: right;\n}\n<\/style>\n\t<\/div>\n\t\n              <\/div>\n           <\/div>\n                            \n<style>\n#text-box-2135939090 {\n  width: 26%;\n}\n#text-box-2135939090 .text-box-content {\n  font-size: 100%;\n}\n<\/style>\n    <\/div>\n \n        <\/div>\n      <\/div>\n\n            \n<style>\n#banner-146900967 {\n  padding-top: 500px;\n}\n#banner-146900967 .banner-bg img {\n  object-position: 50% 56%;\n}\n<\/style>\n  <\/div>\n\n\n\t<div id=\"gap-51663868\" class=\"gap-element clearfix\" style=\"display:block; height:auto;\">\n\t\t\n<style>\n#gap-51663868 {\n  padding-top: 30px;\n}\n<\/style>\n\t<\/div>\n\t\n\t\t<\/div>\n\t\t\t\t\t<\/div>\n\n\t\n<\/div>\n\t\t<\/div>\n\n\t\t\n<style>\n#section_780079509 {\n  padding-top: 0px;\n  padding-bottom: 0px;\n}\n<\/style>\n\t<\/section>\n\t\n\n\t<section class=\"section\" id=\"section_1925633051\">\n\t\t<div class=\"section-bg fill\" >\n\t\t\t\t\t\t\t\t\t\n\t\t\t\n\n\t\t<\/div>\n\n\t\t\n\n\t\t<div class=\"section-content relative\">\n\t\t\t\n<div class=\"row\"  id=\"row-1737318354\">\n\n\t<div id=\"col-2094486873\" class=\"col small-12 large-12\"  >\n\t\t\t\t<div class=\"col-inner\"  >\n\t\t\t\n\t\t\t\n<div class=\"row\"  id=\"row-1184573655\">\n\n\t<div id=\"col-1504449177\" class=\"col medium-4 small-12 large-4\"  >\n\t\t\t\t<div class=\"col-inner text-center box-shadow-3-hover dark\" style=\"background-color:rgb(31, 52, 94);\" >\n\t\t\t\n\t<div class=\"is-border\"\n\t\tstyle=\"border-color:rgb(95, 139, 227);border-width:10px 10px 10px 10px;\">\n\t<\/div>\n\t\t\t\n\t<div class=\"img has-hover x md-x lg-x y md-y lg-y\" id=\"image_1207904032\">\n\t\t\t\t\t\t\t\t<div class=\"img-inner image-cover dark\" style=\"padding-top:100%;\">\n\t\t\t<img decoding=\"async\" src=\"https:\/\/www.protexonline.com\/wp-content\/uploads\/2025\/10\/protex-high-tenacity-yarn5.svg\" class=\"attachment-original size-original\" alt=\"PET chips\" \/>\t\t\t\t\t\t\n\t\t\t\t\t<\/div>\n\t\t\t\t\t\t\t\t\n<style>\n#image_1207904032 {\n  width: 60%;\n}\n<\/style>\n\t<\/div>\n\t\n<div class=\"row\"  id=\"row-672633736\">\n\n\t<div id=\"col-231546967\" class=\"col small-12 large-12\"  >\n\t\t\t\t<div class=\"col-inner\"  >\n\t\t\t\n\t\t\t\n<h2 class=\"fusion-title-heading title-heading-left fusion-responsive-typography-calculated\" style=\"text-align: left;\"><span style=\"color: #ffffff;\"><span style=\"caret-color: #ffffff;\"><span style=\"color: #99cc00;\">RECYCELTE <\/span><\/span><\/span><span style=\"color: #ffffff;\"><span style=\"caret-color: #ffffff;\">INDIVIDUELLE CHIPS<\/span><\/span><\/h2>\n<h3 class=\"alt-font\" style=\"text-align: left;\">Recycelte Chips in Industriequalit\u00e4t nach Ihren Spezifikationen<\/h3>\n\t\t<\/div>\n\t\t\t\t\t<\/div>\n\n\t\n\n<style>\n#row-672633736 > .col > .col-inner {\n  padding: 0px 20px 0px 20px;\n}\n<\/style>\n<\/div>\n<a data-animate=\"flipInY\" href=\"\/de\/forschung-und-entwicklung\" class=\"button white\" >\n\t\t<span>WEITERE INFORMATIONEN<\/span>\n\t<\/a>\n\n\t<div id=\"gap-707079660\" class=\"gap-element clearfix\" style=\"display:block; height:auto;\">\n\t\t\n<style>\n#gap-707079660 {\n  padding-top: 30px;\n}\n<\/style>\n\t<\/div>\n\t\n\t\t<\/div>\n\t\t\t\t\n<style>\n#col-1504449177 > .col-inner {\n  max-width: 100%;\n}\n<\/style>\n\t<\/div>\n\n\t\n<\/div>\n\t\t<\/div>\n\t\t\t\t\t<\/div>\n\n\t\n<\/div>\n\t\t<\/div>\n\n\t\t\n<style>\n#section_1925633051 {\n  padding-top: 0px;\n  padding-bottom: 0px;\n}\n<\/style>\n\t<\/section>\n\t\n\n\t<section class=\"section\" id=\"section_103492286\">\n\t\t<div class=\"section-bg fill\" >\n\t\t\t\t\t\t\t\t\t\n\t\t\t\n\n\t\t<\/div>\n\n\t\t\n\n\t\t<div class=\"section-content relative\">\n\t\t\t\n<div class=\"row\"  id=\"row-1346985376\">\n\n\t<div id=\"col-1618384335\" class=\"col small-12 large-12\"  >\n\t\t\t\t<div class=\"col-inner\"  >\n\t\t\t\n\t\t\t\n<div class=\"message-box relative dark\" style=\"padding-top:100px;padding-bottom:100px;\"><div class=\"message-box-bg-image bg-fill fill\" ><\/div><div class=\"message-box-bg-overlay bg-fill fill\" style=\"background-color:rgb(95, 139, 227);\"><\/div><div class=\"container relative\"><div class=\"inner last-reset\">\n<div class=\"row align-middle\"  id=\"row-1411356572\">\n\n\t<div id=\"col-434561950\" class=\"col medium-2 small-12 large-2\"  >\n\t\t\t\t<div class=\"col-inner\"  >\n\t\t\t\n\t\t\t\n\t\t<\/div>\n\t\t\t\t\t<\/div>\n\n\t\n\n\t<div id=\"col-1398769737\" class=\"col medium-8 small-12 large-8\"  >\n\t\t\t\t<div class=\"col-inner\"  >\n\t\t\t\n\t\t\t\n<h2 class=\"uppercase\"><span style=\"color: #ffffff;\">Fehlt ein Produkt? Wir haben die L\u00f6sung.<\/span><\/h2>\n<p><span style=\"color: #ffffff;\">Ben\u00f6tigen Sie PET-Chips, die hier nicht aufgef\u00fchrt sind? Kein Problem. Dank unserer eigenen Forschung und Entwicklung k\u00f6nnen wir auch sehr spezifische Anforderungen erf\u00fcllen!<\/span><\/p>\n\t<div id=\"gap-1856550336\" class=\"gap-element clearfix\" style=\"display:block; height:auto;\">\n\t\t\n<style>\n#gap-1856550336 {\n  padding-top: 10px;\n}\n<\/style>\n\t<\/div>\n\t\n\t<div id=\"gap-628769195\" class=\"gap-element clearfix\" style=\"display:block; height:auto;\">\n\t\t\n<style>\n#gap-628769195 {\n  padding-top: 15px;\n}\n<\/style>\n\t<\/div>\n\t\n\n<div class=\"wpcf7 no-js\" id=\"wpcf7-f2092-o1\" lang=\"en-US\" dir=\"ltr\" data-wpcf7-id=\"2092\">\n<div class=\"screen-reader-response\"><p role=\"status\" aria-live=\"polite\" aria-atomic=\"true\"><\/p> <ul><\/ul><\/div>\n<form action=\"\/de\/wp-json\/wp\/v2\/pages\/3007#wpcf7-f2092-o1\" method=\"post\" class=\"wpcf7-form init\" aria-label=\"Contact form\" novalidate=\"novalidate\" data-status=\"init\">\n<fieldset class=\"hidden-fields-container\"><input type=\"hidden\" name=\"_wpcf7\" value=\"2092\" \/><input type=\"hidden\" name=\"_wpcf7_version\" value=\"6.1.5\" \/><input type=\"hidden\" name=\"_wpcf7_locale\" value=\"en_US\" \/><input type=\"hidden\" name=\"_wpcf7_unit_tag\" value=\"wpcf7-f2092-o1\" \/><input type=\"hidden\" name=\"_wpcf7_container_post\" value=\"0\" \/><input type=\"hidden\" name=\"_wpcf7_posted_data_hash\" value=\"\" \/>\n<\/fieldset>\n<div class=\"flex-row form-flat medium-flex-wrap\">\n\t<div class=\"flex-col flex-grow\">\n\t\t<p><span class=\"wpcf7-form-control-wrap\" data-name=\"your-email\"><input size=\"40\" maxlength=\"400\" class=\"wpcf7-form-control wpcf7-email wpcf7-validates-as-required wpcf7-text wpcf7-validates-as-email\" aria-required=\"true\" aria-invalid=\"false\" placeholder=\"Your Email\" value=\"\" type=\"email\" name=\"your-email\" \/><\/span>\n\t\t<\/p>\n\t<\/div>\n\t<div class=\"flex-col ml-half\">\n\t\t<p><input class=\"wpcf7-form-control wpcf7-submit has-spinner button\" type=\"submit\" value=\"Send\" \/>\n\t\t<\/p>\n\t<\/div>\n<\/div><div class=\"wpcf7-response-output\" aria-hidden=\"true\"><\/div>\n<\/form>\n<\/div>\n\n\t\t<\/div>\n\t\t\t\t\t<\/div>\n\n\t\n\n\t<div id=\"col-325286559\" class=\"col medium-2 small-12 large-2\"  >\n\t\t\t\t<div class=\"col-inner\"  >\n\t\t\t\n\t\t\t\n\t\t<\/div>\n\t\t\t\t\t<\/div>\n\n\t\n<\/div>\n<\/div><\/div><\/div>\n\t<div id=\"gap-755708620\" class=\"gap-element clearfix\" style=\"display:block; height:auto;\">\n\t\t\n<style>\n#gap-755708620 {\n  padding-top: 30px;\n}\n<\/style>\n\t<\/div>\n\t\n\t\t<\/div>\n\t\t\t\t\t<\/div>\n\n\t\n<\/div>\n\t\t<\/div>\n\n\t\t\n<style>\n#section_103492286 {\n  padding-top: 0px;\n  padding-bottom: 0px;\n}\n<\/style>\n\t<\/section>\n\t\n\t<div id=\"gap-1420257951\" class=\"gap-element clearfix\" style=\"display:block; height:auto;\">\n\t\t\n<style>\n#gap-1420257951 {\n  padding-top: 50px;\n}\n<\/style>\n\t<\/div>\n\t\n","protected":false},"excerpt":{"rendered":"","protected":false},"author":1,"featured_media":0,"parent":0,"menu_order":0,"comment_status":"closed","ping_status":"closed","template":"page-blank.php","meta":{"_seopress_robots_primary_cat":"","_seopress_titles_title":"","_seopress_titles_desc":"","_seopress_robots_index":"","footnotes":""},"class_list":["post-3007","page","type-page","status-publish","hentry"],"_links":{"self":[{"href":"https:\/\/www.protexonline.com\/de\/wp-json\/wp\/v2\/pages\/3007","targetHints":{"allow":["GET"]}}],"collection":[{"href":"https:\/\/www.protexonline.com\/de\/wp-json\/wp\/v2\/pages"}],"about":[{"href":"https:\/\/www.protexonline.com\/de\/wp-json\/wp\/v2\/types\/page"}],"author":[{"embeddable":true,"href":"https:\/\/www.protexonline.com\/de\/wp-json\/wp\/v2\/users\/1"}],"replies":[{"embeddable":true,"href":"https:\/\/www.protexonline.com\/de\/wp-json\/wp\/v2\/comments?post=3007"}],"version-history":[{"count":10,"href":"https:\/\/www.protexonline.com\/de\/wp-json\/wp\/v2\/pages\/3007\/revisions"}],"predecessor-version":[{"id":3091,"href":"https:\/\/www.protexonline.com\/de\/wp-json\/wp\/v2\/pages\/3007\/revisions\/3091"}],"wp:attachment":[{"href":"https:\/\/www.protexonline.com\/de\/wp-json\/wp\/v2\/media?parent=3007"}],"curies":[{"name":"wp","href":"https:\/\/api.w.org\/{rel}","templated":true}]}}