{"id":3016,"date":"2026-04-14T23:51:57","date_gmt":"2026-04-14T21:51:57","guid":{"rendered":"http:\/\/www.protex-new.de\/?page_id=3016"},"modified":"2026-04-16T20:43:42","modified_gmt":"2026-04-16T18:43:42","slug":"forschung-und-entwicklung","status":"publish","type":"page","link":"https:\/\/www.protexonline.com\/de\/forschung-und-entwicklung\/","title":{"rendered":"Forschung &#038; Entwicklung"},"content":{"rendered":"\n\t<section class=\"section\" id=\"section_582378030\">\n\t\t<div class=\"section-bg fill\" >\n\t\t\t\t\t\t\t\t\t\n\t\t\t\n\n\t\t<\/div>\n\n\t\t\n\n\t\t<div class=\"section-content relative\">\n\t\t\t\n<div class=\"row\"  id=\"row-919525227\">\n\n\t<div id=\"col-20803941\" class=\"col small-12 large-12\"  >\n\t\t\t\t<div class=\"col-inner\"  >\n\t\t\t\n\t\t\t\n\n  <div class=\"banner has-hover\" id=\"banner-1799221749\">\n          <div class=\"banner-inner fill\">\n        <div class=\"banner-bg fill\" >\n            <img loading=\"lazy\" decoding=\"async\" width=\"1920\" height=\"1071\" src=\"https:\/\/www.protexonline.com\/wp-content\/uploads\/2026\/04\/research-and-development-by-protex_hd.webp\" class=\"bg attachment-original size-original\" alt=\"research-and-development-by-protex_hd\" \/>                                    \n                    <\/div>\n\t\t\n        <div class=\"banner-layers container\">\n            <div class=\"fill banner-link\"><\/div>            \n   <div id=\"text-box-8095390\" class=\"text-box banner-layer x5 md-x5 lg-x5 y95 md-y85 lg-y85 res-text\">\n                                <div class=\"text-box-content text box-shadow-1\">\n              \n              <div class=\"text-inner text-left\">\n                  \n<h2 class=\"uppercase\">FORSCHUNG &amp; ENTWICKLUNG<\/h2>\n<p><span style=\"font-size: 130%;\">Innovation in Mehrwert verwandeln<\/span><\/p>\n              <\/div>\n           <\/div>\n                            \n<style>\n#text-box-8095390 .text-box-content {\n  background-color: rgba(255, 255, 255, 0.94);\n  font-size: 100%;\n}\n#text-box-8095390 .text-inner {\n  padding: 30px 30px 30px 30px;\n}\n#text-box-8095390 {\n  width: 90%;\n}\n@media (min-width:550px) {\n  #text-box-8095390 {\n    width: 37%;\n  }\n}\n<\/style>\n    <\/div>\n \n        <\/div>\n      <\/div>\n\n            \n<style>\n#banner-1799221749 {\n  padding-top: 650px;\n}\n#banner-1799221749 .banner-bg img {\n  object-position: 44% 70%;\n}\n<\/style>\n  <\/div>\n\n\n\t\t<\/div>\n\t\t\t\t\t<\/div>\n\n\t\n<\/div>\n\t\t<\/div>\n\n\t\t\n<style>\n#section_582378030 {\n  padding-top: 0px;\n  padding-bottom: 0px;\n}\n<\/style>\n\t<\/section>\n\t\n\n\t<section class=\"section\" id=\"section_1826925716\">\n\t\t<div class=\"section-bg fill\" >\n\t\t\t\t\t\t\t\t\t\n\t\t\t\n\n\t\t<\/div>\n\n\t\t\n\n\t\t<div class=\"section-content relative\">\n\t\t\t\n<div class=\"row\"  id=\"row-1780783538\">\n\n\t<div id=\"col-1847154392\" class=\"col small-12 large-12\"  >\n\t\t\t\t<div class=\"col-inner\"  >\n\t\t\t\n\t\t\t\n\t<div id=\"gap-1472672119\" class=\"gap-element clearfix\" style=\"display:block; height:auto;\">\n\t\t\n<style>\n#gap-1472672119 {\n  padding-top: 50px;\n}\n<\/style>\n\t<\/div>\n\t\n<div class=\"container section-title-container\" ><h2 class=\"section-title section-title-center\"><b aria-hidden=\"true\"><\/b><span class=\"section-title-main\" >Innovation, die f\u00fcr Ihr Unternehmen arbeitet<\/span><b aria-hidden=\"true\"><\/b><\/h2><\/div>\n<div class=\"row\"  id=\"row-602026213\">\n\n\t<div id=\"col-894475577\" class=\"col medium-2 small-12 large-2\"  >\n\t\t\t\t<div class=\"col-inner\"  >\n\t\t\t\n\t\t\t\n\t\t<\/div>\n\t\t\t\t\t<\/div>\n\n\t\n\n\t<div id=\"col-1155221930\" class=\"col medium-8 small-12 large-8\"  >\n\t\t\t\t<div class=\"col-inner\"  >\n\t\t\t\n\t\t\t\n<p>In technischen Textilien sind Leistung, Zuverl\u00e4ssigkeit und Differenzierung entscheidende Erfolgsfaktoren. Unsere gezielte Forschungs- und Entwicklungsarbeit stellt sicher, dass Sie stets Zugang zu fortschrittlichen Materialien und bew\u00e4hrten L\u00f6sungen haben, die Ihren Produkten einen Wettbewerbsvorteil verschaffen.<\/p>\n<p>Durch die Kombination von internem Know-how mit gezielten Forschungsprojekten in spezialisierten Laboren \u00fcbersetzen wir Innovation in praxistaugliche, marktreife L\u00f6sungen. F\u00fcr Sie bedeutet das: k\u00fcrzere Entwicklungszeiten.<\/p>\n<h2>Von der Forschung zum Marktvorteil<\/h2>\n<p>Unser internes F&amp;E-Team analysiert kontinuierlich neue Materialien, Technologien und Verarbeitungsverfahren. Vielversprechende Konzepte werden getestet, validiert und zu zuverl\u00e4ssigen Garnen und Geweben weiterentwickelt.<\/p>\n<p>Dieser proaktive Ansatz erm\u00f6glicht es uns, unseren Kunden fr\u00fchzeitig Zugang zu innovativen Materialien und optimierten Produktl\u00f6sungen zu bieten \u2013 damit Sie der Konkurrenz einen Schritt voraus bleiben und schnell auf sich ver\u00e4ndernde Marktanforderungen reagieren k\u00f6nnen.<\/p>\n\t\t<\/div>\n\t\t\t\t\t<\/div>\n\n\t\n\n\t<div id=\"col-2070918572\" class=\"col medium-2 small-12 large-2\"  >\n\t\t\t\t<div class=\"col-inner\"  >\n\t\t\t\n\t\t\t\n\t\t<\/div>\n\t\t\t\t\t<\/div>\n\n\t\n<\/div>\n\t\t<\/div>\n\t\t\t\t\t<\/div>\n\n\t\n<\/div>\n\t\t<\/div>\n\n\t\t\n<style>\n#section_1826925716 {\n  padding-top: 0px;\n  padding-bottom: 0px;\n}\n<\/style>\n\t<\/section>\n\t\n\n\t<section class=\"section\" id=\"section_21860728\">\n\t\t<div class=\"section-bg fill\" >\n\t\t\t\t\t\t\t\t\t\n\t\t\t\n\n\t\t<\/div>\n\n\t\t\n\n\t\t<div class=\"section-content relative\">\n\t\t\t\n<div class=\"row\"  id=\"row-1004497768\">\n\n\t<div id=\"col-782373210\" class=\"col small-12 large-12\"  >\n\t\t\t\t<div class=\"col-inner\"  >\n\t\t\t\n\t\t\t\n\t<div id=\"gap-2135357644\" class=\"gap-element clearfix\" style=\"display:block; height:auto;\">\n\t\t\n<style>\n#gap-2135357644 {\n  padding-top: 30px;\n}\n<\/style>\n\t<\/div>\n\t\n\t<div id=\"gap-299674891\" class=\"gap-element clearfix\" style=\"display:block; height:auto;\">\n\t\t\n<style>\n#gap-299674891 {\n  padding-top: 50px;\n}\n<\/style>\n\t<\/div>\n\t\n<div class=\"container section-title-container\" ><h1 class=\"section-title section-title-center\"><b aria-hidden=\"true\"><\/b><span class=\"section-title-main\" >Bew\u00e4hrte Expertise durch spezialisierte Partnerschaften<\/span><b aria-hidden=\"true\"><\/b><\/h1><\/div>\n<div class=\"row\"  id=\"row-742588979\">\n\n\t<div id=\"col-1335489280\" class=\"col medium-4 small-12 large-4\"  >\n\t\t\t\t<div class=\"col-inner\"  >\n\t\t\t\n\t\t\t\n\t<div class=\"img has-hover x md-x lg-x y md-y lg-y\" id=\"image_446227628\">\n\t\t<a class=\"\" href=\"https:\/\/germany.controlunion.com\/certification-program\/grs-global-recycled-standard\/\" target=\"_blank\" rel=\"noopener\" >\t\t\t\t\t\t<div class=\"img-inner dark\" >\n\t\t\t<img loading=\"lazy\" decoding=\"async\" width=\"1920\" height=\"1076\" src=\"https:\/\/www.protexonline.com\/wp-content\/uploads\/2025\/10\/research-and-development-by-protex.jpg\" class=\"attachment-original size-original\" alt=\"Research &amp; Development by PROTEX\" srcset=\"https:\/\/www.protexonline.com\/wp-content\/uploads\/2025\/10\/research-and-development-by-protex.jpg 1920w, https:\/\/www.protexonline.com\/wp-content\/uploads\/2025\/10\/research-and-development-by-protex-300x168.jpg 300w, https:\/\/www.protexonline.com\/wp-content\/uploads\/2025\/10\/research-and-development-by-protex-1024x574.jpg 1024w, https:\/\/www.protexonline.com\/wp-content\/uploads\/2025\/10\/research-and-development-by-protex-768x430.jpg 768w, https:\/\/www.protexonline.com\/wp-content\/uploads\/2025\/10\/research-and-development-by-protex-1536x861.jpg 1536w\" sizes=\"auto, (max-width: 1920px) 100vw, 1920px\" \/>\t\t\t\t\t\t\n\t\t\t\t\t<\/div>\n\t\t\t\t\t\t<\/a>\t\t\n<style>\n#image_446227628 {\n  width: 100%;\n}\n<\/style>\n\t<\/div>\n\t\n\t\t<\/div>\n\t\t\t\t\t<\/div>\n\n\t\n\n\t<div id=\"col-438062499\" class=\"col medium-8 small-12 large-8\"  >\n\t\t\t\t<div class=\"col-inner\"  >\n\t\t\t\n\t\t\t\n<p>Zur Erg\u00e4nzung unserer internen Kapazit\u00e4ten arbeiten wir eng mit unabh\u00e4ngigen, spezialisierten Forschungslaboren zusammen. Diese Kooperationen erm\u00f6glichen fortschrittliche Pr\u00fcfungen, zertifizierungsrelevante Analysen und eine tiefergehende Materialentwicklung.<\/p>\n<p><strong>F\u00fcr unsere Kunden bedeutet das Sicherheit: Alle L\u00f6sungen basieren auf fundierten Daten, verifizierten Leistungswerten und realer Anwendbarkeit.<\/strong><\/p>\n\t\t<\/div>\n\t\t\t\t\t<\/div>\n\n\t\n<\/div>\n\t<div id=\"gap-1936190158\" class=\"gap-element clearfix\" style=\"display:block; height:auto;\">\n\t\t\n<style>\n#gap-1936190158 {\n  padding-top: 30px;\n}\n<\/style>\n\t<\/div>\n\t\n\t\t<\/div>\n\t\t\t\t\t<\/div>\n\n\t\n<\/div>\n\t\t<\/div>\n\n\t\t\n<style>\n#section_21860728 {\n  padding-top: 0px;\n  padding-bottom: 0px;\n  background-color: rgb(245, 245, 245);\n}\n<\/style>\n\t<\/section>\n\t\n\n\t<section class=\"section\" id=\"section_395012279\">\n\t\t<div class=\"section-bg fill\" >\n\t\t\t\t\t\t\t\t\t\n\t\t\t\n\n\t\t<\/div>\n\n\t\t\n\n\t\t<div class=\"section-content relative\">\n\t\t\t\n<div class=\"row\"  id=\"row-1762215026\">\n\n\t<div id=\"col-676188534\" class=\"col small-12 large-12\"  >\n\t\t\t\t<div class=\"col-inner\"  >\n\t\t\t\n\t\t\t\n\t<div id=\"gap-1719199090\" class=\"gap-element clearfix\" style=\"display:block; height:auto;\">\n\t\t\n<style>\n#gap-1719199090 {\n  padding-top: 75px;\n}\n<\/style>\n\t<\/div>\n\t\n<div class=\"row\"  id=\"row-753493566\">\n\n\t<div id=\"col-646073754\" class=\"col medium-2 small-12 large-2\"  >\n\t\t\t\t<div class=\"col-inner\"  >\n\t\t\t\n\t\t\t\n\t\t<\/div>\n\t\t\t\t\t<\/div>\n\n\t\n\n\t<div id=\"col-1303871125\" class=\"col medium-8 small-12 large-8\"  >\n\t\t\t\t<div class=\"col-inner\"  >\n\t\t\t\n\t\t\t\n<h2><span style=\"background-color: #1f345e; color: #ffffff;\">\u00a0Klare Vorteile f\u00fcr Ihr Unternehmen\u00a0<\/span><\/h2>\n<p>Unsere Forschungs- und Entwicklungsaktivit\u00e4ten sind darauf ausgerichtet, unseren Kunden messbaren Mehrwert zu liefern.<\/p>\n<ul>\n<li class=\"bullet-checkmark\"><strong>Schnellerer Zugang zu innovativen Materialien und Technologien<\/strong><\/li>\n<li class=\"bullet-checkmark\"><strong>Reduzierter Entwicklungs- und Qualifizierungsaufwand<\/strong><\/li>\n<li class=\"bullet-checkmark\"><strong>Hohes Ma\u00df an Prozesssicherheit und Reproduzierbarkeit<\/strong><\/li>\n<li class=\"bullet-checkmark\"><strong>Technisch dokumentierte Textilspezifikationen f\u00fcr sichere Entscheidungsfindung<\/strong><\/li>\n<\/ul>\n<h2>\u00a0<\/h2>\n<h2>Ma\u00dfgeschneiderte Garne und technische Textilien<\/h2>\n<p>Standardl\u00f6sungen reichen nicht immer aus. Viele Anwendungen erfordern Materialien, die pr\u00e4zise auf spezifische technische, regulatorische oder wirtschaftliche Anforderungen abgestimmt sind.<\/p>\n<p>Unser F&amp;E-Team arbeitet eng mit Ihnen zusammen, um Ihre Anwendung, Leistungsziele und Rahmenbedingungen zu verstehen. Darauf aufbauend entwickeln wir ma\u00dfgeschneiderte Garne und Gewebe, die sich nahtlos in Ihre Prozesse integrieren und die Leistung Ihrer Endprodukte verbessern.<\/p>\n\t\t<\/div>\n\t\t\t\t\t<\/div>\n\n\t\n\n\t<div id=\"col-1962675154\" class=\"col medium-2 small-12 large-2\"  >\n\t\t\t\t<div class=\"col-inner\"  >\n\t\t\t\n\t\t\t\n\t\t<\/div>\n\t\t\t\t\t<\/div>\n\n\t\n<\/div>\n\t\t<\/div>\n\t\t\t\t\t<\/div>\n\n\t\n<\/div>\n\t\t<\/div>\n\n\t\t\n<style>\n#section_395012279 {\n  padding-top: 0px;\n  padding-bottom: 0px;\n}\n<\/style>\n\t<\/section>\n\t\n\n\t<section class=\"section\" id=\"section_166804794\">\n\t\t<div class=\"section-bg fill\" >\n\t\t\t\t\t\t\t\t\t\n\t\t\t\n\n\t\t<\/div>\n\n\t\t\n\n\t\t<div class=\"section-content relative\">\n\t\t\t\n<div class=\"row\"  id=\"row-305062075\">\n\n\t<div id=\"col-2091638193\" class=\"col small-12 large-12\"  >\n\t\t\t\t<div class=\"col-inner\"  >\n\t\t\t\n\t\t\t\n\n  <div class=\"banner has-hover\" id=\"banner-1811797723\">\n          <div class=\"banner-inner fill\">\n        <div class=\"banner-bg fill\" >\n            <img loading=\"lazy\" decoding=\"async\" width=\"1920\" height=\"1080\" src=\"https:\/\/www.protexonline.com\/wp-content\/uploads\/2026\/01\/textile_research.webp\" class=\"bg attachment-original size-original\" alt=\"\" \/>                                    \n                    <\/div>\n\t\t\n        <div class=\"banner-layers container\">\n            <div class=\"fill banner-link\"><\/div>            \n   <div id=\"text-box-155017312\" class=\"text-box banner-layer x95 md-x95 lg-x95 y95 md-y90 lg-y90 res-text\">\n                                <div class=\"text-box-content text \">\n              \n              <div class=\"text-inner text-left\">\n                  \n<h2 class=\"uppercase\" style=\"text-align: left;\"><span style=\"font-size: 130%; color: #ffffff;\">LEIDENSCHAFT F\u00dcR JEDES DETAIL Ihrer Textilien<\/span><\/h2>\n              <\/div>\n           <\/div>\n                            \n<style>\n#text-box-155017312 {\n  width: 90%;\n}\n#text-box-155017312 .text-box-content {\n  font-size: 100%;\n}\n@media (min-width:550px) {\n  #text-box-155017312 {\n    width: 65%;\n  }\n}\n<\/style>\n    <\/div>\n \n        <\/div>\n      <\/div>\n\n            \n<style>\n#banner-1811797723 {\n  padding-top: 501px;\n}\n#banner-1811797723 .banner-bg img {\n  object-position: 26% 77%;\n}\n<\/style>\n  <\/div>\n\n\n\t<div id=\"gap-439448445\" class=\"gap-element clearfix\" style=\"display:block; height:auto;\">\n\t\t\n<style>\n#gap-439448445 {\n  padding-top: 30px;\n}\n<\/style>\n\t<\/div>\n\t\n\t\t<\/div>\n\t\t\t\t\t<\/div>\n\n\t\n<\/div>\n\t\t<\/div>\n\n\t\t\n<style>\n#section_166804794 {\n  padding-top: 0px;\n  padding-bottom: 0px;\n}\n<\/style>\n\t<\/section>\n\t\n\t<div id=\"gap-1130038120\" class=\"gap-element clearfix\" style=\"display:block; height:auto;\">\n\t\t\n<style>\n#gap-1130038120 {\n  padding-top: 30px;\n}\n<\/style>\n\t<\/div>\n\t\n\n\t<section class=\"section\" id=\"section_11034672\">\n\t\t<div class=\"section-bg fill\" >\n\t\t\t\t\t\t\t\t\t\n\t\t\t\n\n\t\t<\/div>\n\n\t\t\n\n\t\t<div class=\"section-content relative\">\n\t\t\t\n<div class=\"row\"  id=\"row-24453838\">\n\n\t<div id=\"col-1605055468\" class=\"col small-12 large-12\"  >\n\t\t\t\t<div class=\"col-inner\"  >\n\t\t\t\n\t\t\t\n<div class=\"row\"  id=\"row-2019026670\">\n\n\t<div id=\"col-1282613277\" class=\"col medium-2 small-12 large-2\"  >\n\t\t\t\t<div class=\"col-inner\"  >\n\t\t\t\n\t\t\t\n\t\t<\/div>\n\t\t\t\t\t<\/div>\n\n\t\n\n\t<div id=\"col-1831057852\" class=\"col medium-8 small-12 large-8\"  >\n\t\t\t\t<div class=\"col-inner\"  >\n\t\t\t\n\t\t\t\n<h2>Verl\u00e4sslichkeit, auf die Sie bauen k\u00f6nnen<\/h2>\n<p>Jeder Entwicklungsschritt ist auf Konsistenz und Qualit\u00e4t ausgerichtet. Materialien werden gr\u00fcndlich getestet und validiert.<\/p>\n<p>Dies gew\u00e4hrleistet stabile Produktleistung, zuverl\u00e4ssige Versorgung und reduziertes Risiko in der Serienproduktion \u2013 damit Sie mit Zuversicht planen und sich auf Ihr Kerngesch\u00e4ft konzentrieren k\u00f6nnen.<\/p>\n<p>\u00a0<\/p>\n<h2>Entwicklungspartner, nicht nur Lieferant<\/h2>\n<p>Wir verstehen Forschung und Entwicklung als kollaborativen Prozess. Ihre Anforderungen, Herausforderungen und Marktziele stehen im Mittelpunkt unserer Arbeit.<\/p>\n<p>Indem wir unsere F&amp;E-Expertise fr\u00fchzeitig in Ihre Projekte einbringen, profitieren Sie von besseren L\u00f6sungen, optimierten Kosten und einem reibungsloseren Weg vom Konzept zur Produktion.<\/p>\n<p><strong>Unsere F&amp;E verwandelt Innovation in Ihren Wettbewerbsvorteil \u2013 heute und in Zukunft.<\/strong><\/p>\n\t\t<\/div>\n\t\t\t\t\t<\/div>\n\n\t\n\n\t<div id=\"col-1081939661\" class=\"col medium-2 small-12 large-2\"  >\n\t\t\t\t<div class=\"col-inner\"  >\n\t\t\t\n\t\t\t\n\t\t<\/div>\n\t\t\t\t\t<\/div>\n\n\t\n<\/div>\n\t\t<\/div>\n\t\t\t\t\t<\/div>\n\n\t\n<\/div>\n\t\t<\/div>\n\n\t\t\n<style>\n#section_11034672 {\n  padding-top: 0px;\n  padding-bottom: 0px;\n}\n<\/style>\n\t<\/section>\n\t\n\n\t<section class=\"section\" id=\"section_1521092769\">\n\t\t<div class=\"section-bg fill\" >\n\t\t\t\t\t\t\t\t\t\n\t\t\t\n\n\t\t<\/div>\n\n\t\t\n\n\t\t<div class=\"section-content relative\">\n\t\t\t\n<div class=\"row\"  id=\"row-318461642\">\n\n\t<div id=\"col-1844933393\" class=\"col small-12 large-12\"  >\n\t\t\t\t<div class=\"col-inner\"  >\n\t\t\t\n\t\t\t\n<div class=\"message-box relative dark\" style=\"padding-top:100px;padding-bottom:100px;\"><div class=\"message-box-bg-image bg-fill fill\" ><\/div><div class=\"message-box-bg-overlay bg-fill fill\" style=\"background-color:rgb(31, 52, 94);\"><\/div><div class=\"container relative\"><div class=\"inner last-reset\">\n<div class=\"row align-middle\"  id=\"row-1306250903\">\n\n\t<div id=\"col-1148530424\" class=\"col medium-2 small-12 large-2\"  >\n\t\t\t\t<div class=\"col-inner\"  >\n\t\t\t\n\t\t\t\n\t\t<\/div>\n\t\t\t\t\t<\/div>\n\n\t\n\n\t<div id=\"col-1664291432\" class=\"col medium-8 small-12 large-8\"  >\n\t\t\t\t<div class=\"col-inner\"  >\n\t\t\t\n\t\t\t\n<h2 class=\"uppercase\">KONTAKTIEREN SIE UNS<\/h2>\n<p>Melden Sie sich jederzeit gerne. Sprechen wir doch mal \u00fcber die M\u00f6glichkeiten, unsere Expertise bei textilen Materialien in Ihr Know-How und Ihre Ideen flie\u00dfen zu lassen.<\/p>\n\t<div id=\"gap-864151562\" class=\"gap-element clearfix\" style=\"display:block; height:auto;\">\n\t\t\n<style>\n#gap-864151562 {\n  padding-top: 10px;\n}\n<\/style>\n\t<\/div>\n\t\n\t<div id=\"gap-1630517312\" class=\"gap-element clearfix\" style=\"display:block; height:auto;\">\n\t\t\n<style>\n#gap-1630517312 {\n  padding-top: 15px;\n}\n<\/style>\n\t<\/div>\n\t\n\n<div class=\"wpcf7 no-js\" id=\"wpcf7-f2092-o1\" lang=\"en-US\" dir=\"ltr\" data-wpcf7-id=\"2092\">\n<div class=\"screen-reader-response\"><p role=\"status\" aria-live=\"polite\" aria-atomic=\"true\"><\/p> <ul><\/ul><\/div>\n<form action=\"\/de\/wp-json\/wp\/v2\/pages\/3016#wpcf7-f2092-o1\" method=\"post\" class=\"wpcf7-form init\" aria-label=\"Contact form\" novalidate=\"novalidate\" data-status=\"init\">\n<fieldset class=\"hidden-fields-container\"><input type=\"hidden\" name=\"_wpcf7\" value=\"2092\" \/><input type=\"hidden\" name=\"_wpcf7_version\" value=\"6.1.5\" \/><input type=\"hidden\" name=\"_wpcf7_locale\" value=\"en_US\" \/><input type=\"hidden\" name=\"_wpcf7_unit_tag\" value=\"wpcf7-f2092-o1\" \/><input type=\"hidden\" name=\"_wpcf7_container_post\" value=\"0\" \/><input type=\"hidden\" name=\"_wpcf7_posted_data_hash\" value=\"\" \/>\n<\/fieldset>\n<div class=\"flex-row form-flat medium-flex-wrap\">\n\t<div class=\"flex-col flex-grow\">\n\t\t<p><span class=\"wpcf7-form-control-wrap\" data-name=\"your-email\"><input size=\"40\" maxlength=\"400\" class=\"wpcf7-form-control wpcf7-email wpcf7-validates-as-required wpcf7-text wpcf7-validates-as-email\" aria-required=\"true\" aria-invalid=\"false\" placeholder=\"Your Email\" value=\"\" type=\"email\" name=\"your-email\" \/><\/span>\n\t\t<\/p>\n\t<\/div>\n\t<div class=\"flex-col ml-half\">\n\t\t<p><input class=\"wpcf7-form-control wpcf7-submit has-spinner button\" type=\"submit\" value=\"Send\" \/>\n\t\t<\/p>\n\t<\/div>\n<\/div><div class=\"wpcf7-response-output\" aria-hidden=\"true\"><\/div>\n<\/form>\n<\/div>\n\n\t\t<\/div>\n\t\t\t\t\t<\/div>\n\n\t\n\n\t<div id=\"col-980973514\" class=\"col medium-2 small-12 large-2\"  >\n\t\t\t\t<div class=\"col-inner\"  >\n\t\t\t\n\t\t\t\n\t\t<\/div>\n\t\t\t\t\t<\/div>\n\n\t\n<\/div>\n<\/div><\/div><\/div>\n\t<div id=\"gap-627819748\" class=\"gap-element clearfix\" style=\"display:block; height:auto;\">\n\t\t\n<style>\n#gap-627819748 {\n  padding-top: 30px;\n}\n<\/style>\n\t<\/div>\n\t\n\t\t<\/div>\n\t\t\t\t\t<\/div>\n\n\t\n<\/div>\n\t\t<\/div>\n\n\t\t\n<style>\n#section_1521092769 {\n  padding-top: 0px;\n  padding-bottom: 0px;\n}\n<\/style>\n\t<\/section>\n\t\n\t<div id=\"gap-1322518742\" class=\"gap-element clearfix\" style=\"display:block; height:auto;\">\n\t\t\n<style>\n#gap-1322518742 {\n  padding-top: 50px;\n}\n<\/style>\n\t<\/div>\n\t\n","protected":false},"excerpt":{"rendered":"","protected":false},"author":1,"featured_media":0,"parent":0,"menu_order":0,"comment_status":"closed","ping_status":"open","template":"page-blank.php","meta":{"_seopress_robots_primary_cat":"","_seopress_titles_title":"","_seopress_titles_desc":"","_seopress_robots_index":"","footnotes":""},"class_list":["post-3016","page","type-page","status-publish","hentry"],"_links":{"self":[{"href":"https:\/\/www.protexonline.com\/de\/wp-json\/wp\/v2\/pages\/3016","targetHints":{"allow":["GET"]}}],"collection":[{"href":"https:\/\/www.protexonline.com\/de\/wp-json\/wp\/v2\/pages"}],"about":[{"href":"https:\/\/www.protexonline.com\/de\/wp-json\/wp\/v2\/types\/page"}],"author":[{"embeddable":true,"href":"https:\/\/www.protexonline.com\/de\/wp-json\/wp\/v2\/users\/1"}],"replies":[{"embeddable":true,"href":"https:\/\/www.protexonline.com\/de\/wp-json\/wp\/v2\/comments?post=3016"}],"version-history":[{"count":3,"href":"https:\/\/www.protexonline.com\/de\/wp-json\/wp\/v2\/pages\/3016\/revisions"}],"predecessor-version":[{"id":3098,"href":"https:\/\/www.protexonline.com\/de\/wp-json\/wp\/v2\/pages\/3016\/revisions\/3098"}],"wp:attachment":[{"href":"https:\/\/www.protexonline.com\/de\/wp-json\/wp\/v2\/media?parent=3016"}],"curies":[{"name":"wp","href":"https:\/\/api.w.org\/{rel}","templated":true}]}}